{"id":238930,"date":"2021-03-18T11:03:30","date_gmt":"2021-03-18T14:03:30","guid":{"rendered":"https:\/\/faculdadeunibras.com.br\/brasilia\/?page_id=238930"},"modified":"2022-01-31T17:24:01","modified_gmt":"2022-01-31T20:24:01","slug":"bio","status":"publish","type":"page","link":"https:\/\/faculdadeunibras.com.br\/brasilia\/bio\/","title":{"rendered":"Bio"},"content":{"rendered":"<p>[et_pb_section fb_built=&#8221;1&#8243; _builder_version=&#8221;4.9.2&#8243; _module_preset=&#8221;default&#8221; background_enable_color=&#8221;off&#8221; background_enable_image=&#8221;off&#8221; background_blend=&#8221;lighten&#8221; height=&#8221;856px&#8221; height_tablet=&#8221;&#8221; height_phone=&#8221;&#8221; height_last_edited=&#8221;on|desktop&#8221; da_disable_devices=&#8221;off|off|off&#8221; global_colors_info=&#8221;{}&#8221; da_is_popup=&#8221;off&#8221; da_exit_intent=&#8221;off&#8221; da_has_close=&#8221;on&#8221; da_alt_close=&#8221;off&#8221; da_dark_close=&#8221;off&#8221; da_not_modal=&#8221;on&#8221; da_is_singular=&#8221;off&#8221; da_with_loader=&#8221;off&#8221; da_has_shadow=&#8221;on&#8221;][et_pb_row column_structure=&#8221;1_3,1_3,1_3&#8243; custom_padding_last_edited=&#8221;on|phone&#8221; _builder_version=&#8221;4.9.2&#8243; _module_preset=&#8221;default&#8221; custom_margin_tablet=&#8221;&#8221; custom_margin_phone=&#8221;||||false|false&#8221; custom_margin_last_edited=&#8221;on|phone&#8221; custom_padding=&#8221;||8px|||&#8221; custom_padding_tablet=&#8221;&#8221; custom_padding_phone=&#8221;0px||0px||false|false&#8221; global_colors_info=&#8221;{}&#8221;][et_pb_column type=&#8221;1_3&#8243; _builder_version=&#8221;4.9.2&#8243; _module_preset=&#8221;default&#8221; global_colors_info=&#8221;{}&#8221;][\/et_pb_column][et_pb_column type=&#8221;1_3&#8243; _builder_version=&#8221;4.9.2&#8243; _module_preset=&#8221;default&#8221; global_colors_info=&#8221;{}&#8221;][et_pb_image src=&#8221;https:\/\/faculdadeunibras.com.br\/brasilia\/wp-content\/uploads\/2020\/10\/Unibrasi\u0301lia-Faculdade-Sa\u0303o-Sebastia\u0303o.png&#8221; title_text=&#8221;Unibrasi\u0301lia &#8211; Faculdade Sa\u0303o Sebastia\u0303o&#8221; align=&#8221;center&#8221; _builder_version=&#8221;4.9.2&#8243; _module_preset=&#8221;default&#8221; width=&#8221;80%&#8221; width_tablet=&#8221;65%&#8221; width_phone=&#8221;86%&#8221; width_last_edited=&#8221;on|phone&#8221; global_colors_info=&#8221;{}&#8221;][\/et_pb_image][\/et_pb_column][et_pb_column type=&#8221;1_3&#8243; _builder_version=&#8221;4.9.2&#8243; _module_preset=&#8221;default&#8221; global_colors_info=&#8221;{}&#8221;][\/et_pb_column][\/et_pb_row][et_pb_row _builder_version=&#8221;4.11.3&#8243; _module_preset=&#8221;default&#8221; width=&#8221;100%&#8221; global_colors_info=&#8221;{}&#8221;][et_pb_column type=&#8221;4_4&#8243; _builder_version=&#8221;4.9.2&#8243; _module_preset=&#8221;default&#8221; global_colors_info=&#8221;{}&#8221;][et_pb_button button_url=&#8221;https:\/\/faculdadeunibras.com.br\/brasilia\/&#8221; url_new_window=&#8221;on&#8221; button_text=&#8221;Site Institucional&#8221; button_alignment=&#8221;center&#8221; _builder_version=&#8221;4.13.0&#8243; _module_preset=&#8221;default&#8221; custom_button=&#8221;on&#8221; button_text_size=&#8221;20px&#8221; button_bg_color=&#8221;#315785&#8243; button_bg_color_gradient_start=&#8221;#7140ad&#8221; button_bg_color_gradient_end=&#8221;#2c466a&#8221; button_border_width=&#8221;1px&#8221; button_border_radius=&#8221;5px&#8221; button_icon=&#8221;&#x35;||divi||400&#8243; background_layout=&#8221;dark&#8221; custom_margin=&#8221;||7px||false|false&#8221; custom_padding=&#8221;11px|136px|11px|136px|true|true&#8221; custom_padding_tablet=&#8221;&#8221; custom_padding_phone=&#8221;11px|86px|11px|86px|true|true&#8221; custom_padding_last_edited=&#8221;on|phone&#8221; button_bg_color_tablet=&#8221;&#8221; button_bg_color_phone=&#8221;&#8221; button_bg_color_last_edited=&#8221;on|desktop&#8221; global_colors_info=&#8221;{}&#8221;][\/et_pb_button][et_pb_button button_url=&#8221;https:\/\/faculdadeunibras.com.br\/brasilia\/inscricao\/&#8221; url_new_window=&#8221;on&#8221; button_text=&#8221;Inscri\u00e7\u00e3o Vestibular&#8221; button_alignment=&#8221;center&#8221; _builder_version=&#8221;4.13.0&#8243; _module_preset=&#8221;default&#8221; custom_button=&#8221;on&#8221; button_text_size=&#8221;20px&#8221; button_bg_color=&#8221;#2c466a&#8221; button_border_width=&#8221;1px&#8221; button_border_radius=&#8221;5px&#8221; button_icon=&#8221;&#x35;||divi||400&#8243; background_layout=&#8221;dark&#8221; custom_margin=&#8221;||9px|||&#8221; custom_padding=&#8221;11px|120px|11px|120px|true|true&#8221; custom_padding_tablet=&#8221;&#8221; custom_padding_phone=&#8221;11px|70px|11px|70px|true|true&#8221; custom_padding_last_edited=&#8221;on|phone&#8221; button_bg_color_tablet=&#8221;&#8221; button_bg_color_phone=&#8221;&#8221; button_bg_color_last_edited=&#8221;on|desktop&#8221; global_colors_info=&#8221;{}&#8221;][\/et_pb_button][et_pb_button button_url=&#8221;https:\/\/faculdadeunibras.com.br\/brasilia\/inscricao\/pos-graduacao\/&#8221; url_new_window=&#8221;on&#8221; button_text=&#8221;Inscri\u00e7\u00e3o P\u00f3s-Gradu\u00e7\u00e3o&#8221; button_alignment=&#8221;center&#8221; _builder_version=&#8221;4.13.0&#8243; _module_preset=&#8221;default&#8221; custom_button=&#8221;on&#8221; button_text_size=&#8221;20px&#8221; button_bg_color=&#8221;#315785&#8243; button_border_width=&#8221;1px&#8221; button_border_radius=&#8221;5px&#8221; button_icon=&#8221;&#x35;||divi||400&#8243; background_layout=&#8221;dark&#8221; custom_margin=&#8221;-2px||6px|||&#8221; custom_padding=&#8221;11px|98px|11px|98px|true|true&#8221; custom_padding_tablet=&#8221;&#8221; custom_padding_phone=&#8221;11px|47px|11px|47px|true|true&#8221; custom_padding_last_edited=&#8221;on|phone&#8221; button_bg_color_tablet=&#8221;&#8221; button_bg_color_phone=&#8221;&#8221; button_bg_color_last_edited=&#8221;on|desktop&#8221; global_colors_info=&#8221;{}&#8221;][\/et_pb_button][et_pb_button button_url=&#8221;https:\/\/faculdadeunibras.com.br\/brasilia\/graduacao\/&#8221; url_new_window=&#8221;on&#8221; button_text=&#8221;Conhe\u00e7a nossos Cursos&#8221; button_alignment=&#8221;center&#8221; _builder_version=&#8221;4.13.0&#8243; _module_preset=&#8221;default&#8221; custom_button=&#8221;on&#8221; button_text_size=&#8221;20px&#8221; button_bg_color=&#8221;#2c466a&#8221; button_border_width=&#8221;1px&#8221; button_border_radius=&#8221;5px&#8221; button_icon=&#8221;&#x35;||divi||400&#8243; background_layout=&#8221;dark&#8221; custom_margin=&#8221;||6px|||&#8221; custom_padding=&#8221;11px|98px|11px|98px|true|true&#8221; custom_padding_tablet=&#8221;&#8221; custom_padding_phone=&#8221;11px|49px|11px|49px|true|true&#8221; custom_padding_last_edited=&#8221;on|phone&#8221; button_bg_color_tablet=&#8221;&#8221; button_bg_color_phone=&#8221;&#8221; button_bg_color_last_edited=&#8221;on|desktop&#8221; global_colors_info=&#8221;{}&#8221;][\/et_pb_button][et_pb_button button_url=&#8221;https:\/\/faculdadeunibras.com.br\/brasilia\/biblioteca-virtual\/&#8221; url_new_window=&#8221;on&#8221; button_text=&#8221;Biblioteca Digital&#8221; button_alignment=&#8221;center&#8221; _builder_version=&#8221;4.13.0&#8243; _module_preset=&#8221;default&#8221; custom_button=&#8221;on&#8221; button_text_size=&#8221;20px&#8221; button_bg_color=&#8221;#315785&#8243; button_border_width=&#8221;1px&#8221; button_border_radius=&#8221;5px&#8221; button_icon=&#8221;&#x35;||divi||400&#8243; background_layout=&#8221;dark&#8221; custom_margin=&#8221;||6px|||&#8221; custom_padding=&#8221;11px|135px|11px|135px|true|true&#8221; custom_padding_tablet=&#8221;&#8221; custom_padding_phone=&#8221;11px|85px|11px|85px|true|true&#8221; custom_padding_last_edited=&#8221;on|phone&#8221; global_colors_info=&#8221;{}&#8221;][\/et_pb_button][et_pb_button button_url=&#8221;https:\/\/api.whatsapp.com\/send?phone=5561994502962&#038;text=Ol%C3%A1!%20Meu%20nome%20%C3%A9%20&#8243; url_new_window=&#8221;on&#8221; button_text=&#8221;Atendimento Comercial&#8221; button_alignment=&#8221;center&#8221; _builder_version=&#8221;4.13.0&#8243; _module_preset=&#8221;default&#8221; custom_button=&#8221;on&#8221; button_text_size=&#8221;20px&#8221; button_bg_color=&#8221;#2c466a&#8221; button_border_width=&#8221;1px&#8221; button_border_radius=&#8221;5px&#8221; button_icon=&#8221;&#x35;||divi||400&#8243; background_layout=&#8221;dark&#8221; custom_margin=&#8221;||8px|||&#8221; custom_padding=&#8221;11px|100px|11px|100px|true|true&#8221; custom_padding_tablet=&#8221;&#8221; custom_padding_phone=&#8221;11px|51px|11px|51px|true|true&#8221; custom_padding_last_edited=&#8221;on|phone&#8221; global_colors_info=&#8221;{}&#8221;][\/et_pb_button][et_pb_button button_url=&#8221;https:\/\/faculdadeunibras.com.br\/brasilia\/central-de-atendimentos\/&#8221; url_new_window=&#8221;on&#8221; button_text=&#8221;Central de Atendimento&#8221; button_alignment=&#8221;center&#8221; _builder_version=&#8221;4.14.2&#8243; _module_preset=&#8221;default&#8221; custom_button=&#8221;on&#8221; button_text_size=&#8221;20px&#8221; button_bg_color=&#8221;#315785&#8243; button_border_width=&#8221;1px&#8221; button_border_radius=&#8221;5px&#8221; button_icon=&#8221;&#x35;||divi||400&#8243; background_layout=&#8221;dark&#8221; custom_margin=&#8221;||10px|||&#8221; custom_padding=&#8221;11px|99px|11px|99px|true|true&#8221; custom_padding_tablet=&#8221;&#8221; custom_padding_phone=&#8221;11px|50px|11px|50px|true|true&#8221; custom_padding_last_edited=&#8221;on|phone&#8221; global_colors_info=&#8221;{}&#8221;][\/et_pb_button][et_pb_button button_url=&#8221;https:\/\/faculdadeunibras.com.br\/brasilia\/blog\/&#8221; url_new_window=&#8221;on&#8221; button_text=&#8221;Blog&#8221; button_alignment=&#8221;center&#8221; _builder_version=&#8221;4.14.2&#8243; _module_preset=&#8221;default&#8221; custom_button=&#8221;on&#8221; button_text_size=&#8221;20px&#8221; button_bg_color=&#8221;#2c466a&#8221; button_border_width=&#8221;1px&#8221; button_border_radius=&#8221;5px&#8221; button_icon=&#8221;&#x35;||divi||400&#8243; background_layout=&#8221;dark&#8221; custom_margin=&#8221;||9px|||&#8221; custom_padding=&#8221;11px|199px|11px|199px|true|true&#8221; custom_padding_tablet=&#8221;&#8221; custom_padding_phone=&#8221;11px|149px|11px|149px|true|true&#8221; custom_padding_last_edited=&#8221;on|phone&#8221; button_bg_color_tablet=&#8221;&#8221; button_bg_color_phone=&#8221;&#8221; button_bg_color_last_edited=&#8221;on|desktop&#8221; global_colors_info=&#8221;{}&#8221;][\/et_pb_button][\/et_pb_column][\/et_pb_row][\/et_pb_section]<\/p>\n","protected":false},"excerpt":{"rendered":"","protected":false},"author":1,"featured_media":0,"parent":0,"menu_order":0,"comment_status":"closed","ping_status":"closed","template":"page-template-blank.php","meta":{"_et_pb_use_builder":"on","_et_pb_old_content":"","_et_gb_content_width":"","footnotes":""},"class_list":["post-238930","page","type-page","status-publish","hentry"],"yoast_head":"<!-- This site is optimized with the Yoast SEO plugin v19.10 - https:\/\/yoast.com\/wordpress\/plugins\/seo\/ -->\n<title>Bio - Faculdade UniBRAS<\/title>\n<meta name=\"robots\" content=\"index, follow, max-snippet:-1, max-image-preview:large, max-video-preview:-1\" \/>\n<link rel=\"canonical\" href=\"https:\/\/faculdadeunibras.com.br\/brasilia\/bio\/\" \/>\n<meta property=\"og:locale\" content=\"pt_BR\" \/>\n<meta property=\"og:type\" content=\"article\" \/>\n<meta property=\"og:title\" content=\"Bio - Faculdade UniBRAS\" \/>\n<meta property=\"og:url\" content=\"https:\/\/faculdadeunibras.com.br\/brasilia\/bio\/\" \/>\n<meta property=\"og:site_name\" content=\"Faculdade UniBRAS\" \/>\n<meta property=\"article:modified_time\" content=\"2022-01-31T20:24:01+00:00\" \/>\n<meta name=\"twitter:card\" content=\"summary_large_image\" \/>\n<meta name=\"twitter:label1\" content=\"Est. tempo de leitura\" \/>\n\t<meta name=\"twitter:data1\" content=\"5 minutos\" \/>\n<script type=\"application\/ld+json\" class=\"yoast-schema-graph\">{\"@context\":\"https:\/\/schema.org\",\"@graph\":[{\"@type\":\"WebPage\",\"@id\":\"https:\/\/faculdadeunibras.com.br\/brasilia\/bio\/\",\"url\":\"https:\/\/faculdadeunibras.com.br\/brasilia\/bio\/\",\"name\":\"Bio - Faculdade UniBRAS\",\"isPartOf\":{\"@id\":\"https:\/\/faculdadeunibras.com.br\/brasilia\/#website\"},\"datePublished\":\"2021-03-18T14:03:30+00:00\",\"dateModified\":\"2022-01-31T20:24:01+00:00\",\"breadcrumb\":{\"@id\":\"https:\/\/faculdadeunibras.com.br\/brasilia\/bio\/#breadcrumb\"},\"inLanguage\":\"pt-BR\",\"potentialAction\":[{\"@type\":\"ReadAction\",\"target\":[\"https:\/\/faculdadeunibras.com.br\/brasilia\/bio\/\"]}]},{\"@type\":\"BreadcrumbList\",\"@id\":\"https:\/\/faculdadeunibras.com.br\/brasilia\/bio\/#breadcrumb\",\"itemListElement\":[{\"@type\":\"ListItem\",\"position\":1,\"name\":\"In\u00edcio\",\"item\":\"https:\/\/faculdadeunibras.com.br\/brasilia\/\"},{\"@type\":\"ListItem\",\"position\":2,\"name\":\"Bio\"}]},{\"@type\":\"WebSite\",\"@id\":\"https:\/\/faculdadeunibras.com.br\/brasilia\/#website\",\"url\":\"https:\/\/faculdadeunibras.com.br\/brasilia\/\",\"name\":\"Faculdade UniBRAS\",\"description\":\"BRAS\u00cdLIA\",\"potentialAction\":[{\"@type\":\"SearchAction\",\"target\":{\"@type\":\"EntryPoint\",\"urlTemplate\":\"https:\/\/faculdadeunibras.com.br\/brasilia\/?s={search_term_string}\"},\"query-input\":\"required name=search_term_string\"}],\"inLanguage\":\"pt-BR\"}]}<\/script>\n<!-- \/ Yoast SEO plugin. -->","yoast_head_json":{"title":"Bio - Faculdade UniBRAS","robots":{"index":"index","follow":"follow","max-snippet":"max-snippet:-1","max-image-preview":"max-image-preview:large","max-video-preview":"max-video-preview:-1"},"canonical":"https:\/\/faculdadeunibras.com.br\/brasilia\/bio\/","og_locale":"pt_BR","og_type":"article","og_title":"Bio - Faculdade UniBRAS","og_url":"https:\/\/faculdadeunibras.com.br\/brasilia\/bio\/","og_site_name":"Faculdade UniBRAS","article_modified_time":"2022-01-31T20:24:01+00:00","twitter_card":"summary_large_image","twitter_misc":{"Est. tempo de leitura":"5 minutos"},"schema":{"@context":"https:\/\/schema.org","@graph":[{"@type":"WebPage","@id":"https:\/\/faculdadeunibras.com.br\/brasilia\/bio\/","url":"https:\/\/faculdadeunibras.com.br\/brasilia\/bio\/","name":"Bio - Faculdade UniBRAS","isPartOf":{"@id":"https:\/\/faculdadeunibras.com.br\/brasilia\/#website"},"datePublished":"2021-03-18T14:03:30+00:00","dateModified":"2022-01-31T20:24:01+00:00","breadcrumb":{"@id":"https:\/\/faculdadeunibras.com.br\/brasilia\/bio\/#breadcrumb"},"inLanguage":"pt-BR","potentialAction":[{"@type":"ReadAction","target":["https:\/\/faculdadeunibras.com.br\/brasilia\/bio\/"]}]},{"@type":"BreadcrumbList","@id":"https:\/\/faculdadeunibras.com.br\/brasilia\/bio\/#breadcrumb","itemListElement":[{"@type":"ListItem","position":1,"name":"In\u00edcio","item":"https:\/\/faculdadeunibras.com.br\/brasilia\/"},{"@type":"ListItem","position":2,"name":"Bio"}]},{"@type":"WebSite","@id":"https:\/\/faculdadeunibras.com.br\/brasilia\/#website","url":"https:\/\/faculdadeunibras.com.br\/brasilia\/","name":"Faculdade UniBRAS","description":"BRAS\u00cdLIA","potentialAction":[{"@type":"SearchAction","target":{"@type":"EntryPoint","urlTemplate":"https:\/\/faculdadeunibras.com.br\/brasilia\/?s={search_term_string}"},"query-input":"required name=search_term_string"}],"inLanguage":"pt-BR"}]}},"_links":{"self":[{"href":"https:\/\/faculdadeunibras.com.br\/brasilia\/wp-json\/wp\/v2\/pages\/238930"}],"collection":[{"href":"https:\/\/faculdadeunibras.com.br\/brasilia\/wp-json\/wp\/v2\/pages"}],"about":[{"href":"https:\/\/faculdadeunibras.com.br\/brasilia\/wp-json\/wp\/v2\/types\/page"}],"author":[{"embeddable":true,"href":"https:\/\/faculdadeunibras.com.br\/brasilia\/wp-json\/wp\/v2\/users\/1"}],"replies":[{"embeddable":true,"href":"https:\/\/faculdadeunibras.com.br\/brasilia\/wp-json\/wp\/v2\/comments?post=238930"}],"version-history":[{"count":5,"href":"https:\/\/faculdadeunibras.com.br\/brasilia\/wp-json\/wp\/v2\/pages\/238930\/revisions"}],"predecessor-version":[{"id":241554,"href":"https:\/\/faculdadeunibras.com.br\/brasilia\/wp-json\/wp\/v2\/pages\/238930\/revisions\/241554"}],"wp:attachment":[{"href":"https:\/\/faculdadeunibras.com.br\/brasilia\/wp-json\/wp\/v2\/media?parent=238930"}],"curies":[{"name":"wp","href":"https:\/\/api.w.org\/{rel}","templated":true}]}}