{"id":8663,"date":"2023-05-03T16:17:58","date_gmt":"2023-05-03T16:17:58","guid":{"rendered":"https:\/\/faculdadeunibras.com.br\/catalao\/?page_id=8663"},"modified":"2023-10-05T02:15:55","modified_gmt":"2023-10-05T02:15:55","slug":"a-instituicao","status":"publish","type":"page","link":"https:\/\/faculdadeunibras.com.br\/catalao\/a-instituicao\/","title":{"rendered":"A Institui\u00e7\u00e3o"},"content":{"rendered":"\t\t<div data-elementor-type=\"wp-page\" data-elementor-id=\"8663\" class=\"elementor elementor-8663\">\n\t\t\t\t\t\t\t\t\t<section class=\"elementor-section elementor-top-section elementor-element elementor-element-97f2b7b elementor-section-stretched elementor-section-boxed elementor-section-height-default elementor-section-height-default\" data-id=\"97f2b7b\" data-element_type=\"section\" data-settings=\"{&quot;stretch_section&quot;:&quot;section-stretched&quot;,&quot;background_background&quot;:&quot;classic&quot;}\">\n\t\t\t\t\t\t\t<div class=\"elementor-background-overlay\"><\/div>\n\t\t\t\t\t\t\t<div class=\"elementor-container elementor-column-gap-default\">\n\t\t\t\t\t<div class=\"elementor-column elementor-col-100 elementor-top-column elementor-element elementor-element-646f5db\" data-id=\"646f5db\" data-element_type=\"column\" data-settings=\"{&quot;background_background&quot;:&quot;classic&quot;}\">\n\t\t\t<div class=\"elementor-widget-wrap elementor-element-populated\">\n\t\t\t\t\t\t\t\t<div class=\"elementor-element elementor-element-a1b94ca elementor-widget elementor-widget-heading\" data-id=\"a1b94ca\" data-element_type=\"widget\" data-widget_type=\"heading.default\">\n\t\t\t\t<div class=\"elementor-widget-container\">\n\t\t\t<style>\/*! elementor - v3.13.3 - 28-05-2023 *\/\n.elementor-heading-title{padding:0;margin:0;line-height:1}.elementor-widget-heading .elementor-heading-title[class*=elementor-size-]>a{color:inherit;font-size:inherit;line-height:inherit}.elementor-widget-heading .elementor-heading-title.elementor-size-small{font-size:15px}.elementor-widget-heading .elementor-heading-title.elementor-size-medium{font-size:19px}.elementor-widget-heading .elementor-heading-title.elementor-size-large{font-size:29px}.elementor-widget-heading .elementor-heading-title.elementor-size-xl{font-size:39px}.elementor-widget-heading .elementor-heading-title.elementor-size-xxl{font-size:59px}<\/style><h2 class=\"elementor-heading-title elementor-size-default\">A Institui\u00e7\u00e3o<\/h2>\t\t<\/div>\n\t\t\t\t<\/div>\n\t\t\t\t\t<\/div>\n\t\t<\/div>\n\t\t\t\t\t\t\t<\/div>\n\t\t<\/section>\n\t\t\t\t<section class=\"elementor-section elementor-top-section elementor-element elementor-element-dc5e8ed elementor-section-stretched elementor-section-boxed elementor-section-height-default elementor-section-height-default\" data-id=\"dc5e8ed\" data-element_type=\"section\" data-settings=\"{&quot;stretch_section&quot;:&quot;section-stretched&quot;,&quot;background_background&quot;:&quot;classic&quot;}\">\n\t\t\t\t\t\t<div class=\"elementor-container elementor-column-gap-default\">\n\t\t\t\t\t<div class=\"elementor-column elementor-col-100 elementor-top-column elementor-element elementor-element-25c096b\" data-id=\"25c096b\" data-element_type=\"column\" data-settings=\"{&quot;background_background&quot;:&quot;classic&quot;}\">\n\t\t\t<div class=\"elementor-widget-wrap elementor-element-populated\">\n\t\t\t\t\t\t\t\t<div class=\"elementor-element elementor-element-fe62dcd elementor-widget elementor-widget-text-editor\" data-id=\"fe62dcd\" data-element_type=\"widget\" data-widget_type=\"text-editor.default\">\n\t\t\t\t<div class=\"elementor-widget-container\">\n\t\t\t<style>\/*! elementor - v3.13.3 - 28-05-2023 *\/\n.elementor-widget-text-editor.elementor-drop-cap-view-stacked .elementor-drop-cap{background-color:#69727d;color:#fff}.elementor-widget-text-editor.elementor-drop-cap-view-framed .elementor-drop-cap{color:#69727d;border:3px solid;background-color:transparent}.elementor-widget-text-editor:not(.elementor-drop-cap-view-default) .elementor-drop-cap{margin-top:8px}.elementor-widget-text-editor:not(.elementor-drop-cap-view-default) .elementor-drop-cap-letter{width:1em;height:1em}.elementor-widget-text-editor .elementor-drop-cap{float:left;text-align:center;line-height:1;font-size:50px}.elementor-widget-text-editor .elementor-drop-cap-letter{display:inline-block}<\/style><div class=\"bb-theme-elementor-wrap bb-elementor-custom-family bb-elementor-custom-size\">\t\t\t\t<p>A Faculdade UniBRAS Catal\u00e3o \u00e9 uma institui\u00e7\u00e3o de ensino superior com gradua\u00e7\u00e3o presencial nos seguintes cursos: Administra\u00e7\u00e3o, Direito, Gest\u00e3o do Agroneg\u00f3cio, Log\u00edstica e Gest\u00e3o da Produ\u00e7\u00e3o Industrial. Em breve ser\u00e1 adotado o ensino a dist\u00e2ncia para cursos de gradua\u00e7\u00e3o e p\u00f3s-gradua\u00e7\u00e3o, de exten\u00e7\u00e3o e t\u00e9cnicos.<br>Se instalou em Catal\u00e3o devido \u00e0 grande capacidade de crescimento do municipio e da regi\u00e3o. Nota-se que a popula\u00e7\u00e3o necessita de uma educa\u00e7\u00e3o de n\u00edvel superior diferenciado, com caracter\u00edsticas regionais e pre\u00e7os acess\u00edveis.<br>Entre 2009 e 2013, foram constru\u00eddos a estrutura, com equipamentos, mobili\u00e1rios e livros, e os pavimentos, com biblioteca, salas de aula e setores administrativos, comercias e administrativos. Em 2013, foram solicitados ao Minist\u00e9rio da Educa\u00e7\u00e3o ( MEC ) o credenciamento da e a autoriza\u00e7\u00e3o dos cursos de Log\u00edstica e Gest\u00e3o da Produ\u00e7\u00e3o Industrial.<br>Ap\u00f3s avalia\u00e7\u00e3o do Instituto Nacional de Estudos e Pesquisas Educacionais An\u00edsio Teixeira ( INEP ), foi credenciada pela portaria 159 de 03 de mar\u00e7o de 2015, com conceito institucional nota 3. Em 2016, foi solicitado ao MEC a autoriza\u00e7\u00e3o para os cursos de Administra\u00e7\u00e3o e Gest\u00e3o do Agroneg\u00f3cio. Em 2017, tamb\u00e9m foi solicitado a autoriza\u00e7\u00e3o para o curso de Direito.<br>Em seguida, com base consolidada, a UNiBRAS Catal\u00e3o entrou em opera\u00e7\u00e3o e atuamente prepara as aulas para 11 de fevereiro de 2019.&nbsp;<\/p>\n<p><strong>MISS\u00c3O<\/strong><\/p>\n<p>Promover ensino superior de qualidade, extens\u00e3o e pesquisas cient\u00edficas, al\u00e9m de proporcionar o desenvolvimento profissional e human\u00edstico dos formandos. Com responsabilidade, qualific\u00e1-los para o mercado de trabalho e prepar\u00e1-los para o exerc\u00edcio socioambiental e de cidadania.<\/p>\n<p><strong>OBJETIVO<\/strong><\/p>\n<p>Manter vivo o DNA da educa\u00e7\u00e3o e a proximidade entre mantedores, alunos e colaboradores, al\u00e9m de construir com crescimento de Catal\u00e3o e regi\u00e3o.<\/p>\n<p><strong>FEITA PARA VOC\u00ca<\/strong><\/p>\n<p>A FATENC foi feita para todos, especialmente para formandos do ensino m\u00e9dio regular ou EJA, que buscam qualifica\u00e7\u00e3o para ingressar no mercado de trabalho; Indiv\u00edduos sem forma\u00e7\u00e3o superior, que j\u00e1 est\u00e3o no mercado de trabalho e buscam crescimento profissional; E profissionais com forma\u00e7\u00e3o superior em busca da segunda gradua\u00e7\u00e3o.<\/p>\t\t\t\t<\/div>\t\t<\/div>\n\t\t\t\t<\/div>\n\t\t\t\t<div class=\"elementor-element elementor-element-a798e30 elementor-widget elementor-widget-image\" data-id=\"a798e30\" data-element_type=\"widget\" data-widget_type=\"image.default\">\n\t\t\t\t<div class=\"elementor-widget-container\">\n\t\t\t<style>\/*! elementor - v3.13.3 - 28-05-2023 *\/\n.elementor-widget-image{text-align:center}.elementor-widget-image a{display:inline-block}.elementor-widget-image a img[src$=\".svg\"]{width:48px}.elementor-widget-image img{vertical-align:middle;display:inline-block}<\/style>\t\t\t\t\t\t\t\t\t\t\t\t<img loading=\"lazy\" decoding=\"async\" width=\"640\" height=\"448\" src=\"https:\/\/faculdadeunibras.com.br\/catalao\/wp-content\/uploads\/2023\/05\/1555594473.png\" class=\"attachment-large size-large wp-image-8666\" alt=\"\" srcset=\"https:\/\/faculdadeunibras.com.br\/catalao\/wp-content\/uploads\/2023\/05\/1555594473.png 850w, https:\/\/faculdadeunibras.com.br\/catalao\/wp-content\/uploads\/2023\/05\/1555594473-300x210.png 300w, https:\/\/faculdadeunibras.com.br\/catalao\/wp-content\/uploads\/2023\/05\/1555594473-768x538.png 768w, https:\/\/faculdadeunibras.com.br\/catalao\/wp-content\/uploads\/2023\/05\/1555594473-624x437.png 624w\" sizes=\"auto, (max-width: 640px) 100vw, 640px\" \/>\t\t\t\t\t\t\t\t\t\t\t\t\t\t\t<\/div>\n\t\t\t\t<\/div>\n\t\t\t\t\t<\/div>\n\t\t<\/div>\n\t\t\t\t\t\t\t<\/div>\n\t\t<\/section>\n\t\t\t\t<section class=\"elementor-section elementor-top-section elementor-element elementor-element-fa71774 elementor-section-stretched elementor-section-boxed elementor-section-height-default elementor-section-height-default\" data-id=\"fa71774\" data-element_type=\"section\" data-settings=\"{&quot;stretch_section&quot;:&quot;section-stretched&quot;,&quot;background_background&quot;:&quot;classic&quot;}\">\n\t\t\t\t\t\t<div class=\"elementor-container elementor-column-gap-default\">\n\t\t\t\t\t<div class=\"elementor-column elementor-col-33 elementor-top-column elementor-element elementor-element-0054c1c\" data-id=\"0054c1c\" data-element_type=\"column\">\n\t\t\t<div class=\"elementor-widget-wrap elementor-element-populated\">\n\t\t\t\t\t\t\t\t<div class=\"elementor-element elementor-element-bf33ba8 elementor-widget elementor-widget-heading\" data-id=\"bf33ba8\" data-element_type=\"widget\" data-widget_type=\"heading.default\">\n\t\t\t\t<div class=\"elementor-widget-container\">\n\t\t\t<h2 class=\"elementor-heading-title elementor-size-default\">ENDERE\u00c7O<\/h2>\t\t<\/div>\n\t\t\t\t<\/div>\n\t\t\t\t<div class=\"elementor-element elementor-element-73373b9 elementor-widget elementor-widget-text-editor\" data-id=\"73373b9\" data-element_type=\"widget\" data-widget_type=\"text-editor.default\">\n\t\t\t\t<div class=\"elementor-widget-container\">\n\t\t\t<div class=\"bb-theme-elementor-wrap bb-elementor-custom-color bb-elementor-custom-family bb-elementor-custom-size\">\t\t\t\t<p>AV. HAID\u00ca EVANGELISTA DA ROCHA, N\u00ba 59<br \/>SANTA TEREZINHA CATAL\u00c3O-GO &#8211; CEP: 75709-430<br \/><br \/><\/p>\t\t\t\t<\/div>\t\t<\/div>\n\t\t\t\t<\/div>\n\t\t\t\t\t<\/div>\n\t\t<\/div>\n\t\t\t\t<div class=\"elementor-column elementor-col-33 elementor-top-column elementor-element elementor-element-5d9f2d2\" data-id=\"5d9f2d2\" data-element_type=\"column\">\n\t\t\t<div class=\"elementor-widget-wrap elementor-element-populated\">\n\t\t\t\t\t\t\t\t<div class=\"elementor-element elementor-element-a9f30f0 elementor-widget elementor-widget-heading\" data-id=\"a9f30f0\" data-element_type=\"widget\" data-widget_type=\"heading.default\">\n\t\t\t\t<div class=\"elementor-widget-container\">\n\t\t\t<h2 class=\"elementor-heading-title elementor-size-default\">Contato<\/h2>\t\t<\/div>\n\t\t\t\t<\/div>\n\t\t\t\t<div class=\"elementor-element elementor-element-4ae4317 elementor-widget elementor-widget-text-editor\" data-id=\"4ae4317\" data-element_type=\"widget\" data-widget_type=\"text-editor.default\">\n\t\t\t\t<div class=\"elementor-widget-container\">\n\t\t\t<div class=\"bb-theme-elementor-wrap bb-elementor-custom-color\">\t\t\t\t<p>TELEFONE: <span style=\"color: #ffff99;\"><a style=\"color: #ffff99;\" href=\"tel:6434116011\">(64) 3411-6011<\/a><\/span><br \/>E-MAIL: <span style=\"color: #ffff99;\"><a style=\"color: #ffff99;\" href=\"mailto:COMERCIAL@FATENC.COM.BR\">COMERCIAL@FATENC.COM.BR<\/a><\/span><\/p>\t\t\t\t<\/div>\t\t<\/div>\n\t\t\t\t<\/div>\n\t\t\t\t\t<\/div>\n\t\t<\/div>\n\t\t\t\t<div class=\"elementor-column elementor-col-33 elementor-top-column elementor-element elementor-element-8bdf14d\" data-id=\"8bdf14d\" data-element_type=\"column\">\n\t\t\t<div class=\"elementor-widget-wrap elementor-element-populated\">\n\t\t\t\t\t\t\t\t<div class=\"elementor-element elementor-element-4499510 elementor-widget elementor-widget-image\" data-id=\"4499510\" data-element_type=\"widget\" data-widget_type=\"image.default\">\n\t\t\t\t<div class=\"elementor-widget-container\">\n\t\t\t\t\t\t\t\t\t\t\t\t\t\t\t<img loading=\"lazy\" decoding=\"async\" width=\"106\" height=\"80\" src=\"https:\/\/faculdadeunibras.com.br\/catalao\/wp-content\/uploads\/2023\/05\/FATENC-logo.png\" class=\"attachment-full size-full wp-image-8779\" alt=\"\" \/>\t\t\t\t\t\t\t\t\t\t\t\t\t\t\t<\/div>\n\t\t\t\t<\/div>\n\t\t\t\t\t<\/div>\n\t\t<\/div>\n\t\t\t\t\t\t\t<\/div>\n\t\t<\/section>\n\t\t\t\t\t\t\t<\/div>\n\t\t","protected":false},"excerpt":{"rendered":"<p>A Institui\u00e7\u00e3o A Faculdade UniBRAS Catal\u00e3o \u00e9 uma institui\u00e7\u00e3o de ensino superior com gradua\u00e7\u00e3o presencial nos seguintes cursos: Administra\u00e7\u00e3o, Direito, Gest\u00e3o do Agroneg\u00f3cio, Log\u00edstica e&hellip;<\/p>\n","protected":false},"author":1,"featured_media":0,"parent":0,"menu_order":0,"comment_status":"closed","ping_status":"closed","template":"","meta":{"footnotes":""},"class_list":["post-8663","page","type-page","status-publish","hentry"],"_links":{"self":[{"href":"https:\/\/faculdadeunibras.com.br\/catalao\/wp-json\/wp\/v2\/pages\/8663","targetHints":{"allow":["GET"]}}],"collection":[{"href":"https:\/\/faculdadeunibras.com.br\/catalao\/wp-json\/wp\/v2\/pages"}],"about":[{"href":"https:\/\/faculdadeunibras.com.br\/catalao\/wp-json\/wp\/v2\/types\/page"}],"author":[{"embeddable":true,"href":"https:\/\/faculdadeunibras.com.br\/catalao\/wp-json\/wp\/v2\/users\/1"}],"replies":[{"embeddable":true,"href":"https:\/\/faculdadeunibras.com.br\/catalao\/wp-json\/wp\/v2\/comments?post=8663"}],"version-history":[{"count":20,"href":"https:\/\/faculdadeunibras.com.br\/catalao\/wp-json\/wp\/v2\/pages\/8663\/revisions"}],"predecessor-version":[{"id":8979,"href":"https:\/\/faculdadeunibras.com.br\/catalao\/wp-json\/wp\/v2\/pages\/8663\/revisions\/8979"}],"wp:attachment":[{"href":"https:\/\/faculdadeunibras.com.br\/catalao\/wp-json\/wp\/v2\/media?parent=8663"}],"curies":[{"name":"wp","href":"https:\/\/api.w.org\/{rel}","templated":true}]}}