{"id":8682,"date":"2023-05-03T16:26:40","date_gmt":"2023-05-03T16:26:40","guid":{"rendered":"https:\/\/faculdadeunibras.com.br\/catalao\/?page_id=8682"},"modified":"2024-05-27T15:24:06","modified_gmt":"2024-05-27T18:24:06","slug":"administracao","status":"publish","type":"page","link":"https:\/\/faculdadeunibras.com.br\/catalao\/administracao\/","title":{"rendered":"Administra\u00e7\u00e3o"},"content":{"rendered":"\t\t<div data-elementor-type=\"wp-page\" data-elementor-id=\"8682\" class=\"elementor elementor-8682\">\n\t\t\t\t\t\t\t\t\t<section class=\"elementor-section elementor-top-section elementor-element elementor-element-97f2b7b elementor-section-stretched elementor-section-boxed elementor-section-height-default elementor-section-height-default\" data-id=\"97f2b7b\" data-element_type=\"section\" data-settings=\"{&quot;stretch_section&quot;:&quot;section-stretched&quot;,&quot;background_background&quot;:&quot;classic&quot;}\">\n\t\t\t\t\t\t\t<div class=\"elementor-background-overlay\"><\/div>\n\t\t\t\t\t\t\t<div class=\"elementor-container elementor-column-gap-default\">\n\t\t\t\t\t<div class=\"elementor-column elementor-col-100 elementor-top-column elementor-element elementor-element-646f5db\" data-id=\"646f5db\" data-element_type=\"column\" data-settings=\"{&quot;background_background&quot;:&quot;classic&quot;}\">\n\t\t\t<div class=\"elementor-widget-wrap elementor-element-populated\">\n\t\t\t\t\t\t\t\t<div class=\"elementor-element elementor-element-a1b94ca elementor-widget elementor-widget-heading\" data-id=\"a1b94ca\" data-element_type=\"widget\" data-widget_type=\"heading.default\">\n\t\t\t\t<div class=\"elementor-widget-container\">\n\t\t\t<style>\/*! elementor - v3.13.3 - 28-05-2023 *\/\n.elementor-heading-title{padding:0;margin:0;line-height:1}.elementor-widget-heading .elementor-heading-title[class*=elementor-size-]>a{color:inherit;font-size:inherit;line-height:inherit}.elementor-widget-heading .elementor-heading-title.elementor-size-small{font-size:15px}.elementor-widget-heading .elementor-heading-title.elementor-size-medium{font-size:19px}.elementor-widget-heading .elementor-heading-title.elementor-size-large{font-size:29px}.elementor-widget-heading .elementor-heading-title.elementor-size-xl{font-size:39px}.elementor-widget-heading .elementor-heading-title.elementor-size-xxl{font-size:59px}<\/style><h2 class=\"elementor-heading-title elementor-size-default\">Administra\u00e7\u00e3o<\/h2>\t\t<\/div>\n\t\t\t\t<\/div>\n\t\t\t\t\t<\/div>\n\t\t<\/div>\n\t\t\t\t\t\t\t<\/div>\n\t\t<\/section>\n\t\t\t\t<section class=\"elementor-section elementor-top-section elementor-element elementor-element-dc5e8ed elementor-section-stretched elementor-section-boxed elementor-section-height-default elementor-section-height-default\" data-id=\"dc5e8ed\" data-element_type=\"section\" data-settings=\"{&quot;stretch_section&quot;:&quot;section-stretched&quot;,&quot;background_background&quot;:&quot;classic&quot;}\">\n\t\t\t\t\t\t<div class=\"elementor-container elementor-column-gap-default\">\n\t\t\t\t\t<div class=\"elementor-column elementor-col-50 elementor-top-column elementor-element elementor-element-25c096b\" data-id=\"25c096b\" data-element_type=\"column\" data-settings=\"{&quot;background_background&quot;:&quot;classic&quot;}\">\n\t\t\t<div class=\"elementor-widget-wrap elementor-element-populated\">\n\t\t\t\t\t\t\t\t<div class=\"elementor-element elementor-element-fe62dcd elementor-widget elementor-widget-text-editor\" data-id=\"fe62dcd\" data-element_type=\"widget\" data-widget_type=\"text-editor.default\">\n\t\t\t\t<div class=\"elementor-widget-container\">\n\t\t\t<style>\/*! elementor - v3.13.3 - 28-05-2023 *\/\n.elementor-widget-text-editor.elementor-drop-cap-view-stacked .elementor-drop-cap{background-color:#69727d;color:#fff}.elementor-widget-text-editor.elementor-drop-cap-view-framed .elementor-drop-cap{color:#69727d;border:3px solid;background-color:transparent}.elementor-widget-text-editor:not(.elementor-drop-cap-view-default) .elementor-drop-cap{margin-top:8px}.elementor-widget-text-editor:not(.elementor-drop-cap-view-default) .elementor-drop-cap-letter{width:1em;height:1em}.elementor-widget-text-editor .elementor-drop-cap{float:left;text-align:center;line-height:1;font-size:50px}.elementor-widget-text-editor .elementor-drop-cap-letter{display:inline-block}<\/style><div class=\"bb-theme-elementor-wrap bb-elementor-custom-family bb-elementor-custom-size\">\t\t\t\t<p>Com dura\u00e7\u00e3o de quatro anos, o curso superior Bacharelado em Administra\u00e7\u00e3o oferece in\u00fameras possibilidades no mercado de trabalho. O profissional gerencia recursos financeiros, materiais ou humanos de uma empresa e tem lugar garantido em praticamente todos os departamentos de uma organiza\u00e7\u00e3o p\u00fablica, privada ou sem fins lucrativos.<\/p><p><br \/>A sua fun\u00e7\u00e3o \u00e9 definir estrat\u00e9gias e gerenciar o dia a dia da organiza\u00e7\u00e3o, tra\u00e7ando metas, criando pol\u00edticas internas, realizando auditorias e analisando resutados. O administrador pode ainda definir pol\u00edticas coorporativas, preocupando-se, por exemplo, com a\u00e7\u00f5es de sustentabilidade e responsabilidade social.<\/p>\t\t\t\t<\/div>\t\t<\/div>\n\t\t\t\t<\/div>\n\t\t\t\t<div class=\"elementor-element elementor-element-a42c4ed elementor-align-justify elementor-widget elementor-widget-button\" data-id=\"a42c4ed\" data-element_type=\"widget\" data-widget_type=\"button.default\">\n\t\t\t\t<div class=\"elementor-widget-container\">\n\t\t\t\t\t<div class=\"elementor-button-wrapper\">\n\t\t\t<a href=\"https:\/\/faculdadeunibras.com.br\/catalao\/wp-content\/uploads\/2024\/05\/Administracao.pdf\" target=\"_blank\" class=\"elementor-button-link elementor-button elementor-size-lg\" role=\"button\">\n\t\t\t\t\t\t<span class=\"elementor-button-content-wrapper\">\n\t\t\t\t\t\t<span class=\"elementor-button-text\">Ver Matriz curricular<\/span>\n\t\t<\/span>\n\t\t\t\t\t<\/a>\n\t\t<\/div>\n\t\t\t\t<\/div>\n\t\t\t\t<\/div>\n\t\t\t\t\t<\/div>\n\t\t<\/div>\n\t\t\t\t<div class=\"elementor-column elementor-col-50 elementor-top-column elementor-element elementor-element-325bfb7\" data-id=\"325bfb7\" data-element_type=\"column\" data-settings=\"{&quot;background_background&quot;:&quot;classic&quot;}\">\n\t\t\t<div class=\"elementor-widget-wrap elementor-element-populated\">\n\t\t\t\t\t\t\t\t<div class=\"elementor-element elementor-element-429f6ae elementor-widget elementor-widget-image\" data-id=\"429f6ae\" data-element_type=\"widget\" data-widget_type=\"image.default\">\n\t\t\t\t<div class=\"elementor-widget-container\">\n\t\t\t<style>\/*! elementor - v3.13.3 - 28-05-2023 *\/\n.elementor-widget-image{text-align:center}.elementor-widget-image a{display:inline-block}.elementor-widget-image a img[src$=\".svg\"]{width:48px}.elementor-widget-image img{vertical-align:middle;display:inline-block}<\/style>\t\t\t\t\t\t\t\t\t\t\t\t<img loading=\"lazy\" decoding=\"async\" width=\"501\" height=\"595\" src=\"https:\/\/faculdadeunibras.com.br\/catalao\/wp-content\/uploads\/2023\/05\/cursos1.png\" class=\"attachment-large size-large wp-image-8685\" alt=\"\" srcset=\"https:\/\/faculdadeunibras.com.br\/catalao\/wp-content\/uploads\/2023\/05\/cursos1.png 501w, https:\/\/faculdadeunibras.com.br\/catalao\/wp-content\/uploads\/2023\/05\/cursos1-253x300.png 253w\" sizes=\"auto, (max-width: 501px) 100vw, 501px\" \/>\t\t\t\t\t\t\t\t\t\t\t\t\t\t\t<\/div>\n\t\t\t\t<\/div>\n\t\t\t\t\t<\/div>\n\t\t<\/div>\n\t\t\t\t\t\t\t<\/div>\n\t\t<\/section>\n\t\t\t\t<section class=\"elementor-section elementor-top-section elementor-element elementor-element-3f56bcd elementor-section-stretched elementor-section-boxed elementor-section-height-default elementor-section-height-default\" data-id=\"3f56bcd\" data-element_type=\"section\" data-settings=\"{&quot;stretch_section&quot;:&quot;section-stretched&quot;,&quot;background_background&quot;:&quot;classic&quot;}\">\n\t\t\t\t\t\t<div class=\"elementor-container elementor-column-gap-default\">\n\t\t\t\t\t<div class=\"elementor-column elementor-col-33 elementor-top-column elementor-element elementor-element-23f69f6\" data-id=\"23f69f6\" data-element_type=\"column\">\n\t\t\t<div class=\"elementor-widget-wrap elementor-element-populated\">\n\t\t\t\t\t\t\t\t<div class=\"elementor-element elementor-element-e04189f elementor-widget elementor-widget-heading\" data-id=\"e04189f\" data-element_type=\"widget\" data-widget_type=\"heading.default\">\n\t\t\t\t<div class=\"elementor-widget-container\">\n\t\t\t<h2 class=\"elementor-heading-title elementor-size-default\">ENDERE\u00c7O<\/h2>\t\t<\/div>\n\t\t\t\t<\/div>\n\t\t\t\t<div class=\"elementor-element elementor-element-39ad3df elementor-widget elementor-widget-text-editor\" data-id=\"39ad3df\" data-element_type=\"widget\" data-widget_type=\"text-editor.default\">\n\t\t\t\t<div class=\"elementor-widget-container\">\n\t\t\t<div class=\"bb-theme-elementor-wrap bb-elementor-custom-color bb-elementor-custom-family bb-elementor-custom-size\">\t\t\t\t<p>AV. HAID\u00ca EVANGELISTA DA ROCHA, N\u00ba 59<br \/>SANTA TEREZINHA CATAL\u00c3O-GO &#8211; CEP: 75709-430<br \/><br \/><\/p>\t\t\t\t<\/div>\t\t<\/div>\n\t\t\t\t<\/div>\n\t\t\t\t\t<\/div>\n\t\t<\/div>\n\t\t\t\t<div class=\"elementor-column elementor-col-33 elementor-top-column elementor-element elementor-element-8a762ca\" data-id=\"8a762ca\" data-element_type=\"column\">\n\t\t\t<div class=\"elementor-widget-wrap elementor-element-populated\">\n\t\t\t\t\t\t\t\t<div class=\"elementor-element elementor-element-d9f914d elementor-widget elementor-widget-heading\" data-id=\"d9f914d\" data-element_type=\"widget\" data-widget_type=\"heading.default\">\n\t\t\t\t<div class=\"elementor-widget-container\">\n\t\t\t<h2 class=\"elementor-heading-title elementor-size-default\">Contato<\/h2>\t\t<\/div>\n\t\t\t\t<\/div>\n\t\t\t\t<div class=\"elementor-element elementor-element-822ebba elementor-widget elementor-widget-text-editor\" data-id=\"822ebba\" data-element_type=\"widget\" data-widget_type=\"text-editor.default\">\n\t\t\t\t<div class=\"elementor-widget-container\">\n\t\t\t<div class=\"bb-theme-elementor-wrap bb-elementor-custom-color\">\t\t\t\t<p>TELEFONE: <span style=\"color: #ffff99;\"><a style=\"color: #ffff99;\" href=\"tel:6434116011\">(64) 3411-6011<\/a><\/span><br \/>E-MAIL: <span style=\"color: #ffff99;\"><a style=\"color: #ffff99;\" href=\"mailto:COMERCIAL@FATENC.COM.BR\">COMERCIAL@FATENC.COM.BR<\/a><\/span><\/p>\t\t\t\t<\/div>\t\t<\/div>\n\t\t\t\t<\/div>\n\t\t\t\t\t<\/div>\n\t\t<\/div>\n\t\t\t\t<div class=\"elementor-column elementor-col-33 elementor-top-column elementor-element elementor-element-02baccb\" data-id=\"02baccb\" data-element_type=\"column\">\n\t\t\t<div class=\"elementor-widget-wrap elementor-element-populated\">\n\t\t\t\t\t\t\t\t<div class=\"elementor-element elementor-element-941c9c2 elementor-widget elementor-widget-image\" data-id=\"941c9c2\" data-element_type=\"widget\" data-widget_type=\"image.default\">\n\t\t\t\t<div class=\"elementor-widget-container\">\n\t\t\t\t\t\t\t\t\t\t\t\t\t\t\t<img loading=\"lazy\" decoding=\"async\" width=\"1200\" height=\"306\" src=\"https:\/\/faculdadeunibras.com.br\/catalao\/wp-content\/uploads\/2023\/09\/UniBRAS-Faculdade-Catalao-PNG-branca.opti_.webp\" class=\"attachment-full size-full wp-image-8899\" alt=\"\" srcset=\"https:\/\/faculdadeunibras.com.br\/catalao\/wp-content\/uploads\/2023\/09\/UniBRAS-Faculdade-Catalao-PNG-branca.opti_.webp 1200w, https:\/\/faculdadeunibras.com.br\/catalao\/wp-content\/uploads\/2023\/09\/UniBRAS-Faculdade-Catalao-PNG-branca.opti_-300x77.webp 300w, https:\/\/faculdadeunibras.com.br\/catalao\/wp-content\/uploads\/2023\/09\/UniBRAS-Faculdade-Catalao-PNG-branca.opti_-1024x261.webp 1024w, https:\/\/faculdadeunibras.com.br\/catalao\/wp-content\/uploads\/2023\/09\/UniBRAS-Faculdade-Catalao-PNG-branca.opti_-768x196.webp 768w, https:\/\/faculdadeunibras.com.br\/catalao\/wp-content\/uploads\/2023\/09\/UniBRAS-Faculdade-Catalao-PNG-branca.opti_-624x159.webp 624w\" sizes=\"auto, (max-width: 1200px) 100vw, 1200px\" \/>\t\t\t\t\t\t\t\t\t\t\t\t\t\t\t<\/div>\n\t\t\t\t<\/div>\n\t\t\t\t\t<\/div>\n\t\t<\/div>\n\t\t\t\t\t\t\t<\/div>\n\t\t<\/section>\n\t\t\t\t\t\t\t<\/div>\n\t\t","protected":false},"excerpt":{"rendered":"<p>Administra\u00e7\u00e3o Com dura\u00e7\u00e3o de quatro anos, o curso superior Bacharelado em Administra\u00e7\u00e3o oferece in\u00fameras possibilidades no mercado de trabalho. O profissional gerencia recursos financeiros, materiais&hellip;<\/p>\n","protected":false},"author":1,"featured_media":0,"parent":0,"menu_order":0,"comment_status":"closed","ping_status":"closed","template":"","meta":{"footnotes":""},"class_list":["post-8682","page","type-page","status-publish","hentry"],"_links":{"self":[{"href":"https:\/\/faculdadeunibras.com.br\/catalao\/wp-json\/wp\/v2\/pages\/8682","targetHints":{"allow":["GET"]}}],"collection":[{"href":"https:\/\/faculdadeunibras.com.br\/catalao\/wp-json\/wp\/v2\/pages"}],"about":[{"href":"https:\/\/faculdadeunibras.com.br\/catalao\/wp-json\/wp\/v2\/types\/page"}],"author":[{"embeddable":true,"href":"https:\/\/faculdadeunibras.com.br\/catalao\/wp-json\/wp\/v2\/users\/1"}],"replies":[{"embeddable":true,"href":"https:\/\/faculdadeunibras.com.br\/catalao\/wp-json\/wp\/v2\/comments?post=8682"}],"version-history":[{"count":26,"href":"https:\/\/faculdadeunibras.com.br\/catalao\/wp-json\/wp\/v2\/pages\/8682\/revisions"}],"predecessor-version":[{"id":992473,"href":"https:\/\/faculdadeunibras.com.br\/catalao\/wp-json\/wp\/v2\/pages\/8682\/revisions\/992473"}],"wp:attachment":[{"href":"https:\/\/faculdadeunibras.com.br\/catalao\/wp-json\/wp\/v2\/media?parent=8682"}],"curies":[{"name":"wp","href":"https:\/\/api.w.org\/{rel}","templated":true}]}}