{"id":992521,"date":"2024-07-22T14:39:34","date_gmt":"2024-07-22T17:39:34","guid":{"rendered":"https:\/\/faculdadeunibras.com.br\/nortegoiano\/?page_id=992521"},"modified":"2024-07-22T14:45:35","modified_gmt":"2024-07-22T17:45:35","slug":"realizacoes-da-cpa","status":"publish","type":"page","link":"https:\/\/faculdadeunibras.com.br\/catalao\/realizacoes-da-cpa\/","title":{"rendered":"Realiza\u00e7\u00f5es da CPA"},"content":{"rendered":"\t\t<div data-elementor-type=\"wp-page\" data-elementor-id=\"992521\" class=\"elementor elementor-992521\">\n\t\t\t\t\t\t\t\t\t<section class=\"elementor-section elementor-top-section elementor-element elementor-element-01a26a9 elementor-section-full_width elementor-section-stretched elementor-section-height-default elementor-section-height-default\" data-id=\"01a26a9\" data-element_type=\"section\" data-settings=\"{&quot;stretch_section&quot;:&quot;section-stretched&quot;}\">\n\t\t\t\t\t\t<div class=\"elementor-container elementor-column-gap-default\">\n\t\t\t\t\t<div class=\"elementor-column elementor-col-100 elementor-top-column elementor-element elementor-element-b7888ae\" data-id=\"b7888ae\" data-element_type=\"column\">\n\t\t\t<div class=\"elementor-widget-wrap elementor-element-populated\">\n\t\t\t\t\t\t\t\t<div class=\"elementor-element elementor-element-d064805 elementor-widget elementor-widget-image\" data-id=\"d064805\" data-element_type=\"widget\" data-widget_type=\"image.default\">\n\t\t\t\t<div class=\"elementor-widget-container\">\n\t\t\t<style>\/*! elementor - v3.13.3 - 28-05-2023 *\/\n.elementor-widget-image{text-align:center}.elementor-widget-image a{display:inline-block}.elementor-widget-image a img[src$=\".svg\"]{width:48px}.elementor-widget-image img{vertical-align:middle;display:inline-block}<\/style>\t\t\t\t\t\t\t\t\t\t\t\t<img loading=\"lazy\" decoding=\"async\" width=\"1080\" height=\"600\" src=\"https:\/\/faculdadeunibras.com.br\/catalao\/wp-content\/uploads\/2024\/07\/Header.jpg\" class=\"attachment-full size-full wp-image-992527\" alt=\"\" srcset=\"https:\/\/faculdadeunibras.com.br\/catalao\/wp-content\/uploads\/2024\/07\/Header.jpg 1080w, https:\/\/faculdadeunibras.com.br\/catalao\/wp-content\/uploads\/2024\/07\/Header-300x167.jpg 300w, https:\/\/faculdadeunibras.com.br\/catalao\/wp-content\/uploads\/2024\/07\/Header-1024x569.jpg 1024w, https:\/\/faculdadeunibras.com.br\/catalao\/wp-content\/uploads\/2024\/07\/Header-768x427.jpg 768w, https:\/\/faculdadeunibras.com.br\/catalao\/wp-content\/uploads\/2024\/07\/Header-624x347.jpg 624w\" sizes=\"auto, (max-width: 1080px) 100vw, 1080px\" \/>\t\t\t\t\t\t\t\t\t\t\t\t\t\t\t<\/div>\n\t\t\t\t<\/div>\n\t\t\t\t\t<\/div>\n\t\t<\/div>\n\t\t\t\t\t\t\t<\/div>\n\t\t<\/section>\n\t\t\t\t<section class=\"elementor-section elementor-top-section elementor-element elementor-element-18b39f0 elementor-section-stretched elementor-section-boxed elementor-section-height-default elementor-section-height-default\" data-id=\"18b39f0\" data-element_type=\"section\" data-settings=\"{&quot;stretch_section&quot;:&quot;section-stretched&quot;}\">\n\t\t\t\t\t\t<div class=\"elementor-container elementor-column-gap-default\">\n\t\t\t\t\t<div class=\"elementor-column elementor-col-100 elementor-top-column elementor-element elementor-element-6c46739\" data-id=\"6c46739\" data-element_type=\"column\">\n\t\t\t<div class=\"elementor-widget-wrap elementor-element-populated\">\n\t\t\t\t\t\t\t\t<div class=\"elementor-element elementor-element-6ba45c3 elementor-widget elementor-widget-heading\" data-id=\"6ba45c3\" data-element_type=\"widget\" data-widget_type=\"heading.default\">\n\t\t\t\t<div class=\"elementor-widget-container\">\n\t\t\t<style>\/*! elementor - v3.13.3 - 28-05-2023 *\/\n.elementor-heading-title{padding:0;margin:0;line-height:1}.elementor-widget-heading .elementor-heading-title[class*=elementor-size-]>a{color:inherit;font-size:inherit;line-height:inherit}.elementor-widget-heading .elementor-heading-title.elementor-size-small{font-size:15px}.elementor-widget-heading .elementor-heading-title.elementor-size-medium{font-size:19px}.elementor-widget-heading .elementor-heading-title.elementor-size-large{font-size:29px}.elementor-widget-heading .elementor-heading-title.elementor-size-xl{font-size:39px}.elementor-widget-heading .elementor-heading-title.elementor-size-xxl{font-size:59px}<\/style><h2 class=\"elementor-heading-title elementor-size-default\">Realiza\u00e7\u00f5es da CPA\n\n<\/h2>\t\t<\/div>\n\t\t\t\t<\/div>\n\t\t\t\t<div class=\"elementor-element elementor-element-499a698 elementor-widget elementor-widget-text-editor\" data-id=\"499a698\" data-element_type=\"widget\" data-widget_type=\"text-editor.default\">\n\t\t\t\t<div class=\"elementor-widget-container\">\n\t\t\t<style>\/*! elementor - v3.13.3 - 28-05-2023 *\/\n.elementor-widget-text-editor.elementor-drop-cap-view-stacked .elementor-drop-cap{background-color:#69727d;color:#fff}.elementor-widget-text-editor.elementor-drop-cap-view-framed .elementor-drop-cap{color:#69727d;border:3px solid;background-color:transparent}.elementor-widget-text-editor:not(.elementor-drop-cap-view-default) .elementor-drop-cap{margin-top:8px}.elementor-widget-text-editor:not(.elementor-drop-cap-view-default) .elementor-drop-cap-letter{width:1em;height:1em}.elementor-widget-text-editor .elementor-drop-cap{float:left;text-align:center;line-height:1;font-size:50px}.elementor-widget-text-editor .elementor-drop-cap-letter{display:inline-block}<\/style>\t\t\t\t<p><strong><u>1.Implanta\u00e7\u00e3o do Sistema Acad\u00eamico Lyceum<\/u><\/strong>: A implementa\u00e7\u00e3o do sistema Lyceum proporciona uma gest\u00e3o mais eficiente e transparente dos processos acad\u00eamicos;<\/p><p><strong><u>2.Fortalecimento da Extens\u00e3o em Todos os Cursos<\/u><\/strong>: Os programas de extens\u00e3o acad\u00eamica permitem que os estudantes apliquem seus conhecimentos na comunidade e desenvolvam habilidades pr\u00e1ticas;<\/p><p><strong><u>3.Melhoria no Relacionamento e Comunica\u00e7\u00e3o Acad\u00eamica<\/u><\/strong>: Trabalho em equipe e promo\u00e7\u00e3o de um ambiente de di\u00e1logo aberto entre professores, estudantes e funcion\u00e1rios para um melhor fluxo de informa\u00e7\u00f5es e colabora\u00e7\u00e3o;<\/p><p><strong><u>4.Nova Matriz Curricular e Reformula\u00e7\u00e3o dos Projetos Pedag\u00f3gicos de Curso<\/u><\/strong>: A nova matriz curricular e reformula\u00e7\u00e3o dos PPCs garantem que os cursos estejam alinhados com as necessidades do mercado de trabalho e as tend\u00eancias educacionais;<\/p><p><strong><u>5.Investimento em Tecnologias Educacionais Avan\u00e7adas (Laborat\u00f3rios Virtuais, Biblioteca Virtual; Plataforma de Elabora\u00e7\u00e3o de Projetos; Sagah): <\/u><\/strong>A ado\u00e7\u00e3o de tecnologias modernas enriquece a experi\u00eancia de aprendizado e facilita o acesso ao conhecimento;<\/p><p><strong><u>6.Licen\u00e7a Microsoft para Professores e Estudantes<\/u><\/strong>: Proporcionar licen\u00e7as Microsoft aos docentes e estudantes permite o uso de ferramentas essenciais para a educa\u00e7\u00e3o e produtividade;<\/p><p><strong><u>7.Qualifica\u00e7\u00e3o Pedag\u00f3gica dos Docentes:<\/u><\/strong> Investir em capacita\u00e7\u00e3o e atualiza\u00e7\u00e3o dos professores garante a qualidade do ensino;<\/p><p><strong><u>8.Capacita\u00e7\u00e3o do Corpo T\u00e9cnico-Administrativo<\/u><\/strong>: Investir em capacita\u00e7\u00e3o e atualiza\u00e7\u00e3o dos colaboradores garante a qualidade corporativa e proporciona o desenvolvimento de compet\u00eancias e habilidades necess\u00e1rias a cada \u00e1rea de atua\u00e7\u00e3o;<\/p><p><strong><u>9.Cursos extracurriculares aos Discentes<\/u><\/strong>: Os cursos extracurriculares proporcionam aos estudantes habilidades e conhecimento adicionais, complementando a educa\u00e7\u00e3o formal;<\/p><p><strong><u>10.Incentivo \u00e0 Pesquisa e Extens\u00e3o:<\/u><\/strong>\u00a0O lan\u00e7amento de editais para inicia\u00e7\u00e3o cient\u00edfica, monitoria e projetos de extens\u00e3o estimula a produ\u00e7\u00e3o acad\u00eamica.<\/p><p><strong><u>11.Relacionamento com o Mercado de Trabalho (Coordena\u00e7\u00e3o Nacional de Est\u00e1gio<\/u><\/strong>): Fortalecer as pr\u00e1ticas de est\u00e1gio e estabelecer parcerias com empresas contribui para a empregabilidade dos estudantes;<\/p><p><strong><u>12.Melhoria no Atendimento e Suporte aos Estudantes (Gerente da \u00c1rea de Sucesso do Estudantes): <\/u><\/strong>A equipe de sucesso dos estudantes oferecer\u00e1 suporte eficiente e acolhedor para garantir uma experi\u00eancia positiva<\/p>\t\t\t\t\t\t<\/div>\n\t\t\t\t<\/div>\n\t\t\t\t\t<\/div>\n\t\t<\/div>\n\t\t\t\t\t\t\t<\/div>\n\t\t<\/section>\n\t\t\t\t\t\t\t<\/div>\n\t\t","protected":false},"excerpt":{"rendered":"<p>Realiza\u00e7\u00f5es da CPA 1.Implanta\u00e7\u00e3o do Sistema Acad\u00eamico Lyceum: A implementa\u00e7\u00e3o do sistema Lyceum proporciona uma gest\u00e3o mais eficiente e transparente dos processos acad\u00eamicos; 2.Fortalecimento da&hellip;<\/p>\n","protected":false},"author":1,"featured_media":0,"parent":0,"menu_order":0,"comment_status":"closed","ping_status":"closed","template":"elementor_header_footer","meta":{"footnotes":""},"class_list":["post-992521","page","type-page","status-publish","hentry"],"_links":{"self":[{"href":"https:\/\/faculdadeunibras.com.br\/catalao\/wp-json\/wp\/v2\/pages\/992521","targetHints":{"allow":["GET"]}}],"collection":[{"href":"https:\/\/faculdadeunibras.com.br\/catalao\/wp-json\/wp\/v2\/pages"}],"about":[{"href":"https:\/\/faculdadeunibras.com.br\/catalao\/wp-json\/wp\/v2\/types\/page"}],"author":[{"embeddable":true,"href":"https:\/\/faculdadeunibras.com.br\/catalao\/wp-json\/wp\/v2\/users\/1"}],"replies":[{"embeddable":true,"href":"https:\/\/faculdadeunibras.com.br\/catalao\/wp-json\/wp\/v2\/comments?post=992521"}],"version-history":[{"count":7,"href":"https:\/\/faculdadeunibras.com.br\/catalao\/wp-json\/wp\/v2\/pages\/992521\/revisions"}],"predecessor-version":[{"id":992530,"href":"https:\/\/faculdadeunibras.com.br\/catalao\/wp-json\/wp\/v2\/pages\/992521\/revisions\/992530"}],"wp:attachment":[{"href":"https:\/\/faculdadeunibras.com.br\/catalao\/wp-json\/wp\/v2\/media?parent=992521"}],"curies":[{"name":"wp","href":"https:\/\/api.w.org\/{rel}","templated":true}]}}