{"id":992586,"date":"2024-10-11T16:33:51","date_gmt":"2024-10-11T19:33:51","guid":{"rendered":"https:\/\/faculdadeunibras.com.br\/catalao\/?page_id=992586"},"modified":"2026-04-06T14:37:58","modified_gmt":"2026-04-06T17:37:58","slug":"editais-e-regulamentos","status":"publish","type":"page","link":"https:\/\/faculdadeunibras.com.br\/catalao\/editais-e-regulamentos\/","title":{"rendered":"Editais e Regulamentos"},"content":{"rendered":"\t\t<div data-elementor-type=\"wp-page\" data-elementor-id=\"992586\" class=\"elementor elementor-992586\">\n\t\t\t\t\t\t\t\t\t<section class=\"elementor-section elementor-top-section elementor-element elementor-element-ba79fa2 elementor-section-height-min-height elementor-section-stretched elementor-section-boxed elementor-section-height-default elementor-section-items-middle\" data-id=\"ba79fa2\" data-element_type=\"section\" data-settings=\"{&quot;stretch_section&quot;:&quot;section-stretched&quot;,&quot;background_background&quot;:&quot;classic&quot;}\">\n\t\t\t\t\t\t\t<div class=\"elementor-background-overlay\"><\/div>\n\t\t\t\t\t\t\t<div class=\"elementor-container elementor-column-gap-default\">\n\t\t\t\t\t<div class=\"elementor-column elementor-col-100 elementor-top-column elementor-element elementor-element-4d0b007\" data-id=\"4d0b007\" data-element_type=\"column\">\n\t\t\t<div class=\"elementor-widget-wrap elementor-element-populated\">\n\t\t\t\t\t\t\t\t<div class=\"elementor-element elementor-element-735dbf9 elementor-widget elementor-widget-image\" data-id=\"735dbf9\" data-element_type=\"widget\" data-widget_type=\"image.default\">\n\t\t\t\t<div class=\"elementor-widget-container\">\n\t\t\t<style>\/*! elementor - v3.13.3 - 28-05-2023 *\/\n.elementor-widget-image{text-align:center}.elementor-widget-image a{display:inline-block}.elementor-widget-image a img[src$=\".svg\"]{width:48px}.elementor-widget-image img{vertical-align:middle;display:inline-block}<\/style>\t\t\t\t\t\t\t\t\t\t\t\t<img loading=\"lazy\" decoding=\"async\" width=\"1200\" height=\"306\" src=\"https:\/\/faculdadeunibras.com.br\/catalao\/wp-content\/uploads\/2023\/09\/UniBRAS-Faculdade-Catalao-PNG-branca.opti_.webp\" class=\"attachment-full size-full wp-image-8899\" alt=\"\" srcset=\"https:\/\/faculdadeunibras.com.br\/catalao\/wp-content\/uploads\/2023\/09\/UniBRAS-Faculdade-Catalao-PNG-branca.opti_.webp 1200w, https:\/\/faculdadeunibras.com.br\/catalao\/wp-content\/uploads\/2023\/09\/UniBRAS-Faculdade-Catalao-PNG-branca.opti_-300x77.webp 300w, https:\/\/faculdadeunibras.com.br\/catalao\/wp-content\/uploads\/2023\/09\/UniBRAS-Faculdade-Catalao-PNG-branca.opti_-1024x261.webp 1024w, https:\/\/faculdadeunibras.com.br\/catalao\/wp-content\/uploads\/2023\/09\/UniBRAS-Faculdade-Catalao-PNG-branca.opti_-768x196.webp 768w, https:\/\/faculdadeunibras.com.br\/catalao\/wp-content\/uploads\/2023\/09\/UniBRAS-Faculdade-Catalao-PNG-branca.opti_-624x159.webp 624w\" sizes=\"auto, (max-width: 1200px) 100vw, 1200px\" \/>\t\t\t\t\t\t\t\t\t\t\t\t\t\t\t<\/div>\n\t\t\t\t<\/div>\n\t\t\t\t\t<\/div>\n\t\t<\/div>\n\t\t\t\t\t\t\t<\/div>\n\t\t<\/section>\n\t\t\t\t<section class=\"elementor-section elementor-top-section elementor-element elementor-element-afea02f elementor-section-stretched elementor-section-boxed elementor-section-height-default elementor-section-height-default\" data-id=\"afea02f\" data-element_type=\"section\" data-settings=\"{&quot;stretch_section&quot;:&quot;section-stretched&quot;}\">\n\t\t\t\t\t\t<div class=\"elementor-container elementor-column-gap-default\">\n\t\t\t\t\t<div class=\"elementor-column elementor-col-100 elementor-top-column elementor-element elementor-element-66bf506\" data-id=\"66bf506\" data-element_type=\"column\">\n\t\t\t<div class=\"elementor-widget-wrap elementor-element-populated\">\n\t\t\t\t\t\t\t\t<div class=\"elementor-element elementor-element-08f1c05 elementor-widget elementor-widget-text-editor\" data-id=\"08f1c05\" data-element_type=\"widget\" data-widget_type=\"text-editor.default\">\n\t\t\t\t<div class=\"elementor-widget-container\">\n\t\t\t<style>\/*! elementor - v3.13.3 - 28-05-2023 *\/\n.elementor-widget-text-editor.elementor-drop-cap-view-stacked .elementor-drop-cap{background-color:#69727d;color:#fff}.elementor-widget-text-editor.elementor-drop-cap-view-framed .elementor-drop-cap{color:#69727d;border:3px solid;background-color:transparent}.elementor-widget-text-editor:not(.elementor-drop-cap-view-default) .elementor-drop-cap{margin-top:8px}.elementor-widget-text-editor:not(.elementor-drop-cap-view-default) .elementor-drop-cap-letter{width:1em;height:1em}.elementor-widget-text-editor .elementor-drop-cap{float:left;text-align:center;line-height:1;font-size:50px}.elementor-widget-text-editor .elementor-drop-cap-letter{display:inline-block}<\/style><div class=\"bb-theme-elementor-wrap bb-elementor-custom-color bb-elementor-custom-family bb-elementor-custom-size bb-elementor-mobile-custom-line-height\">\t\t\t\t<p><strong>Editais e Regulamentos<\/strong><\/p>\t\t\t\t<\/div>\t\t<\/div>\n\t\t\t\t<\/div>\n\t\t\t\t<section class=\"elementor-section elementor-inner-section elementor-element elementor-element-724e2a0 elementor-section-boxed elementor-section-height-default elementor-section-height-default\" data-id=\"724e2a0\" data-element_type=\"section\">\n\t\t\t\t\t\t<div class=\"elementor-container elementor-column-gap-default\">\n\t\t\t\t\t<div class=\"elementor-column elementor-col-25 elementor-inner-column elementor-element elementor-element-3eabc53\" data-id=\"3eabc53\" data-element_type=\"column\">\n\t\t\t<div class=\"elementor-widget-wrap elementor-element-populated\">\n\t\t\t\t\t\t\t\t<div class=\"elementor-element elementor-element-d43b527 elementor-widget elementor-widget-heading\" data-id=\"d43b527\" data-element_type=\"widget\" data-widget_type=\"heading.default\">\n\t\t\t\t<div class=\"elementor-widget-container\">\n\t\t\t<style>\/*! elementor - v3.13.3 - 28-05-2023 *\/\n.elementor-heading-title{padding:0;margin:0;line-height:1}.elementor-widget-heading .elementor-heading-title[class*=elementor-size-]>a{color:inherit;font-size:inherit;line-height:inherit}.elementor-widget-heading .elementor-heading-title.elementor-size-small{font-size:15px}.elementor-widget-heading .elementor-heading-title.elementor-size-medium{font-size:19px}.elementor-widget-heading .elementor-heading-title.elementor-size-large{font-size:29px}.elementor-widget-heading .elementor-heading-title.elementor-size-xl{font-size:39px}.elementor-widget-heading .elementor-heading-title.elementor-size-xxl{font-size:59px}<\/style><h2 class=\"elementor-heading-title elementor-size-default\">Edital 01-2026.1 Extens\u00e3o Institucional 2026.1 - Assinado<\/h2>\t\t<\/div>\n\t\t\t\t<\/div>\n\t\t\t\t<div class=\"elementor-element elementor-element-8351f6b elementor-align-justify elementor-widget elementor-widget-button\" data-id=\"8351f6b\" data-element_type=\"widget\" data-widget_type=\"button.default\">\n\t\t\t\t<div class=\"elementor-widget-container\">\n\t\t\t\t\t<div class=\"elementor-button-wrapper\">\n\t\t\t<a href=\"https:\/\/faculdadeunibras.com.br\/catalao\/wp-content\/uploads\/2026\/04\/UNIBRAS-CATALAO-Edital-01-2026.1-Extensao-Institucional-2026.1-Assinado.pdf\" target=\"_blank\" class=\"elementor-button-link elementor-button elementor-size-sm\" role=\"button\">\n\t\t\t\t\t\t<span class=\"elementor-button-content-wrapper\">\n\t\t\t\t\t\t<span class=\"elementor-button-text\">BAIXAR EDITAL<\/span>\n\t\t<\/span>\n\t\t\t\t\t<\/a>\n\t\t<\/div>\n\t\t\t\t<\/div>\n\t\t\t\t<\/div>\n\t\t\t\t\t<\/div>\n\t\t<\/div>\n\t\t\t\t<div class=\"elementor-column elementor-col-25 elementor-inner-column elementor-element elementor-element-8070983\" data-id=\"8070983\" data-element_type=\"column\">\n\t\t\t<div class=\"elementor-widget-wrap elementor-element-populated\">\n\t\t\t\t\t\t\t\t<div class=\"elementor-element elementor-element-6be7084 elementor-widget elementor-widget-heading\" data-id=\"6be7084\" data-element_type=\"widget\" data-widget_type=\"heading.default\">\n\t\t\t\t<div class=\"elementor-widget-container\">\n\t\t\t<h2 class=\"elementor-heading-title elementor-size-default\">Edital 02-2026-1 Inicia\u00e7\u00e3o Cient\u00edfica 2026.1 - <br>Assinado<\/h2>\t\t<\/div>\n\t\t\t\t<\/div>\n\t\t\t\t<div class=\"elementor-element elementor-element-2fe7b98 elementor-align-justify elementor-widget elementor-widget-button\" data-id=\"2fe7b98\" data-element_type=\"widget\" data-widget_type=\"button.default\">\n\t\t\t\t<div class=\"elementor-widget-container\">\n\t\t\t\t\t<div class=\"elementor-button-wrapper\">\n\t\t\t<a href=\"https:\/\/faculdadeunibras.com.br\/catalao\/wp-content\/uploads\/2026\/04\/UNIBRAS-CATALAO-Edital-02-2026-1-Iniciacao-Cientifica-2026.1-Assinado.pdf\" target=\"_blank\" class=\"elementor-button-link elementor-button elementor-size-sm\" role=\"button\">\n\t\t\t\t\t\t<span class=\"elementor-button-content-wrapper\">\n\t\t\t\t\t\t<span class=\"elementor-button-text\">BAIXAR EDITAL<\/span>\n\t\t<\/span>\n\t\t\t\t\t<\/a>\n\t\t<\/div>\n\t\t\t\t<\/div>\n\t\t\t\t<\/div>\n\t\t\t\t\t<\/div>\n\t\t<\/div>\n\t\t\t\t<div class=\"elementor-column elementor-col-25 elementor-inner-column elementor-element elementor-element-0ed22c7\" data-id=\"0ed22c7\" data-element_type=\"column\">\n\t\t\t<div class=\"elementor-widget-wrap elementor-element-populated\">\n\t\t\t\t\t\t\t\t<div class=\"elementor-element elementor-element-bdb0467 elementor-widget elementor-widget-heading\" data-id=\"bdb0467\" data-element_type=\"widget\" data-widget_type=\"heading.default\">\n\t\t\t\t<div class=\"elementor-widget-container\">\n\t\t\t<h2 class=\"elementor-heading-title elementor-size-default\">REGULAMENTO DE EXTENS\u00c3O <br>2026<\/h2>\t\t<\/div>\n\t\t\t\t<\/div>\n\t\t\t\t<div class=\"elementor-element elementor-element-6902e76 elementor-align-justify elementor-widget elementor-widget-button\" data-id=\"6902e76\" data-element_type=\"widget\" data-widget_type=\"button.default\">\n\t\t\t\t<div class=\"elementor-widget-container\">\n\t\t\t\t\t<div class=\"elementor-button-wrapper\">\n\t\t\t<a href=\"https:\/\/faculdadeunibras.com.br\/catalao\/wp-content\/uploads\/2026\/04\/UNIBRAS-CATALAO-REGULAMENTO-DE-EXTENSAO-2026.pdf\" target=\"_blank\" class=\"elementor-button-link elementor-button elementor-size-sm\" role=\"button\">\n\t\t\t\t\t\t<span class=\"elementor-button-content-wrapper\">\n\t\t\t\t\t\t<span class=\"elementor-button-text\">BAIXAR EDITAL<\/span>\n\t\t<\/span>\n\t\t\t\t\t<\/a>\n\t\t<\/div>\n\t\t\t\t<\/div>\n\t\t\t\t<\/div>\n\t\t\t\t\t<\/div>\n\t\t<\/div>\n\t\t\t\t<div class=\"elementor-column elementor-col-25 elementor-inner-column elementor-element elementor-element-00deaca\" data-id=\"00deaca\" data-element_type=\"column\">\n\t\t\t<div class=\"elementor-widget-wrap elementor-element-populated\">\n\t\t\t\t\t\t\t\t<div class=\"elementor-element elementor-element-7918eee elementor-widget elementor-widget-heading\" data-id=\"7918eee\" data-element_type=\"widget\" data-widget_type=\"heading.default\">\n\t\t\t\t<div class=\"elementor-widget-container\">\n\t\t\t<h2 class=\"elementor-heading-title elementor-size-default\">REGULAMENTO DO PROGRAMA DE INICIA\u00c7\u00c3O CIENT\u00cdFICA 2026<\/h2>\t\t<\/div>\n\t\t\t\t<\/div>\n\t\t\t\t<div class=\"elementor-element elementor-element-9e4c6bd elementor-align-justify elementor-widget elementor-widget-button\" data-id=\"9e4c6bd\" data-element_type=\"widget\" data-widget_type=\"button.default\">\n\t\t\t\t<div class=\"elementor-widget-container\">\n\t\t\t\t\t<div class=\"elementor-button-wrapper\">\n\t\t\t<a href=\"https:\/\/faculdadeunibras.com.br\/catalao\/wp-content\/uploads\/2026\/04\/UNIBRAS-REGULAMENTO-DO-PROGRAMA-DE-INICIACAO-CIENTIFICA-2026.pdf\" target=\"_blank\" class=\"elementor-button-link elementor-button elementor-size-sm\" role=\"button\">\n\t\t\t\t\t\t<span class=\"elementor-button-content-wrapper\">\n\t\t\t\t\t\t<span class=\"elementor-button-text\">BAIXAR EDITAL<\/span>\n\t\t<\/span>\n\t\t\t\t\t<\/a>\n\t\t<\/div>\n\t\t\t\t<\/div>\n\t\t\t\t<\/div>\n\t\t\t\t\t<\/div>\n\t\t<\/div>\n\t\t\t\t\t\t\t<\/div>\n\t\t<\/section>\n\t\t\t\t\t<\/div>\n\t\t<\/div>\n\t\t\t\t\t\t\t<\/div>\n\t\t<\/section>\n\t\t\t\t<section class=\"elementor-section elementor-top-section elementor-element elementor-element-124270b elementor-section-stretched elementor-section-boxed elementor-section-height-default elementor-section-height-default\" data-id=\"124270b\" data-element_type=\"section\" data-settings=\"{&quot;stretch_section&quot;:&quot;section-stretched&quot;,&quot;background_background&quot;:&quot;classic&quot;}\">\n\t\t\t\t\t\t<div class=\"elementor-container elementor-column-gap-default\">\n\t\t\t\t\t<div class=\"elementor-column elementor-col-33 elementor-top-column elementor-element elementor-element-78961de\" data-id=\"78961de\" data-element_type=\"column\">\n\t\t\t<div class=\"elementor-widget-wrap elementor-element-populated\">\n\t\t\t\t\t\t\t\t<div class=\"elementor-element elementor-element-71291e3 elementor-widget elementor-widget-heading\" data-id=\"71291e3\" data-element_type=\"widget\" data-widget_type=\"heading.default\">\n\t\t\t\t<div class=\"elementor-widget-container\">\n\t\t\t<h2 class=\"elementor-heading-title elementor-size-default\">ENDERE\u00c7O<\/h2>\t\t<\/div>\n\t\t\t\t<\/div>\n\t\t\t\t<div class=\"elementor-element elementor-element-d979bba elementor-widget elementor-widget-text-editor\" data-id=\"d979bba\" data-element_type=\"widget\" data-widget_type=\"text-editor.default\">\n\t\t\t\t<div class=\"elementor-widget-container\">\n\t\t\t<div class=\"bb-theme-elementor-wrap bb-elementor-custom-color bb-elementor-custom-family bb-elementor-custom-size\">\t\t\t\t<p>AV. HAID\u00ca EVANGELISTA DA ROCHA, N\u00ba 59<br \/>SANTA TEREZINHA CATAL\u00c3O-GO &#8211; CEP: 75709-430<br \/><br \/><\/p>\t\t\t\t<\/div>\t\t<\/div>\n\t\t\t\t<\/div>\n\t\t\t\t\t<\/div>\n\t\t<\/div>\n\t\t\t\t<div class=\"elementor-column elementor-col-33 elementor-top-column elementor-element elementor-element-8d51de4\" data-id=\"8d51de4\" data-element_type=\"column\">\n\t\t\t<div class=\"elementor-widget-wrap elementor-element-populated\">\n\t\t\t\t\t\t\t\t<div class=\"elementor-element elementor-element-7e04105 elementor-widget elementor-widget-heading\" data-id=\"7e04105\" data-element_type=\"widget\" data-widget_type=\"heading.default\">\n\t\t\t\t<div class=\"elementor-widget-container\">\n\t\t\t<h2 class=\"elementor-heading-title elementor-size-default\">CONTATO<\/h2>\t\t<\/div>\n\t\t\t\t<\/div>\n\t\t\t\t<div class=\"elementor-element elementor-element-66edaf2 elementor-widget elementor-widget-text-editor\" data-id=\"66edaf2\" data-element_type=\"widget\" data-widget_type=\"text-editor.default\">\n\t\t\t\t<div class=\"elementor-widget-container\">\n\t\t\t<div class=\"bb-theme-elementor-wrap bb-elementor-custom-color\">\t\t\t\t<p>TELEFONE: <span style=\"color: #ffff99;\"><a style=\"color: #ffff99;\" href=\"tel:6434116011\">(64) 3411-6011<\/a><\/span><br \/>E-MAIL: <span style=\"color: #ffff99;\"><a style=\"color: #ffff99;\" href=\"mailto:COMERCIAL@FATENC.COM.BR\">COMERCIAL@FATENC.COM.BR<\/a><\/span><\/p>\t\t\t\t<\/div>\t\t<\/div>\n\t\t\t\t<\/div>\n\t\t\t\t\t<\/div>\n\t\t<\/div>\n\t\t\t\t<div class=\"elementor-column elementor-col-33 elementor-top-column elementor-element elementor-element-ae5c056\" data-id=\"ae5c056\" data-element_type=\"column\">\n\t\t\t<div class=\"elementor-widget-wrap elementor-element-populated\">\n\t\t\t\t\t\t\t\t<div class=\"elementor-element elementor-element-5612ad3 elementor-widget elementor-widget-image\" data-id=\"5612ad3\" data-element_type=\"widget\" data-widget_type=\"image.default\">\n\t\t\t\t<div class=\"elementor-widget-container\">\n\t\t\t\t\t\t\t\t\t\t\t\t\t\t\t<img loading=\"lazy\" decoding=\"async\" width=\"1200\" height=\"306\" src=\"https:\/\/faculdadeunibras.com.br\/catalao\/wp-content\/uploads\/2023\/09\/UniBRAS-Faculdade-Catalao-PNG-branca.opti_.webp\" class=\"attachment-full size-full wp-image-8899\" alt=\"\" srcset=\"https:\/\/faculdadeunibras.com.br\/catalao\/wp-content\/uploads\/2023\/09\/UniBRAS-Faculdade-Catalao-PNG-branca.opti_.webp 1200w, https:\/\/faculdadeunibras.com.br\/catalao\/wp-content\/uploads\/2023\/09\/UniBRAS-Faculdade-Catalao-PNG-branca.opti_-300x77.webp 300w, https:\/\/faculdadeunibras.com.br\/catalao\/wp-content\/uploads\/2023\/09\/UniBRAS-Faculdade-Catalao-PNG-branca.opti_-1024x261.webp 1024w, https:\/\/faculdadeunibras.com.br\/catalao\/wp-content\/uploads\/2023\/09\/UniBRAS-Faculdade-Catalao-PNG-branca.opti_-768x196.webp 768w, https:\/\/faculdadeunibras.com.br\/catalao\/wp-content\/uploads\/2023\/09\/UniBRAS-Faculdade-Catalao-PNG-branca.opti_-624x159.webp 624w\" sizes=\"auto, (max-width: 1200px) 100vw, 1200px\" \/>\t\t\t\t\t\t\t\t\t\t\t\t\t\t\t<\/div>\n\t\t\t\t<\/div>\n\t\t\t\t\t<\/div>\n\t\t<\/div>\n\t\t\t\t\t\t\t<\/div>\n\t\t<\/section>\n\t\t\t\t\t\t\t<\/div>\n\t\t","protected":false},"excerpt":{"rendered":"<p>Editais e Regulamentos Edital 01-2026.1 Extens\u00e3o Institucional 2026.1 &#8211; Assinado BAIXAR EDITAL Edital 02-2026-1 Inicia\u00e7\u00e3o Cient\u00edfica 2026.1 &#8211; Assinado BAIXAR EDITAL REGULAMENTO DE EXTENS\u00c3O 2026&hellip;<\/p>\n","protected":false},"author":1,"featured_media":0,"parent":0,"menu_order":0,"comment_status":"closed","ping_status":"closed","template":"elementor_header_footer","meta":{"footnotes":""},"class_list":["post-992586","page","type-page","status-publish","hentry"],"_links":{"self":[{"href":"https:\/\/faculdadeunibras.com.br\/catalao\/wp-json\/wp\/v2\/pages\/992586","targetHints":{"allow":["GET"]}}],"collection":[{"href":"https:\/\/faculdadeunibras.com.br\/catalao\/wp-json\/wp\/v2\/pages"}],"about":[{"href":"https:\/\/faculdadeunibras.com.br\/catalao\/wp-json\/wp\/v2\/types\/page"}],"author":[{"embeddable":true,"href":"https:\/\/faculdadeunibras.com.br\/catalao\/wp-json\/wp\/v2\/users\/1"}],"replies":[{"embeddable":true,"href":"https:\/\/faculdadeunibras.com.br\/catalao\/wp-json\/wp\/v2\/comments?post=992586"}],"version-history":[{"count":12,"href":"https:\/\/faculdadeunibras.com.br\/catalao\/wp-json\/wp\/v2\/pages\/992586\/revisions"}],"predecessor-version":[{"id":993312,"href":"https:\/\/faculdadeunibras.com.br\/catalao\/wp-json\/wp\/v2\/pages\/992586\/revisions\/993312"}],"wp:attachment":[{"href":"https:\/\/faculdadeunibras.com.br\/catalao\/wp-json\/wp\/v2\/media?parent=992586"}],"curies":[{"name":"wp","href":"https:\/\/api.w.org\/{rel}","templated":true}]}}