{"id":340645,"date":"2023-09-27T15:15:50","date_gmt":"2023-09-27T18:15:50","guid":{"rendered":"https:\/\/faculdadeunibras.com.br\/prudente\/?page_id=340645"},"modified":"2024-11-14T17:36:12","modified_gmt":"2024-11-14T20:36:12","slug":"bio","status":"publish","type":"page","link":"https:\/\/faculdadeunibras.com.br\/prudente\/bio\/","title":{"rendered":"Bio"},"content":{"rendered":"<p>[et_pb_section fb_built=&#8221;1&#8243; _builder_version=&#8221;4.16&#8243; _module_preset=&#8221;default&#8221; background_enable_color=&#8221;off&#8221; background_enable_image=&#8221;off&#8221; background_blend=&#8221;lighten&#8221; height=&#8221;856px&#8221; height_tablet=&#8221;&#8221; height_phone=&#8221;&#8221; height_last_edited=&#8221;on|desktop&#8221; da_disable_devices=&#8221;off|off|off&#8221; global_colors_info=&#8221;{}&#8221; da_is_popup=&#8221;off&#8221; da_exit_intent=&#8221;off&#8221; da_has_close=&#8221;on&#8221; da_alt_close=&#8221;off&#8221; da_dark_close=&#8221;off&#8221; da_not_modal=&#8221;on&#8221; da_is_singular=&#8221;off&#8221; da_with_loader=&#8221;off&#8221; da_has_shadow=&#8221;on&#8221;][et_pb_row column_structure=&#8221;1_3,1_3,1_3&#8243; custom_padding_last_edited=&#8221;on|phone&#8221; _builder_version=&#8221;4.16&#8243; _module_preset=&#8221;default&#8221; custom_margin_tablet=&#8221;&#8221; custom_margin_phone=&#8221;||||false|false&#8221; custom_margin_last_edited=&#8221;on|phone&#8221; custom_padding=&#8221;||8px|||&#8221; custom_padding_tablet=&#8221;&#8221; custom_padding_phone=&#8221;0px||0px||false|false&#8221; global_colors_info=&#8221;{}&#8221;][et_pb_column type=&#8221;1_3&#8243; _builder_version=&#8221;4.16&#8243; _module_preset=&#8221;default&#8221; global_colors_info=&#8221;{}&#8221;][\/et_pb_column][et_pb_column type=&#8221;1_3&#8243; _builder_version=&#8221;4.16&#8243; _module_preset=&#8221;default&#8221; global_colors_info=&#8221;{}&#8221;][et_pb_image src=&#8221;https:\/\/faculdadeunibras.com.br\/prudente\/wp-content\/uploads\/2023\/09\/UniBRAS-Faculdade-Prudente-PNG.opti_.webp&#8221; title_text=&#8221;UniBRAS &#8211; Faculdade &#8211; Prudente &#8211; PNG.opti&#8221; align=&#8221;center&#8221; _builder_version=&#8221;4.22.2&#8243; _module_preset=&#8221;default&#8221; width=&#8221;80%&#8221; width_tablet=&#8221;65%&#8221; width_phone=&#8221;86%&#8221; width_last_edited=&#8221;on|phone&#8221; global_colors_info=&#8221;{}&#8221;][\/et_pb_image][\/et_pb_column][et_pb_column type=&#8221;1_3&#8243; _builder_version=&#8221;4.16&#8243; _module_preset=&#8221;default&#8221; global_colors_info=&#8221;{}&#8221;][\/et_pb_column][\/et_pb_row][et_pb_row _builder_version=&#8221;4.16&#8243; _module_preset=&#8221;default&#8221; width_tablet=&#8221;&#8221; width_phone=&#8221;100%&#8221; width_last_edited=&#8221;on|phone&#8221; max_width_tablet=&#8221;&#8221; max_width_phone=&#8221;100%&#8221; max_width_last_edited=&#8221;on|phone&#8221; global_colors_info=&#8221;{}&#8221;][et_pb_column type=&#8221;4_4&#8243; _builder_version=&#8221;4.16&#8243; _module_preset=&#8221;default&#8221; global_colors_info=&#8221;{}&#8221;][et_pb_button button_url=&#8221;https:\/\/bit.ly\/ConexaoUniversitaria20242&#8243; url_new_window=&#8221;on&#8221; button_text=&#8221;Conex\u00e3o Universit\u00e1ria&#8221; button_alignment=&#8221;center&#8221; _builder_version=&#8221;4.24.2&#8243; _module_preset=&#8221;default&#8221; custom_button=&#8221;on&#8221; button_text_size=&#8221;20px&#8221; button_bg_color=&#8221;#1c367d&#8221; button_border_width=&#8221;1px&#8221; button_border_radius=&#8221;5px&#8221; button_icon=&#8221;&#x35;||divi||400&#8243; background_layout=&#8221;dark&#8221; custom_margin=&#8221;||9px|||&#8221; custom_padding=&#8221;11px|106px|11px|106px|true|true&#8221; custom_padding_tablet=&#8221;&#8221; custom_padding_phone=&#8221;11px|56px|11px|56px|true|true&#8221; custom_padding_last_edited=&#8221;on|phone&#8221; button_bg_color_tablet=&#8221;&#8221; button_bg_color_phone=&#8221;&#8221; button_bg_color_last_edited=&#8221;on|desktop&#8221; global_colors_info=&#8221;{}&#8221;][\/et_pb_button][et_pb_button button_url=&#8221;https:\/\/sejaunibras.com.br\/faculdade-unibras-prudente\/&#8221; url_new_window=&#8221;on&#8221; button_text=&#8221;Inscri\u00e7\u00e3o Vestibular&#8221; button_alignment=&#8221;center&#8221; _builder_version=&#8221;4.27.0&#8243; _module_preset=&#8221;default&#8221; custom_button=&#8221;on&#8221; button_text_size=&#8221;20px&#8221; button_bg_color=&#8221;#f5ab00&#8243; button_border_width=&#8221;1px&#8221; button_border_radius=&#8221;5px&#8221; button_icon=&#8221;&#x35;||divi||400&#8243; background_layout=&#8221;dark&#8221; custom_margin=&#8221;||9px|||&#8221; custom_padding=&#8221;11px|117px|11px|117px|true|true&#8221; custom_padding_tablet=&#8221;&#8221; custom_padding_phone=&#8221;11px|67px|11px|67px|true|true&#8221; custom_padding_last_edited=&#8221;on|phone&#8221; button_bg_color_tablet=&#8221;&#8221; button_bg_color_phone=&#8221;&#8221; button_bg_color_last_edited=&#8221;on|desktop&#8221; global_colors_info=&#8221;{}&#8221;][\/et_pb_button][et_pb_button button_url=&#8221;https:\/\/faculdadeunibras.com.br\/prudente\/&#8221; url_new_window=&#8221;on&#8221; button_text=&#8221;Site Institucional&#8221; button_alignment=&#8221;center&#8221; _builder_version=&#8221;4.27.0&#8243; _module_preset=&#8221;default&#8221; custom_button=&#8221;on&#8221; button_text_size=&#8221;20px&#8221; button_bg_color=&#8221;#315785&#8243; button_bg_color_gradient_stops=&#8221;#7140ad 0%|#2c466a 100%&#8221; button_bg_color_gradient_start=&#8221;#7140ad&#8221; button_bg_color_gradient_end=&#8221;#2c466a&#8221; button_border_width=&#8221;1px&#8221; button_border_radius=&#8221;5px&#8221; button_icon=&#8221;&#x35;||divi||400&#8243; background_layout=&#8221;dark&#8221; custom_margin=&#8221;||7px||false|false&#8221; custom_padding=&#8221;11px|135px|11px|135px|true|true&#8221; custom_padding_tablet=&#8221;&#8221; custom_padding_phone=&#8221;11px|83px|11px|83px|true|true&#8221; custom_padding_last_edited=&#8221;on|phone&#8221; hover_enabled=&#8221;0&#8243; button_bg_color_tablet=&#8221;&#8221; button_bg_color_phone=&#8221;&#8221; button_bg_color_last_edited=&#8221;on|desktop&#8221; global_colors_info=&#8221;{}&#8221; sticky_enabled=&#8221;0&#8243;][\/et_pb_button][et_pb_button button_url=&#8221;https:\/\/faculdadeunibras.com.br\/prudente\/mensalidades&#8221; url_new_window=&#8221;on&#8221; button_text=&#8221;Boleto On-line&#8221; button_alignment=&#8221;center&#8221; disabled_on=&#8221;off|off|off&#8221; _builder_version=&#8221;4.23.1&#8243; _module_preset=&#8221;default&#8221; custom_button=&#8221;on&#8221; button_text_size=&#8221;20px&#8221; button_bg_color=&#8221;#315785&#8243; button_bg_color_gradient_stops=&#8221;#7140ad 0%|#2c466a 100%&#8221; button_bg_color_gradient_start=&#8221;#7140ad&#8221; button_bg_color_gradient_end=&#8221;#2c466a&#8221; button_border_width=&#8221;1px&#8221; button_border_radius=&#8221;5px&#8221; button_icon=&#8221;&#x35;||divi||400&#8243; background_layout=&#8221;dark&#8221; custom_margin=&#8221;||7px||false|false&#8221; custom_padding=&#8221;11px|146px|11px|146px|true|true&#8221; custom_padding_tablet=&#8221;&#8221; custom_padding_phone=&#8221;11px|94px|11px|94px|true|true&#8221; custom_padding_last_edited=&#8221;on|phone&#8221; button_bg_color_tablet=&#8221;&#8221; button_bg_color_phone=&#8221;&#8221; button_bg_color_last_edited=&#8221;on|desktop&#8221; global_colors_info=&#8221;{}&#8221;][\/et_pb_button][et_pb_button button_url=&#8221;https:\/\/teams.microsoft.com\/l\/meetup-join\/19%3ameeting_N2QyYmFjMjctNDc5OS00ODNlLWIwYjItZDUyOWJiMDExNDk0%40thread.v2\/0?context=%7b%22Tid%22%3a%22b9b1b573-6aa2-4e8b-9139-158fe1988c7f%22%2c%22Oid%22%3a%22ae0eb579-58e0-4fb5-9636-000a89422c55%22%7d&#8221; url_new_window=&#8221;on&#8221; button_text=&#8221;SALA DE ATENDIMENTO AO ESTUDANTE&#8221; button_alignment=&#8221;center&#8221; _builder_version=&#8221;4.23.1&#8243; _module_preset=&#8221;default&#8221; custom_button=&#8221;on&#8221; button_text_size=&#8221;20px&#8221; button_bg_color=&#8221;#1c367d&#8221; button_border_width=&#8221;1px&#8221; button_border_radius=&#8221;5px&#8221; button_icon=&#8221;&#x35;||divi||400&#8243; background_layout=&#8221;dark&#8221; custom_margin=&#8221;||9px|||&#8221; custom_padding=&#8221;11px|31px|11px|31px|true|true&#8221; custom_padding_tablet=&#8221;&#8221; custom_padding_phone=&#8221;11px|41px|11px|41px|true|true&#8221; custom_padding_last_edited=&#8221;on|phone&#8221; button_text_size_tablet=&#8221;&#8221; button_text_size_phone=&#8221;13px&#8221; button_text_size_last_edited=&#8221;on|phone&#8221; button_bg_color_tablet=&#8221;&#8221; button_bg_color_phone=&#8221;&#8221; button_bg_color_last_edited=&#8221;on|desktop&#8221; global_colors_info=&#8221;{}&#8221;][\/et_pb_button][et_pb_text _builder_version=&#8221;4.23.1&#8243; _module_preset=&#8221;default&#8221; text_orientation=&#8221;center&#8221; global_colors_info=&#8221;{}&#8221;]<\/p>\n<p>Sala de atendimento ao estudante, <br \/>de 8h \u00e0s 22h (de segunda \u00e0 sexta-feira)<\/p>\n<p>[\/et_pb_text][et_pb_social_media_follow _builder_version=&#8221;4.24.2&#8243; _module_preset=&#8221;default&#8221; text_orientation=&#8221;center&#8221; global_colors_info=&#8221;{}&#8221;][et_pb_social_media_follow_network social_network=&#8221;instagram&#8221; url=&#8221;https:\/\/www.instagram.com\/unibras.prudente\/&#8221; _builder_version=&#8221;4.24.2&#8243; _module_preset=&#8221;default&#8221; background_color=&#8221;#ea2c59&#8243; global_colors_info=&#8221;{}&#8221; follow_button=&#8221;off&#8221; url_new_window=&#8221;on&#8221;]instagram[\/et_pb_social_media_follow_network][et_pb_social_media_follow_network social_network=&#8221;facebook&#8221; url=&#8221;https:\/\/www.facebook.com\/unibras.prudente?_rdc=1&#038;_rdr&#8221; _builder_version=&#8221;4.24.2&#8243; _module_preset=&#8221;default&#8221; background_color=&#8221;#3b5998&#8243; global_colors_info=&#8221;{}&#8221; follow_button=&#8221;off&#8221; url_new_window=&#8221;on&#8221;]facebook[\/et_pb_social_media_follow_network][et_pb_social_media_follow_network social_network=&#8221;linkedin&#8221; url=&#8221;https:\/\/www.linkedin.com\/company\/unibras-prudente\/&#8221; _builder_version=&#8221;4.24.2&#8243; _module_preset=&#8221;default&#8221; background_color=&#8221;#007bb6&#8243; global_colors_info=&#8221;{}&#8221; follow_button=&#8221;off&#8221; url_new_window=&#8221;on&#8221;]linkedin[\/et_pb_social_media_follow_network][et_pb_social_media_follow_network social_network=&#8221;youtube&#8221; url=&#8221;https:\/\/www.youtube.com\/@braseducacional&#8221; _builder_version=&#8221;4.24.2&#8243; _module_preset=&#8221;default&#8221; background_color=&#8221;#a82400&#8243; global_colors_info=&#8221;{}&#8221; follow_button=&#8221;off&#8221; url_new_window=&#8221;on&#8221;]youtube[\/et_pb_social_media_follow_network][et_pb_social_media_follow_network social_network=&#8221;google&#8221; url=&#8221;https:\/\/maps.app.goo.gl\/yif6QBwP7as7Yu237&#8243; _builder_version=&#8221;4.24.2&#8243; _module_preset=&#8221;default&#8221; background_color=&#8221;#4285f4&#8243; global_colors_info=&#8221;{}&#8221; follow_button=&#8221;off&#8221; url_new_window=&#8221;on&#8221;]google[\/et_pb_social_media_follow_network][\/et_pb_social_media_follow][et_pb_button button_url=&#8221;https:\/\/ead.unibrasilia.com\/&#8221; url_new_window=&#8221;on&#8221; button_text=&#8221;Cursos EAD&#8221; button_alignment=&#8221;center&#8221; disabled_on=&#8221;on|on|on&#8221; _builder_version=&#8221;4.21.0&#8243; _module_preset=&#8221;default&#8221; custom_button=&#8221;on&#8221; button_text_size=&#8221;20px&#8221; button_bg_color=&#8221;#f5ab00&#8243; button_border_width=&#8221;1px&#8221; button_border_radius=&#8221;5px&#8221; button_icon=&#8221;&#x35;||divi||400&#8243; background_layout=&#8221;dark&#8221; custom_margin=&#8221;||9px|||&#8221; custom_padding=&#8221;11px|159px|11px|159px|true|true&#8221; custom_padding_tablet=&#8221;&#8221; custom_padding_phone=&#8221;11px|110px|11px|110px|true|true&#8221; custom_padding_last_edited=&#8221;on|phone&#8221; button_bg_color_tablet=&#8221;&#8221; button_bg_color_phone=&#8221;&#8221; button_bg_color_last_edited=&#8221;on|desktop&#8221; disabled=&#8221;on&#8221; global_colors_info=&#8221;{}&#8221;][\/et_pb_button][et_pb_button button_url=&#8221;https:\/\/inscricao.unibrasilia.com\/pos-graduacao\/&#8221; url_new_window=&#8221;on&#8221; button_text=&#8221;Inscri\u00e7\u00e3o P\u00f3s-Gradua\u00e7\u00e3o&#8221; button_alignment=&#8221;center&#8221; disabled_on=&#8221;on|on|on&#8221; _builder_version=&#8221;4.21.0&#8243; _module_preset=&#8221;default&#8221; custom_button=&#8221;on&#8221; button_text_size=&#8221;20px&#8221; button_bg_color=&#8221;#f5ab00&#8243; button_border_width=&#8221;1px&#8221; button_border_radius=&#8221;5px&#8221; button_icon=&#8221;&#x35;||divi||400&#8243; background_layout=&#8221;dark&#8221; custom_margin=&#8221;-2px||6px|||&#8221; custom_padding=&#8221;11px|88px|11px|88px|true|true&#8221; custom_padding_tablet=&#8221;&#8221; custom_padding_phone=&#8221;11px|38px|11px|38px|true|true&#8221; custom_padding_last_edited=&#8221;on|phone&#8221; button_bg_color_tablet=&#8221;&#8221; button_bg_color_phone=&#8221;&#8221; button_bg_color_last_edited=&#8221;on|desktop&#8221; disabled=&#8221;on&#8221; global_colors_info=&#8221;{}&#8221;][\/et_pb_button][et_pb_button button_url=&#8221;https:\/\/unibrasilia.com\/wp-content\/uploads\/2023\/05\/passo-a-passo-rematricula-ecossistema-2023-2.pdf&#8221; url_new_window=&#8221;on&#8221; button_text=&#8221;Guia de rematr\u00edcula&#8221; button_alignment=&#8221;center&#8221; disabled_on=&#8221;on|on|on&#8221; _builder_version=&#8221;4.21.0&#8243; _module_preset=&#8221;default&#8221; custom_button=&#8221;on&#8221; button_text_size=&#8221;20px&#8221; button_bg_color=&#8221;#f5ab00&#8243; button_border_width=&#8221;1px&#8221; button_border_radius=&#8221;5px&#8221; button_icon=&#8221;&#x35;||divi||400&#8243; background_layout=&#8221;dark&#8221; custom_margin=&#8221;-2px||6px|||&#8221; custom_padding=&#8221;11px|116px|11px|116px|true|true&#8221; custom_padding_tablet=&#8221;&#8221; custom_padding_phone=&#8221;11px|67px|11px|67px|true|true&#8221; custom_padding_last_edited=&#8221;on|phone&#8221; button_bg_color_tablet=&#8221;&#8221; button_bg_color_phone=&#8221;&#8221; button_bg_color_last_edited=&#8221;on|desktop&#8221; disabled=&#8221;on&#8221; global_colors_info=&#8221;{}&#8221;][\/et_pb_button][et_pb_button button_url=&#8221;\/graduacao\/&#8221; url_new_window=&#8221;on&#8221; button_text=&#8221;Conhe\u00e7a nossos Cursos&#8221; button_alignment=&#8221;center&#8221; disabled_on=&#8221;on|on|on&#8221; _builder_version=&#8221;4.21.0&#8243; _module_preset=&#8221;default&#8221; custom_button=&#8221;on&#8221; button_text_size=&#8221;20px&#8221; button_bg_color=&#8221;#2c466a&#8221; button_border_width=&#8221;1px&#8221; button_border_radius=&#8221;5px&#8221; button_icon=&#8221;&#x35;||divi||400&#8243; background_layout=&#8221;dark&#8221; custom_margin=&#8221;||6px|||&#8221; custom_padding=&#8221;11px|97px|11px|97px|true|true&#8221; custom_padding_tablet=&#8221;&#8221; custom_padding_phone=&#8221;11px|45px|11px|45px|true|true&#8221; custom_padding_last_edited=&#8221;on|phone&#8221; button_bg_color_tablet=&#8221;&#8221; button_bg_color_phone=&#8221;&#8221; button_bg_color_last_edited=&#8221;on|desktop&#8221; disabled=&#8221;on&#8221; global_colors_info=&#8221;{}&#8221;][\/et_pb_button][et_pb_button button_url=&#8221;\/servicos\/biblioteca-virtual\/&#8221; url_new_window=&#8221;on&#8221; button_text=&#8221;Biblioteca Digital&#8221; button_alignment=&#8221;center&#8221; disabled_on=&#8221;on|on|on&#8221; _builder_version=&#8221;4.21.0&#8243; _module_preset=&#8221;default&#8221; custom_button=&#8221;on&#8221; button_text_size=&#8221;20px&#8221; button_bg_color=&#8221;#315785&#8243; button_border_width=&#8221;1px&#8221; button_border_radius=&#8221;5px&#8221; button_icon=&#8221;&#x35;||divi||400&#8243; background_layout=&#8221;dark&#8221; custom_margin=&#8221;||6px|||&#8221; custom_padding=&#8221;11px|134px|11px|134px|true|true&#8221; custom_padding_tablet=&#8221;&#8221; custom_padding_phone=&#8221;11px|82px|11px|82px|true|true&#8221; custom_padding_last_edited=&#8221;on|phone&#8221; disabled=&#8221;on&#8221; global_colors_info=&#8221;{}&#8221;][\/et_pb_button][et_pb_button button_url=&#8221;https:\/\/api.whatsapp.com\/send?phone=5564992535302&#038;text=Ol%C3%A1!%20Meu%20nome%20%C3%A9%20&#8243; url_new_window=&#8221;on&#8221; button_text=&#8221;Atendimento Comercial&#8221; button_alignment=&#8221;center&#8221; disabled_on=&#8221;on|on|on&#8221; _builder_version=&#8221;4.22.2&#8243; _module_preset=&#8221;default&#8221; custom_button=&#8221;on&#8221; button_text_size=&#8221;20px&#8221; button_bg_color=&#8221;#2c466a&#8221; button_border_width=&#8221;1px&#8221; button_border_radius=&#8221;5px&#8221; button_icon=&#8221;&#x35;||divi||400&#8243; background_layout=&#8221;dark&#8221; custom_margin=&#8221;||8px|||&#8221; custom_padding=&#8221;11px|97px|11px|97px|true|true&#8221; custom_padding_tablet=&#8221;&#8221; custom_padding_phone=&#8221;11px|45px|11px|45px|true|true&#8221; custom_padding_last_edited=&#8221;on|desktop&#8221; disabled=&#8221;on&#8221; global_colors_info=&#8221;{}&#8221;][\/et_pb_button][et_pb_button button_url=&#8221;\/central-de-atendimentos\/&#8221; url_new_window=&#8221;on&#8221; button_text=&#8221;Central de Atendimento&#8221; button_alignment=&#8221;center&#8221; disabled_on=&#8221;on|on|on&#8221; _builder_version=&#8221;4.22.2&#8243; _module_preset=&#8221;default&#8221; custom_button=&#8221;on&#8221; button_text_size=&#8221;20px&#8221; button_bg_color=&#8221;#315785&#8243; button_border_width=&#8221;1px&#8221; button_border_radius=&#8221;5px&#8221; button_icon=&#8221;&#x35;||divi||400&#8243; background_layout=&#8221;dark&#8221; custom_margin=&#8221;||9px|||&#8221; custom_padding=&#8221;11px|97px|11px|97px|true|true&#8221; custom_padding_tablet=&#8221;&#8221; custom_padding_phone=&#8221;11px|45px|11px|45px|true|true&#8221; custom_padding_last_edited=&#8221;on|phone&#8221; disabled=&#8221;on&#8221; global_colors_info=&#8221;{}&#8221;][\/et_pb_button][et_pb_button button_url=&#8221;https:\/\/unibrasilia.com\/blog\/&#8221; url_new_window=&#8221;on&#8221; button_text=&#8221;Blog&#8221; button_alignment=&#8221;center&#8221; disabled_on=&#8221;on|on|on&#8221; _builder_version=&#8221;4.21.0&#8243; _module_preset=&#8221;default&#8221; custom_button=&#8221;on&#8221; button_text_size=&#8221;20px&#8221; button_bg_color=&#8221;#2c466a&#8221; button_border_width=&#8221;1px&#8221; button_border_radius=&#8221;5px&#8221; button_icon=&#8221;&#x35;||divi||400&#8243; background_layout=&#8221;dark&#8221; custom_margin=&#8221;||8px|||&#8221; custom_padding=&#8221;11px|196px|11px|196px|true|true&#8221; custom_padding_tablet=&#8221;&#8221; custom_padding_phone=&#8221;11px|144px|11px|144px|true|true&#8221; custom_padding_last_edited=&#8221;on|phone&#8221; disabled=&#8221;on&#8221; global_colors_info=&#8221;{}&#8221;][\/et_pb_button][\/et_pb_column][\/et_pb_row][\/et_pb_section]<\/p>\n","protected":false},"excerpt":{"rendered":"<p>Sala de atendimento ao estudante, de 8h \u00e0s 22h (de segunda \u00e0 sexta-feira)<\/p>\n","protected":false},"author":2,"featured_media":0,"parent":0,"menu_order":0,"comment_status":"closed","ping_status":"closed","template":"page-template-blank.php","meta":{"_et_pb_use_builder":"on","_et_pb_old_content":"","_et_gb_content_width":"","footnotes":""},"class_list":["post-340645","page","type-page","status-publish","hentry"],"yoast_head":"<!-- This site is optimized with the Yoast SEO plugin v23.2 - https:\/\/yoast.com\/wordpress\/plugins\/seo\/ -->\n<title>Bio - Faculdade UniBRAS Prudente<\/title>\n<meta name=\"robots\" content=\"index, follow, max-snippet:-1, max-image-preview:large, max-video-preview:-1\" \/>\n<link rel=\"canonical\" href=\"https:\/\/faculdadeunibras.com.br\/prudente\/bio\/\" \/>\n<meta property=\"og:locale\" content=\"pt_BR\" \/>\n<meta property=\"og:type\" content=\"article\" \/>\n<meta property=\"og:title\" content=\"Bio - Faculdade UniBRAS Prudente\" \/>\n<meta property=\"og:description\" content=\"Sala de atendimento ao estudante, de 8h \u00e0s 22h (de segunda \u00e0 sexta-feira)\" \/>\n<meta property=\"og:url\" content=\"https:\/\/faculdadeunibras.com.br\/prudente\/bio\/\" \/>\n<meta property=\"og:site_name\" content=\"Faculdade UniBRAS Prudente\" \/>\n<meta property=\"article:modified_time\" content=\"2024-11-14T20:36:12+00:00\" \/>\n<meta name=\"twitter:card\" content=\"summary_large_image\" \/>\n<meta name=\"twitter:label1\" content=\"Est. tempo de leitura\" \/>\n\t<meta name=\"twitter:data1\" content=\"3 minutos\" \/>\n<script type=\"application\/ld+json\" class=\"yoast-schema-graph\">{\"@context\":\"https:\/\/schema.org\",\"@graph\":[{\"@type\":\"WebPage\",\"@id\":\"https:\/\/faculdadeunibras.com.br\/prudente\/bio\/\",\"url\":\"https:\/\/faculdadeunibras.com.br\/prudente\/bio\/\",\"name\":\"Bio - Faculdade UniBRAS Prudente\",\"isPartOf\":{\"@id\":\"https:\/\/faculdadeunibras.com.br\/prudente\/#website\"},\"datePublished\":\"2023-09-27T18:15:50+00:00\",\"dateModified\":\"2024-11-14T20:36:12+00:00\",\"breadcrumb\":{\"@id\":\"https:\/\/faculdadeunibras.com.br\/prudente\/bio\/#breadcrumb\"},\"inLanguage\":\"pt-BR\",\"potentialAction\":[{\"@type\":\"ReadAction\",\"target\":[\"https:\/\/faculdadeunibras.com.br\/prudente\/bio\/\"]}]},{\"@type\":\"BreadcrumbList\",\"@id\":\"https:\/\/faculdadeunibras.com.br\/prudente\/bio\/#breadcrumb\",\"itemListElement\":[{\"@type\":\"ListItem\",\"position\":1,\"name\":\"Home\",\"item\":\"https:\/\/faculdadeunibras.com.br\/prudente\/\"},{\"@type\":\"ListItem\",\"position\":2,\"name\":\"Bio\"}]},{\"@type\":\"WebSite\",\"@id\":\"https:\/\/faculdadeunibras.com.br\/prudente\/#website\",\"url\":\"https:\/\/faculdadeunibras.com.br\/prudente\/\",\"name\":\"Faculdade UniBRAS Prudente\",\"description\":\"INscri\u00e7\u00f5es abertas\",\"potentialAction\":[{\"@type\":\"SearchAction\",\"target\":{\"@type\":\"EntryPoint\",\"urlTemplate\":\"https:\/\/faculdadeunibras.com.br\/prudente\/?s={search_term_string}\"},\"query-input\":\"required name=search_term_string\"}],\"inLanguage\":\"pt-BR\"}]}<\/script>\n<!-- \/ Yoast SEO plugin. -->","yoast_head_json":{"title":"Bio - Faculdade UniBRAS Prudente","robots":{"index":"index","follow":"follow","max-snippet":"max-snippet:-1","max-image-preview":"max-image-preview:large","max-video-preview":"max-video-preview:-1"},"canonical":"https:\/\/faculdadeunibras.com.br\/prudente\/bio\/","og_locale":"pt_BR","og_type":"article","og_title":"Bio - Faculdade UniBRAS Prudente","og_description":"Sala de atendimento ao estudante, de 8h \u00e0s 22h (de segunda \u00e0 sexta-feira)","og_url":"https:\/\/faculdadeunibras.com.br\/prudente\/bio\/","og_site_name":"Faculdade UniBRAS Prudente","article_modified_time":"2024-11-14T20:36:12+00:00","twitter_card":"summary_large_image","twitter_misc":{"Est. tempo de leitura":"3 minutos"},"schema":{"@context":"https:\/\/schema.org","@graph":[{"@type":"WebPage","@id":"https:\/\/faculdadeunibras.com.br\/prudente\/bio\/","url":"https:\/\/faculdadeunibras.com.br\/prudente\/bio\/","name":"Bio - Faculdade UniBRAS Prudente","isPartOf":{"@id":"https:\/\/faculdadeunibras.com.br\/prudente\/#website"},"datePublished":"2023-09-27T18:15:50+00:00","dateModified":"2024-11-14T20:36:12+00:00","breadcrumb":{"@id":"https:\/\/faculdadeunibras.com.br\/prudente\/bio\/#breadcrumb"},"inLanguage":"pt-BR","potentialAction":[{"@type":"ReadAction","target":["https:\/\/faculdadeunibras.com.br\/prudente\/bio\/"]}]},{"@type":"BreadcrumbList","@id":"https:\/\/faculdadeunibras.com.br\/prudente\/bio\/#breadcrumb","itemListElement":[{"@type":"ListItem","position":1,"name":"Home","item":"https:\/\/faculdadeunibras.com.br\/prudente\/"},{"@type":"ListItem","position":2,"name":"Bio"}]},{"@type":"WebSite","@id":"https:\/\/faculdadeunibras.com.br\/prudente\/#website","url":"https:\/\/faculdadeunibras.com.br\/prudente\/","name":"Faculdade UniBRAS Prudente","description":"INscri\u00e7\u00f5es abertas","potentialAction":[{"@type":"SearchAction","target":{"@type":"EntryPoint","urlTemplate":"https:\/\/faculdadeunibras.com.br\/prudente\/?s={search_term_string}"},"query-input":"required name=search_term_string"}],"inLanguage":"pt-BR"}]}},"_links":{"self":[{"href":"https:\/\/faculdadeunibras.com.br\/prudente\/wp-json\/wp\/v2\/pages\/340645","targetHints":{"allow":["GET"]}}],"collection":[{"href":"https:\/\/faculdadeunibras.com.br\/prudente\/wp-json\/wp\/v2\/pages"}],"about":[{"href":"https:\/\/faculdadeunibras.com.br\/prudente\/wp-json\/wp\/v2\/types\/page"}],"author":[{"embeddable":true,"href":"https:\/\/faculdadeunibras.com.br\/prudente\/wp-json\/wp\/v2\/users\/2"}],"replies":[{"embeddable":true,"href":"https:\/\/faculdadeunibras.com.br\/prudente\/wp-json\/wp\/v2\/comments?post=340645"}],"version-history":[{"count":15,"href":"https:\/\/faculdadeunibras.com.br\/prudente\/wp-json\/wp\/v2\/pages\/340645\/revisions"}],"predecessor-version":[{"id":992583,"href":"https:\/\/faculdadeunibras.com.br\/prudente\/wp-json\/wp\/v2\/pages\/340645\/revisions\/992583"}],"wp:attachment":[{"href":"https:\/\/faculdadeunibras.com.br\/prudente\/wp-json\/wp\/v2\/media?parent=340645"}],"curies":[{"name":"wp","href":"https:\/\/api.w.org\/{rel}","templated":true}]}}