{"id":10138,"date":"2020-11-04T11:22:39","date_gmt":"2020-11-04T14:22:39","guid":{"rendered":"https:\/\/faculdadeunibras.com.br\/quatromarcos\/?page_id=10138"},"modified":"2024-02-23T12:44:35","modified_gmt":"2024-02-23T15:44:35","slug":"biblioteca-virtual","status":"publish","type":"page","link":"https:\/\/faculdadeunibras.com.br\/quatromarcos\/servicos\/biblioteca-virtual\/","title":{"rendered":"Biblioteca Virtual"},"content":{"rendered":"<p>[et_pb_section fb_built=&#8221;1&#8243; _builder_version=&#8221;4.16&#8243; _module_preset=&#8221;default&#8221; custom_padding=&#8221;19px||3px|||&#8221; global_colors_info=&#8221;{}&#8221; da_is_popup=&#8221;off&#8221; da_exit_intent=&#8221;off&#8221; da_has_close=&#8221;on&#8221; da_alt_close=&#8221;off&#8221; da_dark_close=&#8221;off&#8221; da_not_modal=&#8221;on&#8221; da_is_singular=&#8221;off&#8221; da_with_loader=&#8221;off&#8221; da_has_shadow=&#8221;on&#8221; da_disable_devices=&#8221;off|off|off&#8221;][et_pb_row _builder_version=&#8221;4.16&#8243; _module_preset=&#8221;default&#8221; custom_padding=&#8221;20px||7px|||&#8221; global_colors_info=&#8221;{}&#8221;][et_pb_column type=&#8221;4_4&#8243; _builder_version=&#8221;4.16&#8243; _module_preset=&#8221;default&#8221; global_colors_info=&#8221;{}&#8221;][et_pb_text _builder_version=&#8221;4.16&#8243; text_font=&#8221;|700|||||||&#8221; text_text_color=&#8221;#16466E&#8221; text_font_size=&#8221;21px&#8221; width=&#8221;100%&#8221; width_tablet=&#8221;&#8221; width_phone=&#8221;100%&#8221; width_last_edited=&#8221;on|desktop&#8221; module_alignment=&#8221;left&#8221; custom_padding=&#8221;||11px|||&#8221; text_font_size_tablet=&#8221;&#8221; text_font_size_phone=&#8221;17px&#8221; text_font_size_last_edited=&#8221;on|desktop&#8221; text_orientation_tablet=&#8221;&#8221; text_orientation_phone=&#8221;&#8221; text_orientation_last_edited=&#8221;on|desktop&#8221; border_width_bottom=&#8221;1px&#8221; border_color_bottom=&#8221;#FBB01B&#8221; global_colors_info=&#8221;{}&#8221;]<\/p>\n<p>Biblioteca Virtual<\/p>\n<p>[\/et_pb_text][\/et_pb_column][\/et_pb_row][\/et_pb_section][et_pb_section fb_built=&#8221;1&#8243; _builder_version=&#8221;4.16&#8243; custom_padding=&#8221;49px||180px|||&#8221; global_colors_info=&#8221;{}&#8221; da_is_popup=&#8221;off&#8221; da_exit_intent=&#8221;off&#8221; da_has_close=&#8221;on&#8221; da_alt_close=&#8221;off&#8221; da_dark_close=&#8221;off&#8221; da_not_modal=&#8221;on&#8221; da_is_singular=&#8221;off&#8221; da_with_loader=&#8221;off&#8221; da_has_shadow=&#8221;on&#8221; da_disable_devices=&#8221;off|off|off&#8221;][et_pb_row column_structure=&#8221;1_4,1_4,1_4,1_4&#8243; _builder_version=&#8221;4.16&#8243; custom_padding=&#8221;||47px|||&#8221; global_colors_info=&#8221;{}&#8221;][et_pb_column type=&#8221;1_4&#8243; _builder_version=&#8221;4.16&#8243; global_colors_info=&#8221;{}&#8221;][et_pb_image src=&#8221;https:\/\/faculdadeunibras.com.br\/quatromarcos\/wp-content\/uploads\/2020\/11\/thomson-reuters-proview.png&#8221; url=&#8221;https:\/\/proview.thomsonreuters.com\/library.html?sponsor=NIDE-1#\/library&#8221; _builder_version=&#8221;4.16&#8243; global_colors_info=&#8221;{}&#8221;][\/et_pb_image][\/et_pb_column][et_pb_column type=&#8221;1_4&#8243; _builder_version=&#8221;4.16&#8243; global_colors_info=&#8221;{}&#8221;][et_pb_image src=&#8221;https:\/\/faculdadeunibras.com.br\/quatromarcos\/wp-content\/uploads\/2020\/11\/sage-journals.png&#8221; url=&#8221;https:\/\/journals.sagepub.com\/&#8221; _builder_version=&#8221;4.16&#8243; global_colors_info=&#8221;{}&#8221;][\/et_pb_image][\/et_pb_column][et_pb_column type=&#8221;1_4&#8243; _builder_version=&#8221;4.16&#8243; global_colors_info=&#8221;{}&#8221;][et_pb_image src=&#8221;https:\/\/faculdadeunibras.com.br\/quatromarcos\/wp-content\/uploads\/2020\/11\/thomson-reuters-revista-dos-tribunais.png&#8221; url=&#8221;http:\/\/revistadostribunais.com.br\/maf\/app\/authentication\/signon?sp=NUC-1&#8243; _builder_version=&#8221;4.16&#8243; global_colors_info=&#8221;{}&#8221;][\/et_pb_image][\/et_pb_column][et_pb_column type=&#8221;1_4&#8243; _builder_version=&#8221;4.16&#8243; global_colors_info=&#8221;{}&#8221;][et_pb_image src=&#8221;https:\/\/faculdadeunibras.com.br\/quatromarcos\/wp-content\/uploads\/2020\/11\/minha-biblioteca.jpg&#8221; url=&#8221;https:\/\/biblioteca.brasiliaeducacional.com.br\/&#8221; _builder_version=&#8221;4.21.0&#8243; hover_enabled=&#8221;0&#8243; global_colors_info=&#8221;{}&#8221; sticky_enabled=&#8221;0&#8243;][\/et_pb_image][\/et_pb_column][\/et_pb_row][\/et_pb_section][et_pb_section fb_built=&#8221;1&#8243; disabled_on=&#8221;off|off|off&#8221; admin_label=&#8221;Stats&#8221; _builder_version=&#8221;4.16&#8243; background_enable_color=&#8221;off&#8221; use_background_color_gradient=&#8221;on&#8221; background_color_gradient_stops=&#8221;#013565 0%|#01377f 100%&#8221; background_color_gradient_start=&#8221;#013565&#8243; background_color_gradient_end=&#8221;#01377f&#8221; background_image=&#8221;https:\/\/faculdadeunibras.com.br\/quatromarcos\/wp-content\/uploads\/2021\/02\/blurb1-bg-image.png&#8221; width=&#8221;100%&#8221; module_alignment=&#8221;center&#8221; custom_margin=&#8221;||||true|false&#8221; custom_padding=&#8221;6px||6px||true|false&#8221; background_color_gradient_stops_tablet=&#8221;#013565 0%|#01377f 100%&#8221; background_color_gradient_stops_phone=&#8221;#013565 0%|#01377f 100%&#8221; global_module=&#8221;239127&#8243; saved_tabs=&#8221;all&#8221; locked=&#8221;off&#8221; global_colors_info=&#8221;{}&#8221; da_is_popup=&#8221;off&#8221; da_exit_intent=&#8221;off&#8221; da_has_close=&#8221;on&#8221; da_alt_close=&#8221;off&#8221; da_dark_close=&#8221;off&#8221; da_not_modal=&#8221;on&#8221; da_is_singular=&#8221;off&#8221; da_with_loader=&#8221;off&#8221; da_has_shadow=&#8221;on&#8221; da_disable_devices=&#8221;off|off|off&#8221;][et_pb_row column_structure=&#8221;3_5,2_5&#8243; _builder_version=&#8221;4.16&#8243; custom_margin=&#8221;|auto||auto|false|false&#8221; custom_padding=&#8221;0px||0px||true|false&#8221; global_colors_info=&#8221;{}&#8221;][et_pb_column type=&#8221;3_5&#8243; _builder_version=&#8221;4.16&#8243; global_colors_info=&#8221;{}&#8221;][\/et_pb_column][et_pb_column type=&#8221;2_5&#8243; _builder_version=&#8221;4.16&#8243; global_colors_info=&#8221;{}&#8221;][\/et_pb_column][\/et_pb_row][\/et_pb_section][et_pb_section fb_built=&#8221;1&#8243; custom_padding_last_edited=&#8221;on|desktop&#8221; _builder_version=&#8221;4.9.4&#8243; _module_preset=&#8221;default&#8221; background_color=&#8221;#262626&#8243; custom_margin=&#8221;||||true|false&#8221; custom_margin_tablet=&#8221;&#8221; custom_margin_phone=&#8221;&#8221; custom_margin_last_edited=&#8221;on|desktop&#8221; custom_padding=&#8221;47px||47px||true|false&#8221; custom_padding_tablet=&#8221;&#8221; custom_padding_phone=&#8221;&#8221; da_disable_devices=&#8221;off|off|off&#8221; global_module=&#8221;239128&#8243; saved_tabs=&#8221;all&#8221; global_colors_info=&#8221;{}&#8221; da_is_popup=&#8221;off&#8221; da_exit_intent=&#8221;off&#8221; da_has_close=&#8221;on&#8221; da_alt_close=&#8221;off&#8221; da_dark_close=&#8221;off&#8221; da_not_modal=&#8221;on&#8221; da_is_singular=&#8221;off&#8221; da_with_loader=&#8221;off&#8221; da_has_shadow=&#8221;on&#8221;][et_pb_row column_structure=&#8221;1_4,1_4,1_4,1_4&#8243; use_custom_gutter=&#8221;on&#8221; gutter_width=&#8221;1&#8243; custom_padding_last_edited=&#8221;on|desktop&#8221; _builder_version=&#8221;4.16&#8243; width=&#8221;100%&#8221; max_width=&#8221;1300px&#8221; custom_margin=&#8221;1px|auto|-30px|auto|false|false&#8221; custom_margin_tablet=&#8221;&#8221; custom_margin_phone=&#8221;&#8221; custom_margin_last_edited=&#8221;on|desktop&#8221; custom_padding=&#8221;1px|0px|1px|0px|true|true&#8221; custom_padding_tablet=&#8221;&#8221; custom_padding_phone=&#8221;||35px||false|false&#8221; global_colors_info=&#8221;{}&#8221;][et_pb_column type=&#8221;1_4&#8243; _builder_version=&#8221;4.16&#8243; background_enable_color=&#8221;off&#8221; custom_padding=&#8221;40px|40px|40px|40px|true|true&#8221; custom_padding_tablet=&#8221;|30px||30px|true|true&#8221; custom_padding_phone=&#8221;|20px||20px|true|true&#8221; custom_padding_last_edited=&#8221;on|desktop&#8221; border_radii=&#8221;on|10px|10px|10px|10px&#8221; global_colors_info=&#8221;{}&#8221;][et_pb_text _builder_version=&#8221;4.16&#8243; text_text_color=&#8221;#FFFFFF&#8221; custom_margin=&#8221;0px||19px||false|false&#8221; custom_padding=&#8221;10px|||10px|false|false&#8221; border_width_top=&#8221;1px&#8221; border_color_top=&#8221;#fec200&#8243; border_color_left=&#8221;#FEC200&#8243; global_colors_info=&#8221;{}&#8221;]<\/p>\n<h5><span style=\"color: white; font-size: 13px;\"><strong>Links \u00dateis<\/strong><\/span><\/h5>\n<p>[\/et_pb_text][et_pb_text _builder_version=&#8221;4.18.0&#8243; text_font=&#8221;||||||||&#8221; text_text_color=&#8221;#FFFFFF&#8221; custom_margin=&#8221;||21px|||&#8221; custom_margin_tablet=&#8221;&#8221; custom_margin_phone=&#8221;||0px||false|false&#8221; custom_margin_last_edited=&#8221;on|phone&#8221; custom_padding=&#8221;|||10px|false|false&#8221; custom_padding_tablet=&#8221;&#8221; custom_padding_phone=&#8221;&#8221; custom_padding_last_edited=&#8221;on|phone&#8221; global_colors_info=&#8221;{}&#8221;]<\/p>\n<p><a href=\"https:\/\/faculdadeunibras.com.br\/quatromarcos\/cursos-graduacao\/\"><strong>Cursos<\/strong><\/a><\/p>\n<p><a href=\"https:\/\/faculdadeunibras.com.br\/quatromarcos\/wp-content\/uploads\/2022\/10\/FACULDADE-UNIBRAS-DO-MATO-GROSSO-OK.pdf\"><strong>Edital<\/strong><\/a><\/p>\n<p><a href=\"https:\/\/faculdadeunibras.com.br\/quatromarcos\/inscricao\/\" target=\"_blank\" rel=\"noopener\"><strong>Vestibular<\/strong><\/a><\/p>\n<p><a href=\"https:\/\/faculdadeunibras.com.br\/quatromarcos\/inscricao\/pos-graduacao\/\" target=\"_blank\" rel=\"noopener\"><strong>P\u00f3s-Gradua\u00e7\u00e3o<\/strong><\/a><\/p>\n<p><a href=\"https:\/\/faculdadeunibras.com.br\/quatromarcos\/servicos\/biblioteca-virtual\/\"><strong>Biblioteca<\/strong><\/a><\/p>\n<p><a href=\"https:\/\/faculdadeunibras.com.br\/quatromarcos\/blog\/\"><strong>Blog<\/strong><\/a><\/p>\n<p>[\/et_pb_text][\/et_pb_column][et_pb_column type=&#8221;1_4&#8243; _builder_version=&#8221;4.16&#8243; background_enable_color=&#8221;off&#8221; custom_padding=&#8221;40px|40px|40px|40px|true|true&#8221; custom_padding_tablet=&#8221;|30px||30px|true|true&#8221; custom_padding_phone=&#8221;|20px||20px|true|true&#8221; custom_padding_last_edited=&#8221;on|desktop&#8221; border_radii=&#8221;on|10px|10px|10px|10px&#8221; global_colors_info=&#8221;{}&#8221;][et_pb_text _builder_version=&#8221;4.16&#8243; custom_margin=&#8221;0px||19px||false|false&#8221; custom_margin_tablet=&#8221;&#8221; custom_margin_phone=&#8221;0px||||false|false&#8221; custom_margin_last_edited=&#8221;on|phone&#8221; custom_padding=&#8221;10px|||10px|false|false&#8221; custom_padding_tablet=&#8221;&#8221; custom_padding_phone=&#8221;&#8221; custom_padding_last_edited=&#8221;on|phone&#8221; border_width_top=&#8221;1px&#8221; border_color_top=&#8221;#fec200&#8243; border_color_left=&#8221;#FEC200&#8243; global_colors_info=&#8221;{}&#8221;]<\/p>\n<h5><span style=\"color: white; font-size: 13px;\"><strong>Telefones<\/strong><\/span><\/h5>\n<p>[\/et_pb_text][et_pb_text _builder_version=&#8221;4.19.0&#8243; text_font=&#8221;|700|||||||&#8221; text_text_color=&#8221;#FFFFFF&#8221; custom_padding=&#8221;|||10px|false|false&#8221; global_colors_info=&#8221;{}&#8221;]<\/p>\n<p><span>Atendimento geral:<br \/><a href=\"tel:65996507481\">(65) 99650-7481<\/a><br \/><\/span>Whatsapp Comercial:<br \/><a href=\"https:\/\/api.whatsapp.com\/send?phone=5565999633426&amp;text=Ol%C3%A1!%20Meu%20nome%20%C3%A9%20\" target=\"_blank\" rel=\"noopener\">(65) 9 9963-3426<\/a><\/p>\n<p>[\/et_pb_text][et_pb_text _builder_version=&#8221;4.18.0&#8243; custom_margin=&#8221;39px||19px||false|false&#8221; custom_margin_tablet=&#8221;&#8221; custom_margin_phone=&#8221;86px||||false|false&#8221; custom_margin_last_edited=&#8221;on|desktop&#8221; custom_padding=&#8221;10px|||10px|false|false&#8221; border_width_top=&#8221;1px&#8221; border_color_top=&#8221;#fec200&#8243; border_color_left=&#8221;#FEC200&#8243; global_colors_info=&#8221;{}&#8221;]<\/p>\n<h5><span style=\"color: white; font-size: 13px;\"><strong>Ouvidoria Institucional<\/strong><\/span><\/h5>\n<p>[\/et_pb_text][et_pb_text _builder_version=&#8221;4.16&#8243; text_font=&#8221;|700|||||||&#8221; custom_margin=&#8221;||3px|||&#8221; custom_margin_tablet=&#8221;&#8221; custom_margin_phone=&#8221;||0px||false|false&#8221; custom_margin_last_edited=&#8221;on|phone&#8221; custom_padding=&#8221;|||10px|false|false&#8221; global_colors_info=&#8221;{}&#8221;]<\/p>\n<p><a href=\"https:\/\/faculdadeunibras.com.br\/quatromarcos\/ouvidoria\/\"><strong>Ouvidoria<\/strong><\/a><\/p>\n<p>[\/et_pb_text][\/et_pb_column][et_pb_column type=&#8221;1_4&#8243; _builder_version=&#8221;4.16&#8243; background_enable_color=&#8221;off&#8221; custom_padding=&#8221;40px|40px|40px|40px|true|true&#8221; custom_padding_tablet=&#8221;|30px||30px|true|true&#8221; custom_padding_phone=&#8221;|20px||20px|true|true&#8221; custom_padding_last_edited=&#8221;on|desktop&#8221; border_radii=&#8221;on|10px|10px|10px|10px&#8221; global_colors_info=&#8221;{}&#8221;][et_pb_text _builder_version=&#8221;4.16&#8243; custom_margin=&#8221;0px||19px||false|false&#8221; custom_margin_tablet=&#8221;&#8221; custom_margin_phone=&#8221;0px||||false|false&#8221; custom_margin_last_edited=&#8221;on|phone&#8221; custom_padding=&#8221;10px|||10px|false|false&#8221; custom_padding_tablet=&#8221;&#8221; custom_padding_phone=&#8221;&#8221; custom_padding_last_edited=&#8221;on|phone&#8221; border_width_top=&#8221;1px&#8221; border_color_top=&#8221;#fec200&#8243; border_color_left=&#8221;#FEC200&#8243; global_colors_info=&#8221;{}&#8221;]<\/p>\n<h5><span style=\"color: white; font-size: 13px;\"><strong>Informa\u00e7\u00f5es<\/strong><\/span><\/h5>\n<p>[\/et_pb_text][et_pb_text _builder_version=&#8221;4.16&#8243; text_font=&#8221;|700|||||||&#8221; custom_margin=&#8221;||11px|||&#8221; custom_padding=&#8221;|||10px|false|false&#8221; global_colors_info=&#8221;{}&#8221;]<\/p>\n<p><a href=\"https:\/\/faculdadeunibras.com.br\/quatromarcos\/politica-de-privacidade\/\"><strong>Politica de Privacidade<\/strong><\/a><\/p>\n<p>[\/et_pb_text][et_pb_text _builder_version=&#8221;4.16&#8243; text_font=&#8221;|700|||||||&#8221; custom_margin=&#8221;||11px|||&#8221; custom_padding=&#8221;|||10px|false|false&#8221; global_colors_info=&#8221;{}&#8221;]<\/p>\n<p><a href=\"https:\/\/faculdadeunibras.com.br\/quatromarcos\/contato-lgpd\/\">Contato LGPD<\/a><\/p>\n<p>[\/et_pb_text][et_pb_text _builder_version=&#8221;4.16&#8243; text_font=&#8221;|700|||||||&#8221; custom_margin=&#8221;||37px|||&#8221; custom_padding=&#8221;|||10px|false|false&#8221; global_colors_info=&#8221;{}&#8221;]<\/p>\n<p><strong><a href=\"https:\/\/faculdadeunibras.com.br\/quatromarcos\/bio\/\">Bio<\/a><\/strong><\/p>\n<p>[\/et_pb_text][\/et_pb_column][et_pb_column type=&#8221;1_4&#8243; _builder_version=&#8221;4.16&#8243; background_enable_color=&#8221;off&#8221; custom_padding=&#8221;40px|40px|40px|40px|true|true&#8221; custom_padding_tablet=&#8221;|30px||30px|true|true&#8221; custom_padding_phone=&#8221;|20px||20px|true|true&#8221; custom_padding_last_edited=&#8221;on|desktop&#8221; border_radii=&#8221;on|10px|10px|10px|10px&#8221; global_colors_info=&#8221;{}&#8221;][et_pb_text _builder_version=&#8221;4.16&#8243; custom_margin=&#8221;0px||19px||false|false&#8221; custom_margin_tablet=&#8221;&#8221; custom_margin_phone=&#8221;-29px||||false|false&#8221; custom_margin_last_edited=&#8221;on|desktop&#8221; custom_padding=&#8221;10px|||10px|false|false&#8221; border_width_top=&#8221;1px&#8221; border_color_top=&#8221;#fec200&#8243; border_color_left=&#8221;#FEC200&#8243; global_colors_info=&#8221;{}&#8221;]<\/p>\n<h5><span style=\"color: white; font-size: 13px;\"><strong>Endere\u00e7o<\/strong><\/span><\/h5>\n<p>[\/et_pb_text][et_pb_text _builder_version=&#8221;4.16&#8243; text_font=&#8221;||||||||&#8221; text_text_color=&#8221;#FFFFFF&#8221; custom_margin=&#8221;||21px|||&#8221; custom_margin_tablet=&#8221;&#8221; custom_margin_phone=&#8221;||0px||false|false&#8221; custom_margin_last_edited=&#8221;on|phone&#8221; custom_padding=&#8221;|||10px|false|false&#8221; global_colors_info=&#8221;{}&#8221;]<\/p>\n<p>AVENIDA PROJETADA II, N\u00b0 205 &#8211; S\u00e3o Jos\u00e9 dos Quatro Marcos \u2013 MT.<\/p>\n<p>[\/et_pb_text][\/et_pb_column][\/et_pb_row][\/et_pb_section][et_pb_section fb_built=&#8221;1&#8243; custom_padding_last_edited=&#8221;on|desktop&#8221; _builder_version=&#8221;4.14.2&#8243; _module_preset=&#8221;default&#8221; background_color=&#8221;#1e1e1e&#8221; custom_padding=&#8221;24px||24px||true|false&#8221; custom_padding_tablet=&#8221;&#8221; custom_padding_phone=&#8221;||10px||false|false&#8221; da_disable_devices=&#8221;off|off|off&#8221; global_module=&#8221;239129&#8243; saved_tabs=&#8221;all&#8221; global_colors_info=&#8221;{}&#8221; da_is_popup=&#8221;off&#8221; da_exit_intent=&#8221;off&#8221; da_has_close=&#8221;on&#8221; da_alt_close=&#8221;off&#8221; da_dark_close=&#8221;off&#8221; da_not_modal=&#8221;on&#8221; da_is_singular=&#8221;off&#8221; da_with_loader=&#8221;off&#8221; da_has_shadow=&#8221;on&#8221;][et_pb_row column_structure=&#8221;1_3,1_3,1_3&#8243; _builder_version=&#8221;4.16&#8243; _module_preset=&#8221;default&#8221; width=&#8221;100%&#8221; max_width=&#8221;1300px&#8221; custom_padding=&#8221;3px||5px|||&#8221; global_colors_info=&#8221;{}&#8221;][et_pb_column type=&#8221;1_3&#8243; _builder_version=&#8221;4.16&#8243; _module_preset=&#8221;default&#8221; global_colors_info=&#8221;{}&#8221;][et_pb_text _builder_version=&#8221;4.16&#8243; _module_preset=&#8221;default&#8221; text_font=&#8221;|700|||||||&#8221; text_text_color=&#8221;#FFFFFF&#8221; text_font_size=&#8221;15px&#8221; text_orientation=&#8221;center&#8221; width=&#8221;100%&#8221; custom_margin=&#8221;10px||||false|false&#8221; custom_margin_tablet=&#8221;&#8221; custom_margin_phone=&#8221;10px||||false|false&#8221; custom_margin_last_edited=&#8221;on|phone&#8221; custom_padding_tablet=&#8221;&#8221; custom_padding_phone=&#8221;&#8221; custom_padding_last_edited=&#8221;on|phone&#8221; global_colors_info=&#8221;{}&#8221;]<\/p>\n<p>Mais que educa\u00e7\u00e3o, transforma\u00e7\u00e3o social.<\/p>\n<p>[\/et_pb_text][\/et_pb_column][et_pb_column type=&#8221;1_3&#8243; _builder_version=&#8221;4.16&#8243; _module_preset=&#8221;default&#8221; global_colors_info=&#8221;{}&#8221;][et_pb_image src=&#8221;https:\/\/faculdadeunibras.com.br\/quatromarcos\/wp-content\/uploads\/2020\/11\/Unibras-Mato-Grosso-branca.png&#8221; title_text=&#8221;Unibras-Mato-Grosso-branca&#8221; align=&#8221;center&#8221; _builder_version=&#8221;4.17.3&#8243; _module_preset=&#8221;default&#8221; width=&#8221;45%&#8221; width_tablet=&#8221;&#8221; width_phone=&#8221;40%&#8221; width_last_edited=&#8221;on|phone&#8221; module_alignment=&#8221;center&#8221; custom_margin=&#8221;||||true&#8221; custom_margin_tablet=&#8221;&#8221; custom_margin_phone=&#8221;-9px||20px||false|false&#8221; custom_margin_last_edited=&#8221;on|phone&#8221; global_colors_info=&#8221;{}&#8221;][\/et_pb_image][\/et_pb_column][et_pb_column type=&#8221;1_3&#8243; _builder_version=&#8221;4.16&#8243; _module_preset=&#8221;default&#8221; global_colors_info=&#8221;{}&#8221;][\/et_pb_column][\/et_pb_row][\/et_pb_section]<\/p>\n","protected":false},"excerpt":{"rendered":"<p>Biblioteca VirtualLinks \u00dateisCursos Edital Vestibular P\u00f3s-Gradua\u00e7\u00e3o Biblioteca BlogTelefonesAtendimento geral:(65) 99650-7481Whatsapp Comercial:(65) 9 9963-3426Ouvidoria InstitucionalOuvidoriaInforma\u00e7\u00f5esPolitica de PrivacidadeContato LGPDBioEndere\u00e7oAVENIDA PROJETADA II, N\u00b0 205 &#8211; S\u00e3o Jos\u00e9 dos Quatro Marcos \u2013 MT.Mais que educa\u00e7\u00e3o, transforma\u00e7\u00e3o social.<\/p>\n","protected":false},"author":1,"featured_media":0,"parent":238936,"menu_order":0,"comment_status":"closed","ping_status":"closed","template":"","meta":{"_et_pb_use_builder":"on","_et_pb_old_content":"","_et_gb_content_width":"","footnotes":""},"class_list":["post-10138","page","type-page","status-publish","hentry"],"yoast_head":"<!-- This site is optimized with the Yoast SEO plugin v23.2 - https:\/\/yoast.com\/wordpress\/plugins\/seo\/ -->\n<title>Biblioteca Virtual - Faculdade UniBRAS<\/title>\n<meta name=\"robots\" content=\"index, follow, max-snippet:-1, max-image-preview:large, max-video-preview:-1\" \/>\n<link rel=\"canonical\" href=\"https:\/\/faculdadeunibras.com.br\/quatromarcos\/servicos\/biblioteca-virtual\/\" \/>\n<meta property=\"og:locale\" content=\"pt_BR\" \/>\n<meta property=\"og:type\" content=\"article\" \/>\n<meta property=\"og:title\" content=\"Biblioteca Virtual - Faculdade UniBRAS\" \/>\n<meta property=\"og:description\" content=\"Biblioteca VirtualLinks \u00dateisCursos Edital Vestibular P\u00f3s-Gradua\u00e7\u00e3o Biblioteca BlogTelefonesAtendimento geral:(65) 99650-7481Whatsapp Comercial:(65) 9 9963-3426Ouvidoria InstitucionalOuvidoriaInforma\u00e7\u00f5esPolitica de PrivacidadeContato LGPDBioEndere\u00e7oAVENIDA PROJETADA II, N\u00b0 205 - S\u00e3o Jos\u00e9 dos Quatro Marcos \u2013 MT.Mais que educa\u00e7\u00e3o, transforma\u00e7\u00e3o social.\" \/>\n<meta property=\"og:url\" content=\"https:\/\/faculdadeunibras.com.br\/quatromarcos\/servicos\/biblioteca-virtual\/\" \/>\n<meta property=\"og:site_name\" content=\"Faculdade UniBRAS\" \/>\n<meta property=\"article:modified_time\" content=\"2024-02-23T15:44:35+00:00\" \/>\n<meta name=\"twitter:card\" content=\"summary_large_image\" \/>\n<meta name=\"twitter:label1\" content=\"Est. tempo de leitura\" \/>\n\t<meta name=\"twitter:data1\" content=\"9 minutos\" \/>\n<script type=\"application\/ld+json\" class=\"yoast-schema-graph\">{\"@context\":\"https:\/\/schema.org\",\"@graph\":[{\"@type\":\"WebPage\",\"@id\":\"https:\/\/faculdadeunibras.com.br\/quatromarcos\/servicos\/biblioteca-virtual\/\",\"url\":\"https:\/\/faculdadeunibras.com.br\/quatromarcos\/servicos\/biblioteca-virtual\/\",\"name\":\"Biblioteca Virtual - Faculdade UniBRAS\",\"isPartOf\":{\"@id\":\"https:\/\/faculdadeunibras.com.br\/quatromarcos\/#website\"},\"datePublished\":\"2020-11-04T14:22:39+00:00\",\"dateModified\":\"2024-02-23T15:44:35+00:00\",\"breadcrumb\":{\"@id\":\"https:\/\/faculdadeunibras.com.br\/quatromarcos\/servicos\/biblioteca-virtual\/#breadcrumb\"},\"inLanguage\":\"pt-BR\",\"potentialAction\":[{\"@type\":\"ReadAction\",\"target\":[\"https:\/\/faculdadeunibras.com.br\/quatromarcos\/servicos\/biblioteca-virtual\/\"]}]},{\"@type\":\"BreadcrumbList\",\"@id\":\"https:\/\/faculdadeunibras.com.br\/quatromarcos\/servicos\/biblioteca-virtual\/#breadcrumb\",\"itemListElement\":[{\"@type\":\"ListItem\",\"position\":1,\"name\":\"Home\",\"item\":\"https:\/\/faculdadeunibras.com.br\/quatromarcos\/\"},{\"@type\":\"ListItem\",\"position\":2,\"name\":\"Servi\u00e7os\",\"item\":\"https:\/\/faculdadeunibras.com.br\/quatromarcos\/servicos\/\"},{\"@type\":\"ListItem\",\"position\":3,\"name\":\"Biblioteca Virtual\"}]},{\"@type\":\"WebSite\",\"@id\":\"https:\/\/faculdadeunibras.com.br\/quatromarcos\/#website\",\"url\":\"https:\/\/faculdadeunibras.com.br\/quatromarcos\/\",\"name\":\"Faculdade UniBRAS\",\"description\":\"Quatro Marcos\",\"potentialAction\":[{\"@type\":\"SearchAction\",\"target\":{\"@type\":\"EntryPoint\",\"urlTemplate\":\"https:\/\/faculdadeunibras.com.br\/quatromarcos\/?s={search_term_string}\"},\"query-input\":\"required name=search_term_string\"}],\"inLanguage\":\"pt-BR\"}]}<\/script>\n<!-- \/ Yoast SEO plugin. -->","yoast_head_json":{"title":"Biblioteca Virtual - Faculdade UniBRAS","robots":{"index":"index","follow":"follow","max-snippet":"max-snippet:-1","max-image-preview":"max-image-preview:large","max-video-preview":"max-video-preview:-1"},"canonical":"https:\/\/faculdadeunibras.com.br\/quatromarcos\/servicos\/biblioteca-virtual\/","og_locale":"pt_BR","og_type":"article","og_title":"Biblioteca Virtual - Faculdade UniBRAS","og_description":"Biblioteca VirtualLinks \u00dateisCursos Edital Vestibular P\u00f3s-Gradua\u00e7\u00e3o Biblioteca BlogTelefonesAtendimento geral:(65) 99650-7481Whatsapp Comercial:(65) 9 9963-3426Ouvidoria InstitucionalOuvidoriaInforma\u00e7\u00f5esPolitica de PrivacidadeContato LGPDBioEndere\u00e7oAVENIDA PROJETADA II, N\u00b0 205 - S\u00e3o Jos\u00e9 dos Quatro Marcos \u2013 MT.Mais que educa\u00e7\u00e3o, transforma\u00e7\u00e3o social.","og_url":"https:\/\/faculdadeunibras.com.br\/quatromarcos\/servicos\/biblioteca-virtual\/","og_site_name":"Faculdade UniBRAS","article_modified_time":"2024-02-23T15:44:35+00:00","twitter_card":"summary_large_image","twitter_misc":{"Est. tempo de leitura":"9 minutos"},"schema":{"@context":"https:\/\/schema.org","@graph":[{"@type":"WebPage","@id":"https:\/\/faculdadeunibras.com.br\/quatromarcos\/servicos\/biblioteca-virtual\/","url":"https:\/\/faculdadeunibras.com.br\/quatromarcos\/servicos\/biblioteca-virtual\/","name":"Biblioteca Virtual - Faculdade UniBRAS","isPartOf":{"@id":"https:\/\/faculdadeunibras.com.br\/quatromarcos\/#website"},"datePublished":"2020-11-04T14:22:39+00:00","dateModified":"2024-02-23T15:44:35+00:00","breadcrumb":{"@id":"https:\/\/faculdadeunibras.com.br\/quatromarcos\/servicos\/biblioteca-virtual\/#breadcrumb"},"inLanguage":"pt-BR","potentialAction":[{"@type":"ReadAction","target":["https:\/\/faculdadeunibras.com.br\/quatromarcos\/servicos\/biblioteca-virtual\/"]}]},{"@type":"BreadcrumbList","@id":"https:\/\/faculdadeunibras.com.br\/quatromarcos\/servicos\/biblioteca-virtual\/#breadcrumb","itemListElement":[{"@type":"ListItem","position":1,"name":"Home","item":"https:\/\/faculdadeunibras.com.br\/quatromarcos\/"},{"@type":"ListItem","position":2,"name":"Servi\u00e7os","item":"https:\/\/faculdadeunibras.com.br\/quatromarcos\/servicos\/"},{"@type":"ListItem","position":3,"name":"Biblioteca Virtual"}]},{"@type":"WebSite","@id":"https:\/\/faculdadeunibras.com.br\/quatromarcos\/#website","url":"https:\/\/faculdadeunibras.com.br\/quatromarcos\/","name":"Faculdade UniBRAS","description":"Quatro Marcos","potentialAction":[{"@type":"SearchAction","target":{"@type":"EntryPoint","urlTemplate":"https:\/\/faculdadeunibras.com.br\/quatromarcos\/?s={search_term_string}"},"query-input":"required name=search_term_string"}],"inLanguage":"pt-BR"}]}},"_links":{"self":[{"href":"https:\/\/faculdadeunibras.com.br\/quatromarcos\/wp-json\/wp\/v2\/pages\/10138","targetHints":{"allow":["GET"]}}],"collection":[{"href":"https:\/\/faculdadeunibras.com.br\/quatromarcos\/wp-json\/wp\/v2\/pages"}],"about":[{"href":"https:\/\/faculdadeunibras.com.br\/quatromarcos\/wp-json\/wp\/v2\/types\/page"}],"author":[{"embeddable":true,"href":"https:\/\/faculdadeunibras.com.br\/quatromarcos\/wp-json\/wp\/v2\/users\/1"}],"replies":[{"embeddable":true,"href":"https:\/\/faculdadeunibras.com.br\/quatromarcos\/wp-json\/wp\/v2\/comments?post=10138"}],"version-history":[{"count":6,"href":"https:\/\/faculdadeunibras.com.br\/quatromarcos\/wp-json\/wp\/v2\/pages\/10138\/revisions"}],"predecessor-version":[{"id":992193,"href":"https:\/\/faculdadeunibras.com.br\/quatromarcos\/wp-json\/wp\/v2\/pages\/10138\/revisions\/992193"}],"up":[{"embeddable":true,"href":"https:\/\/faculdadeunibras.com.br\/quatromarcos\/wp-json\/wp\/v2\/pages\/238936"}],"wp:attachment":[{"href":"https:\/\/faculdadeunibras.com.br\/quatromarcos\/wp-json\/wp\/v2\/media?parent=10138"}],"curies":[{"name":"wp","href":"https:\/\/api.w.org\/{rel}","templated":true}]}}