{"id":10217,"date":"2020-11-04T12:14:59","date_gmt":"2020-11-04T15:14:59","guid":{"rendered":"https:\/\/faculdadeunibras.com.br\/quatromarcos\/?page_id=10217"},"modified":"2021-08-25T16:41:30","modified_gmt":"2021-08-25T19:41:30","slug":"formularios","status":"publish","type":"page","link":"https:\/\/faculdadeunibras.com.br\/quatromarcos\/formularios\/","title":{"rendered":"Formul\u00e1rios"},"content":{"rendered":"<p>[et_pb_section fb_built=&#8221;1&#8243; _builder_version=&#8221;4.9.9&#8243; _module_preset=&#8221;default&#8221; custom_padding=&#8221;19px||3px|||&#8221; global_colors_info=&#8221;{}&#8221;][et_pb_row _builder_version=&#8221;4.9.9&#8243; _module_preset=&#8221;default&#8221; custom_padding=&#8221;20px||7px|||&#8221; global_colors_info=&#8221;{}&#8221;][et_pb_column type=&#8221;4_4&#8243; _builder_version=&#8221;4.9.7&#8243; _module_preset=&#8221;default&#8221; global_colors_info=&#8221;{}&#8221;][et_pb_text _builder_version=&#8221;4.9.11&#8243; text_font=&#8221;|700|||||||&#8221; text_text_color=&#8221;#16466E&#8221; text_font_size=&#8221;21px&#8221; width=&#8221;100%&#8221; width_tablet=&#8221;&#8221; width_phone=&#8221;100%&#8221; width_last_edited=&#8221;on|desktop&#8221; module_alignment=&#8221;left&#8221; custom_padding=&#8221;||11px|||&#8221; hover_enabled=&#8221;0&#8243; text_font_size_tablet=&#8221;&#8221; text_font_size_phone=&#8221;17px&#8221; text_font_size_last_edited=&#8221;on|desktop&#8221; text_orientation_tablet=&#8221;&#8221; text_orientation_phone=&#8221;&#8221; text_orientation_last_edited=&#8221;on|desktop&#8221; border_width_bottom=&#8221;1px&#8221; border_color_bottom=&#8221;#FBB01B&#8221; global_colors_info=&#8221;{}&#8221; sticky_enabled=&#8221;0&#8243;]<\/p>\n<p>Formul\u00e1rios<\/p>\n<p>[\/et_pb_text][\/et_pb_column][\/et_pb_row][\/et_pb_section][et_pb_section fb_built=&#8221;1&#8243; _builder_version=&#8221;4.6.6&#8243; _module_preset=&#8221;default&#8221; custom_padding=&#8221;1px|||||&#8221; global_colors_info=&#8221;{}&#8221;][et_pb_row _builder_version=&#8221;4.6.6&#8243; _module_preset=&#8221;default&#8221; global_colors_info=&#8221;{}&#8221;][et_pb_column type=&#8221;4_4&#8243; _builder_version=&#8221;4.6.6&#8243; _module_preset=&#8221;default&#8221; global_colors_info=&#8221;{}&#8221;][et_pb_text _builder_version=&#8221;4.9.11&#8243; _module_preset=&#8221;default&#8221; hover_enabled=&#8221;0&#8243; global_colors_info=&#8221;{}&#8221; sticky_enabled=&#8221;0&#8243;]<\/p>\n<p><strong><a href=\"https:\/\/faculdadeunibras.com.br\/quatromarcos\/wp-content\/uploads\/2020\/11\/NOVO-REQUERIMENTO-DE-RED.pdf\">REQUERIMENTO DE RED<\/a><\/strong><\/p>\n<p><strong><a href=\"https:\/\/faculdadeunibras.com.br\/quatromarcos\/wp-content\/uploads\/2020\/11\/NOVO-REQUERIMENTO-DE-N3.pdf\">REQUERIMENTO DE N3<\/a><\/strong><\/p>\n<p><strong><a href=\"https:\/\/faculdadeunibras.com.br\/quatromarcos\/wp-content\/uploads\/2020\/11\/NOVO-REQUERIMENTO-DE-N1-E-N2.pdf\">REQUERIMENTO DE N1 E N2<\/a><\/strong><\/p>\n<p><strong><a href=\"https:\/\/faculdadeunibras.com.br\/quatromarcos\/wp-content\/uploads\/2020\/11\/REQUERIMENTO-DE-INCLUSAO.pdf\">REQUERIMENTO DE INCLUS\u00c3O<\/a><\/strong><\/p>\n<p><strong><a href=\"https:\/\/faculdadeunibras.com.br\/quatromarcos\/wp-content\/uploads\/2020\/11\/PROTOCOLO-APROVEITAMENTO-DE-ESTUDOS.pdf\">PROTOCOLO APROVEITAMENTO DE ESTUDOS<\/a><\/strong><\/p>\n<p><strong><a href=\"https:\/\/faculdadeunibras.com.br\/quatromarcos\/wp-content\/uploads\/2020\/11\/NOVO-REQUERIMENTO-SOLICITACOES-ADMINISTRATIVAS.pdf\">REQUERIMENTO SOLICITA\u00c7\u00d5ES ADMINISTRATIVAS<\/a><\/strong><\/p>\n<p><strong><a href=\"https:\/\/faculdadeunibras.com.br\/quatromarcos\/wp-content\/uploads\/2020\/11\/NOVO-REQUERIMENTO-DE-SUBSTITUTIVA.pdf\">REQUERIMENTO DE SUBSTITUTIVA<\/a><\/strong><\/p>\n<p><strong><a href=\"https:\/\/faculdadeunibras.com.br\/quatromarcos\/wp-content\/uploads\/2020\/11\/NOVO-REQUERIMENTO-DE-REVISAO-DE-FALTAS.pdf\">REQUERIMENTO DE REVIS\u00c3O DE FALTAS<\/a><\/strong><\/p>\n<p><strong><a href=\"https:\/\/faculdadeunibras.com.br\/quatromarcos\/wp-content\/uploads\/2020\/11\/NOVO-REQUERIMENTO-DE-REVISAO-DE-AVALIACAO.pdf\">REQUERIMENTO DE REVIS\u00c3O DE AVALIA\u00c7\u00c3O<\/a><\/strong><\/p>\n<p><strong><a href=\"https:\/\/faculdadeunibras.com.br\/quatromarcos\/wp-content\/uploads\/2020\/11\/NOVO-REQUERIMENTO-DE-reposicao.pdf\">REQUERIMENTO DE REPOSI\u00c7\u00c3O<\/a><\/strong><\/p>\n<div id=\"themify_builder_content-3096\" data-postid=\"3096\" class=\"themify_builder_content themify_builder_content-3096 themify_builder\"><\/div>\n<p><strong>\u00a0<\/strong><\/p>\n<p>[\/et_pb_text][\/et_pb_column][\/et_pb_row][\/et_pb_section][et_pb_section fb_built=&#8221;1&#8243; disabled_on=&#8221;off|off|off&#8221; admin_label=&#8221;Stats&#8221; _builder_version=&#8221;4.9.4&#8243; background_enable_color=&#8221;off&#8221; use_background_color_gradient=&#8221;on&#8221; background_color_gradient_start=&#8221;#013565&#8243; background_color_gradient_end=&#8221;#01377f&#8221; background_image=&#8221;https:\/\/faculdadeunibras.com.br\/quatromarcos\/wp-content\/uploads\/2021\/02\/blurb1-bg-image.png&#8221; width=&#8221;100%&#8221; module_alignment=&#8221;center&#8221; custom_margin=&#8221;||||true|false&#8221; custom_padding=&#8221;6px||6px||true|false&#8221; global_module=&#8221;239127&#8243; saved_tabs=&#8221;all&#8221; locked=&#8221;off&#8221; global_colors_info=&#8221;{}&#8221;][et_pb_row column_structure=&#8221;3_5,2_5&#8243; _builder_version=&#8221;4.9.4&#8243; custom_margin=&#8221;|auto||auto|false|false&#8221; custom_padding=&#8221;0px||0px||true|false&#8221; global_colors_info=&#8221;{}&#8221;][et_pb_column type=&#8221;3_5&#8243; _builder_version=&#8221;4.0.8&#8243; global_colors_info=&#8221;{}&#8221;][\/et_pb_column][et_pb_column type=&#8221;2_5&#8243; _builder_version=&#8221;4.0.8&#8243; global_colors_info=&#8221;{}&#8221;][\/et_pb_column][\/et_pb_row][\/et_pb_section][et_pb_section fb_built=&#8221;1&#8243; custom_padding_last_edited=&#8221;on|desktop&#8221; _builder_version=&#8221;4.9.4&#8243; _module_preset=&#8221;default&#8221; background_color=&#8221;#262626&#8243; custom_margin=&#8221;||||true|false&#8221; custom_margin_tablet=&#8221;&#8221; custom_margin_phone=&#8221;&#8221; custom_margin_last_edited=&#8221;on|desktop&#8221; custom_padding=&#8221;47px||47px||true|false&#8221; custom_padding_tablet=&#8221;&#8221; custom_padding_phone=&#8221;&#8221; global_module=&#8221;239128&#8243; saved_tabs=&#8221;all&#8221; global_colors_info=&#8221;{}&#8221;][et_pb_row column_structure=&#8221;1_4,1_4,1_4,1_4&#8243; use_custom_gutter=&#8221;on&#8221; gutter_width=&#8221;1&#8243; custom_padding_last_edited=&#8221;on|desktop&#8221; _builder_version=&#8221;4.9.7&#8243; width=&#8221;100%&#8221; max_width=&#8221;1300px&#8221; custom_margin=&#8221;1px|auto|-30px|auto|false|false&#8221; custom_margin_tablet=&#8221;&#8221; custom_margin_phone=&#8221;&#8221; custom_margin_last_edited=&#8221;on|desktop&#8221; custom_padding=&#8221;1px|0px|1px|0px|true|true&#8221; custom_padding_tablet=&#8221;&#8221; custom_padding_phone=&#8221;||35px||false|false&#8221; global_colors_info=&#8221;{}&#8221;][et_pb_column type=&#8221;1_4&#8243; _builder_version=&#8221;4.9.4&#8243; background_enable_color=&#8221;off&#8221; custom_padding=&#8221;40px|40px|40px|40px|true|true&#8221; custom_padding_tablet=&#8221;|30px||30px|true|true&#8221; custom_padding_phone=&#8221;|20px||20px|true|true&#8221; custom_padding_last_edited=&#8221;on|desktop&#8221; border_radii=&#8221;on|10px|10px|10px|10px&#8221; global_colors_info=&#8221;{}&#8221;][et_pb_text _builder_version=&#8221;4.9.4&#8243; text_text_color=&#8221;#FFFFFF&#8221; custom_margin=&#8221;0px||19px||false|false&#8221; custom_padding=&#8221;10px|||10px|false|false&#8221; border_width_top=&#8221;1px&#8221; border_color_top=&#8221;#fec200&#8243; border_color_left=&#8221;#FEC200&#8243; global_colors_info=&#8221;{}&#8221;]<\/p>\n<h5><span style=\"color: white; font-size: 13px;\"><strong>Links \u00dateis<\/strong><\/span><\/h5>\n<p>[\/et_pb_text][et_pb_text _builder_version=&#8221;4.9.4&#8243; text_font=&#8221;||||||||&#8221; text_text_color=&#8221;#FFFFFF&#8221; custom_margin=&#8221;||21px|||&#8221; custom_margin_tablet=&#8221;&#8221; custom_margin_phone=&#8221;||0px||false|false&#8221; custom_margin_last_edited=&#8221;on|phone&#8221; custom_padding=&#8221;|||10px|false|false&#8221; custom_padding_tablet=&#8221;&#8221; custom_padding_phone=&#8221;&#8221; custom_padding_last_edited=&#8221;on|phone&#8221; global_colors_info=&#8221;{}&#8221;]<\/p>\n<p><a href=\"https:\/\/faculdadeunibras.com.br\/quatromarcos\/cursos-graduacao\/\"><strong>Cursos<\/strong><\/a><\/p>\n<p><a href=\"https:\/\/faculdadeunibras.com.br\/quatromarcos\/edital\/EDITAL-21-2.pdf\" target=\"_blank\" rel=\"noopener\"><strong>Edital<\/strong><\/a><\/p>\n<p><a href=\"https:\/\/faculdadeunibras.com.br\/quatromarcos\/inscricao\/\" target=\"_blank\" rel=\"noopener\"><strong>Vestibular<\/strong><\/a><\/p>\n<p><a href=\"https:\/\/faculdadeunibras.com.br\/quatromarcos\/inscricao\/pos-graduacao\/\" target=\"_blank\" rel=\"noopener\"><strong>P\u00f3s-Gradua\u00e7\u00e3o<\/strong><\/a><\/p>\n<p><a href=\"https:\/\/faculdadeunibras.com.br\/quatromarcos\/servicos\/biblioteca-virtual\/\"><strong>Biblioteca<\/strong><\/a><\/p>\n<p><a href=\"https:\/\/faculdadeunibras.com.br\/quatromarcos\/blog\/\"><strong>Blog<\/strong><\/a><\/p>\n<p>[\/et_pb_text][\/et_pb_column][et_pb_column type=&#8221;1_4&#8243; _builder_version=&#8221;4.9.4&#8243; background_enable_color=&#8221;off&#8221; custom_padding=&#8221;40px|40px|40px|40px|true|true&#8221; custom_padding_tablet=&#8221;|30px||30px|true|true&#8221; custom_padding_phone=&#8221;|20px||20px|true|true&#8221; custom_padding_last_edited=&#8221;on|desktop&#8221; border_radii=&#8221;on|10px|10px|10px|10px&#8221; global_colors_info=&#8221;{}&#8221;][et_pb_text _builder_version=&#8221;4.9.4&#8243; custom_margin=&#8221;0px||19px||false|false&#8221; custom_margin_tablet=&#8221;&#8221; custom_margin_phone=&#8221;-35px||||false|false&#8221; custom_margin_last_edited=&#8221;on|phone&#8221; custom_padding=&#8221;10px|||10px|false|false&#8221; custom_padding_tablet=&#8221;&#8221; custom_padding_phone=&#8221;&#8221; custom_padding_last_edited=&#8221;on|phone&#8221; border_width_top=&#8221;1px&#8221; border_color_top=&#8221;#fec200&#8243; border_color_left=&#8221;#FEC200&#8243; global_colors_info=&#8221;{}&#8221;]<\/p>\n<h5><span style=\"color: white;font-size:13px\"><strong>Telefones<\/strong><\/span><\/h5>\n<p>[\/et_pb_text][et_pb_text _builder_version=&#8221;4.9.11&#8243; text_font=&#8221;|700|||||||&#8221; text_text_color=&#8221;#FFFFFF&#8221; custom_padding=&#8221;|||10px|false|false&#8221; global_colors_info=&#8221;{}&#8221;]<\/p>\n<p><span>Comercial: <a href=\"tel:65999633426\">(65) 9 9963-3426<\/a><br \/><\/span>Whatsapp Comercial: <a href=\"https:\/\/api.whatsapp.com\/send?phone=5565999633426&amp;text=Ol%C3%A1!%20Meu%20nome%20%C3%A9%20\" target=\"_blank\" rel=\"noopener\">(65) 9 9963-3426<\/a><\/p>\n<p>[\/et_pb_text][et_pb_text _builder_version=&#8221;4.9.7&#8243; custom_margin=&#8221;35px||19px||false|false&#8221; custom_margin_tablet=&#8221;&#8221; custom_margin_phone=&#8221;&#8221; custom_margin_last_edited=&#8221;on|desktop&#8221; custom_padding=&#8221;10px|||10px|false|false&#8221; border_width_top=&#8221;1px&#8221; border_color_top=&#8221;#fec200&#8243; border_color_left=&#8221;#FEC200&#8243; global_colors_info=&#8221;{}&#8221;]<\/p>\n<h5><span style=\"color: white; font-size: 13px;\"><strong>Endere\u00e7o<\/strong><\/span><\/h5>\n<p>[\/et_pb_text][et_pb_text _builder_version=&#8221;4.9.4&#8243; text_font=&#8221;||||||||&#8221; text_text_color=&#8221;#FFFFFF&#8221; custom_margin=&#8221;||21px|||&#8221; custom_margin_tablet=&#8221;&#8221; custom_margin_phone=&#8221;||0px||false|false&#8221; custom_margin_last_edited=&#8221;on|phone&#8221; custom_padding=&#8221;|||10px|false|false&#8221; global_colors_info=&#8221;{}&#8221;]AVENIDA PROJETADA II, N\u00b0 205 &#8211; S\u00e3o Jos\u00e9 dos Quatro Marcos \u2013 MT.[\/et_pb_text][\/et_pb_column][et_pb_column type=&#8221;1_4&#8243; _builder_version=&#8221;4.9.4&#8243; background_enable_color=&#8221;off&#8221; custom_padding=&#8221;40px|40px|40px|40px|true|true&#8221; custom_padding_tablet=&#8221;|30px||30px|true|true&#8221; custom_padding_phone=&#8221;|20px||20px|true|true&#8221; custom_padding_last_edited=&#8221;on|desktop&#8221; border_radii=&#8221;on|10px|10px|10px|10px&#8221; global_colors_info=&#8221;{}&#8221;][et_pb_text _builder_version=&#8221;4.9.4&#8243; custom_margin=&#8221;0px||19px||false|false&#8221; custom_margin_tablet=&#8221;&#8221; custom_margin_phone=&#8221;-35px||||false|false&#8221; custom_margin_last_edited=&#8221;on|phone&#8221; custom_padding=&#8221;10px|||10px|false|false&#8221; custom_padding_tablet=&#8221;&#8221; custom_padding_phone=&#8221;&#8221; custom_padding_last_edited=&#8221;on|phone&#8221; border_width_top=&#8221;1px&#8221; border_color_top=&#8221;#fec200&#8243; border_color_left=&#8221;#FEC200&#8243; global_colors_info=&#8221;{}&#8221;]<\/p>\n<h5><span style=\"color: white;font-size:13px\"><strong>Informa\u00e7\u00f5es<\/strong><\/span><\/h5>\n<p>[\/et_pb_text][et_pb_text _builder_version=&#8221;4.9.4&#8243; text_font=&#8221;|700|||||||&#8221; custom_margin=&#8221;||11px|||&#8221; custom_padding=&#8221;|||10px|false|false&#8221; global_colors_info=&#8221;{}&#8221;]<\/p>\n<p><a href=\"https:\/\/faculdadeunibras.com.br\/quatromarcos\/politica-de-privacidade\/\"><strong>Politica de Privacidade<\/strong><\/a><\/p>\n<p>[\/et_pb_text][et_pb_text _builder_version=&#8221;4.9.4&#8243; text_font=&#8221;|700|||||||&#8221; custom_margin=&#8221;||37px|||&#8221; custom_padding=&#8221;|||10px|false|false&#8221; global_colors_info=&#8221;{}&#8221;]<\/p>\n<p><strong><a href=\"https:\/\/faculdadeunibras.com.br\/quatromarcos\/bio\/\">Bio<\/a><\/strong><\/p>\n<p>[\/et_pb_text][et_pb_text _builder_version=&#8221;4.9.4&#8243; custom_margin=&#8221;0px||19px||false|false&#8221; custom_padding=&#8221;10px|||10px|false|false&#8221; border_width_top=&#8221;1px&#8221; border_color_top=&#8221;#fec200&#8243; border_color_left=&#8221;#FEC200&#8243; global_colors_info=&#8221;{}&#8221;]<\/p>\n<h5><span style=\"color: white;font-size:13px\"><strong>Central de Atendimentos<\/strong><\/span><\/h5>\n<p>[\/et_pb_text][et_pb_text _builder_version=&#8221;4.9.4&#8243; text_font=&#8221;|700|||||||&#8221; custom_margin=&#8221;||45px|||&#8221; custom_margin_tablet=&#8221;&#8221; custom_margin_phone=&#8221;||0px||false|false&#8221; custom_margin_last_edited=&#8221;on|phone&#8221; custom_padding=&#8221;|||10px|false|false&#8221; global_colors_info=&#8221;{}&#8221;]<\/p>\n<p><a href=\"https:\/\/faculdadeunibras.com.br\/quatromarcos\/ouvidoria\/\"><strong>Ouvidoria<\/strong><\/a><\/p>\n<p>[\/et_pb_text][\/et_pb_column][et_pb_column type=&#8221;1_4&#8243; _builder_version=&#8221;4.9.4&#8243; background_enable_color=&#8221;off&#8221; custom_padding=&#8221;40px|40px|40px|40px|true|true&#8221; custom_padding_tablet=&#8221;|30px||30px|true|true&#8221; custom_padding_phone=&#8221;|20px||20px|true|true&#8221; custom_padding_last_edited=&#8221;on|desktop&#8221; border_radii=&#8221;on|10px|10px|10px|10px&#8221; global_colors_info=&#8221;{}&#8221;][et_pb_image src=&#8221;https:\/\/faculdadeunibras.com.br\/quatromarcos\/wp-content\/uploads\/2020\/11\/Unibras-Faculdade-Quatro-Marcos-branca-1.png&#8221; title_text=&#8221;Unibras &#8211; Faculdade Quatro Marcos-branca (1)&#8221; _builder_version=&#8221;4.9.7&#8243; _module_preset=&#8221;default&#8221; width=&#8221;100%&#8221; width_tablet=&#8221;&#8221; width_phone=&#8221;56%&#8221; width_last_edited=&#8221;on|phone&#8221; module_alignment=&#8221;left&#8221; global_colors_info=&#8221;{}&#8221;][\/et_pb_image][et_pb_text _builder_version=&#8221;4.9.7&#8243; custom_margin=&#8221;35px||19px||false|false&#8221; custom_margin_tablet=&#8221;&#8221; custom_margin_phone=&#8221;35px||||false|false&#8221; custom_margin_last_edited=&#8221;on|phone&#8221; custom_padding=&#8221;10px|||10px|false|false&#8221; custom_padding_tablet=&#8221;&#8221; custom_padding_phone=&#8221;&#8221; custom_padding_last_edited=&#8221;on|phone&#8221; border_width_top=&#8221;1px&#8221; border_color_top=&#8221;#fec200&#8243; border_color_left=&#8221;#FEC200&#8243; global_colors_info=&#8221;{}&#8221;]<\/p>\n<h5><span style=\"color: white; font-size: 13px;\"><strong>IES Parte do ecossistema<\/strong><\/span><\/h5>\n<p>[\/et_pb_text][et_pb_image src=&#8221;https:\/\/faculdadeunibras.com.br\/quatromarcos\/wp-content\/uploads\/2021\/06\/Ecossistema-Brasilia-Educacional-Branca-1.png&#8221; title_text=&#8221;Ecossistema Bras\u00edlia Educacional Branca (1)&#8221; url=&#8221;https:\/\/brasiliaeducacional.com.br\/&#8221; url_new_window=&#8221;on&#8221; _builder_version=&#8221;4.9.7&#8243; _module_preset=&#8221;default&#8221; width_tablet=&#8221;&#8221; width_phone=&#8221;55%&#8221; width_last_edited=&#8221;on|phone&#8221; module_alignment=&#8221;left&#8221; global_colors_info=&#8221;{}&#8221;][\/et_pb_image][\/et_pb_column][\/et_pb_row][\/et_pb_section][et_pb_section fb_built=&#8221;1&#8243; custom_padding_last_edited=&#8221;on|desktop&#8221; _builder_version=&#8221;4.9.4&#8243; _module_preset=&#8221;default&#8221; background_color=&#8221;#002559&#8243; custom_padding=&#8221;24px||24px||true|false&#8221; custom_padding_tablet=&#8221;&#8221; custom_padding_phone=&#8221;||10px||false|false&#8221; global_module=&#8221;239129&#8243; saved_tabs=&#8221;all&#8221; global_colors_info=&#8221;{}&#8221;][et_pb_row column_structure=&#8221;1_3,1_3,1_3&#8243; _builder_version=&#8221;4.9.4&#8243; _module_preset=&#8221;default&#8221; width=&#8221;100%&#8221; max_width=&#8221;1300px&#8221; custom_padding=&#8221;3px||5px|||&#8221; global_colors_info=&#8221;{}&#8221;][et_pb_column type=&#8221;1_3&#8243; _builder_version=&#8221;4.9.2&#8243; _module_preset=&#8221;default&#8221; global_colors_info=&#8221;{}&#8221;][et_pb_text _builder_version=&#8221;4.9.4&#8243; _module_preset=&#8221;default&#8221; text_font=&#8221;|700|||||||&#8221; text_text_color=&#8221;#FFFFFF&#8221; text_font_size=&#8221;15px&#8221; text_orientation=&#8221;center&#8221; width=&#8221;100%&#8221; custom_margin=&#8221;10px||||false|false&#8221; custom_margin_tablet=&#8221;&#8221; custom_margin_phone=&#8221;10px||||false|false&#8221; custom_margin_last_edited=&#8221;on|phone&#8221; custom_padding_tablet=&#8221;&#8221; custom_padding_phone=&#8221;&#8221; custom_padding_last_edited=&#8221;on|phone&#8221; global_colors_info=&#8221;{}&#8221;]<\/p>\n<p>Mais que educa\u00e7\u00e3o, transforma\u00e7\u00e3o social.<\/p>\n<p>[\/et_pb_text][\/et_pb_column][et_pb_column type=&#8221;1_3&#8243; _builder_version=&#8221;4.9.2&#8243; _module_preset=&#8221;default&#8221; global_colors_info=&#8221;{}&#8221;][\/et_pb_column][et_pb_column type=&#8221;1_3&#8243; _builder_version=&#8221;4.9.2&#8243; _module_preset=&#8221;default&#8221; global_colors_info=&#8221;{}&#8221;][et_pb_text _builder_version=&#8221;4.9.4&#8243; _module_preset=&#8221;default&#8221; text_font=&#8221;|700|||||||&#8221; text_text_color=&#8221;#FFFFFF&#8221; text_font_size=&#8221;15px&#8221; text_orientation=&#8221;right&#8221; width=&#8221;100%&#8221; custom_margin=&#8221;10px||||false|false&#8221; custom_margin_tablet=&#8221;&#8221; custom_margin_phone=&#8221;-31px||||false|false&#8221; custom_margin_last_edited=&#8221;on|phone&#8221; custom_padding_tablet=&#8221;&#8221; custom_padding_phone=&#8221;&#8221; custom_padding_last_edited=&#8221;on|phone&#8221; text_orientation_tablet=&#8221;&#8221; text_orientation_phone=&#8221;center&#8221; text_orientation_last_edited=&#8221;on|phone&#8221; global_colors_info=&#8221;{}&#8221;]<\/p>\n<p>Ecossistema BRAS\u00cdLIA Educacional.<\/p>\n<p>[\/et_pb_text][\/et_pb_column][\/et_pb_row][\/et_pb_section]<\/p>\n","protected":false},"excerpt":{"rendered":"<p>Formul\u00e1riosREQUERIMENTO DE RED REQUERIMENTO DE N3 REQUERIMENTO DE N1 E N2 REQUERIMENTO DE INCLUS\u00c3O PROTOCOLO APROVEITAMENTO DE ESTUDOS REQUERIMENTO SOLICITA\u00c7\u00d5ES ADMINISTRATIVAS REQUERIMENTO DE SUBSTITUTIVA REQUERIMENTO DE REVIS\u00c3O DE FALTAS REQUERIMENTO DE REVIS\u00c3O DE AVALIA\u00c7\u00c3O REQUERIMENTO DE REPOSI\u00c7\u00c3O \u00a0Links \u00dateisCursos Edital Vestibular P\u00f3s-Gradua\u00e7\u00e3o Biblioteca BlogTelefonesComercial: (65) 9 9963-3426Whatsapp Comercial: (65) 9 9963-3426Endere\u00e7oAVENIDA PROJETADA II, N\u00b0 205 [&hellip;]<\/p>\n","protected":false},"author":1,"featured_media":0,"parent":0,"menu_order":0,"comment_status":"closed","ping_status":"closed","template":"","meta":{"_et_pb_use_builder":"on","_et_pb_old_content":"","_et_gb_content_width":"","footnotes":""},"class_list":["post-10217","page","type-page","status-publish","hentry"],"yoast_head":"<!-- This site is optimized with the Yoast SEO plugin v23.2 - https:\/\/yoast.com\/wordpress\/plugins\/seo\/ -->\n<title>Formul\u00e1rios - Faculdade UniBRAS<\/title>\n<meta name=\"robots\" content=\"index, follow, max-snippet:-1, max-image-preview:large, max-video-preview:-1\" \/>\n<link rel=\"canonical\" href=\"https:\/\/faculdadeunibras.com.br\/quatromarcos\/formularios\/\" \/>\n<meta property=\"og:locale\" content=\"pt_BR\" \/>\n<meta property=\"og:type\" content=\"article\" \/>\n<meta property=\"og:title\" content=\"Formul\u00e1rios - Faculdade UniBRAS\" \/>\n<meta property=\"og:description\" content=\"Formul\u00e1riosREQUERIMENTO DE RED REQUERIMENTO DE N3 REQUERIMENTO DE N1 E N2 REQUERIMENTO DE INCLUS\u00c3O PROTOCOLO APROVEITAMENTO DE ESTUDOS REQUERIMENTO SOLICITA\u00c7\u00d5ES ADMINISTRATIVAS REQUERIMENTO DE SUBSTITUTIVA REQUERIMENTO DE REVIS\u00c3O DE FALTAS REQUERIMENTO DE REVIS\u00c3O DE AVALIA\u00c7\u00c3O REQUERIMENTO DE REPOSI\u00c7\u00c3O \u00a0Links \u00dateisCursos Edital Vestibular P\u00f3s-Gradua\u00e7\u00e3o Biblioteca BlogTelefonesComercial: (65) 9 9963-3426Whatsapp Comercial: (65) 9 9963-3426Endere\u00e7oAVENIDA PROJETADA II, N\u00b0 205 [&hellip;]\" \/>\n<meta property=\"og:url\" content=\"https:\/\/faculdadeunibras.com.br\/quatromarcos\/formularios\/\" \/>\n<meta property=\"og:site_name\" content=\"Faculdade UniBRAS\" \/>\n<meta property=\"article:modified_time\" content=\"2021-08-25T19:41:30+00:00\" \/>\n<meta name=\"twitter:card\" content=\"summary_large_image\" \/>\n<meta name=\"twitter:label1\" content=\"Est. tempo de leitura\" \/>\n\t<meta name=\"twitter:data1\" content=\"8 minutos\" \/>\n<script type=\"application\/ld+json\" class=\"yoast-schema-graph\">{\"@context\":\"https:\/\/schema.org\",\"@graph\":[{\"@type\":\"WebPage\",\"@id\":\"https:\/\/faculdadeunibras.com.br\/quatromarcos\/formularios\/\",\"url\":\"https:\/\/faculdadeunibras.com.br\/quatromarcos\/formularios\/\",\"name\":\"Formul\u00e1rios - Faculdade UniBRAS\",\"isPartOf\":{\"@id\":\"https:\/\/faculdadeunibras.com.br\/quatromarcos\/#website\"},\"datePublished\":\"2020-11-04T15:14:59+00:00\",\"dateModified\":\"2021-08-25T19:41:30+00:00\",\"breadcrumb\":{\"@id\":\"https:\/\/faculdadeunibras.com.br\/quatromarcos\/formularios\/#breadcrumb\"},\"inLanguage\":\"pt-BR\",\"potentialAction\":[{\"@type\":\"ReadAction\",\"target\":[\"https:\/\/faculdadeunibras.com.br\/quatromarcos\/formularios\/\"]}]},{\"@type\":\"BreadcrumbList\",\"@id\":\"https:\/\/faculdadeunibras.com.br\/quatromarcos\/formularios\/#breadcrumb\",\"itemListElement\":[{\"@type\":\"ListItem\",\"position\":1,\"name\":\"Home\",\"item\":\"https:\/\/faculdadeunibras.com.br\/quatromarcos\/\"},{\"@type\":\"ListItem\",\"position\":2,\"name\":\"Formul\u00e1rios\"}]},{\"@type\":\"WebSite\",\"@id\":\"https:\/\/faculdadeunibras.com.br\/quatromarcos\/#website\",\"url\":\"https:\/\/faculdadeunibras.com.br\/quatromarcos\/\",\"name\":\"Faculdade UniBRAS\",\"description\":\"Quatro Marcos\",\"potentialAction\":[{\"@type\":\"SearchAction\",\"target\":{\"@type\":\"EntryPoint\",\"urlTemplate\":\"https:\/\/faculdadeunibras.com.br\/quatromarcos\/?s={search_term_string}\"},\"query-input\":\"required name=search_term_string\"}],\"inLanguage\":\"pt-BR\"}]}<\/script>\n<!-- \/ Yoast SEO plugin. -->","yoast_head_json":{"title":"Formul\u00e1rios - Faculdade UniBRAS","robots":{"index":"index","follow":"follow","max-snippet":"max-snippet:-1","max-image-preview":"max-image-preview:large","max-video-preview":"max-video-preview:-1"},"canonical":"https:\/\/faculdadeunibras.com.br\/quatromarcos\/formularios\/","og_locale":"pt_BR","og_type":"article","og_title":"Formul\u00e1rios - Faculdade UniBRAS","og_description":"Formul\u00e1riosREQUERIMENTO DE RED REQUERIMENTO DE N3 REQUERIMENTO DE N1 E N2 REQUERIMENTO DE INCLUS\u00c3O PROTOCOLO APROVEITAMENTO DE ESTUDOS REQUERIMENTO SOLICITA\u00c7\u00d5ES ADMINISTRATIVAS REQUERIMENTO DE SUBSTITUTIVA REQUERIMENTO DE REVIS\u00c3O DE FALTAS REQUERIMENTO DE REVIS\u00c3O DE AVALIA\u00c7\u00c3O REQUERIMENTO DE REPOSI\u00c7\u00c3O \u00a0Links \u00dateisCursos Edital Vestibular P\u00f3s-Gradua\u00e7\u00e3o Biblioteca BlogTelefonesComercial: (65) 9 9963-3426Whatsapp Comercial: (65) 9 9963-3426Endere\u00e7oAVENIDA PROJETADA II, N\u00b0 205 [&hellip;]","og_url":"https:\/\/faculdadeunibras.com.br\/quatromarcos\/formularios\/","og_site_name":"Faculdade UniBRAS","article_modified_time":"2021-08-25T19:41:30+00:00","twitter_card":"summary_large_image","twitter_misc":{"Est. tempo de leitura":"8 minutos"},"schema":{"@context":"https:\/\/schema.org","@graph":[{"@type":"WebPage","@id":"https:\/\/faculdadeunibras.com.br\/quatromarcos\/formularios\/","url":"https:\/\/faculdadeunibras.com.br\/quatromarcos\/formularios\/","name":"Formul\u00e1rios - Faculdade UniBRAS","isPartOf":{"@id":"https:\/\/faculdadeunibras.com.br\/quatromarcos\/#website"},"datePublished":"2020-11-04T15:14:59+00:00","dateModified":"2021-08-25T19:41:30+00:00","breadcrumb":{"@id":"https:\/\/faculdadeunibras.com.br\/quatromarcos\/formularios\/#breadcrumb"},"inLanguage":"pt-BR","potentialAction":[{"@type":"ReadAction","target":["https:\/\/faculdadeunibras.com.br\/quatromarcos\/formularios\/"]}]},{"@type":"BreadcrumbList","@id":"https:\/\/faculdadeunibras.com.br\/quatromarcos\/formularios\/#breadcrumb","itemListElement":[{"@type":"ListItem","position":1,"name":"Home","item":"https:\/\/faculdadeunibras.com.br\/quatromarcos\/"},{"@type":"ListItem","position":2,"name":"Formul\u00e1rios"}]},{"@type":"WebSite","@id":"https:\/\/faculdadeunibras.com.br\/quatromarcos\/#website","url":"https:\/\/faculdadeunibras.com.br\/quatromarcos\/","name":"Faculdade UniBRAS","description":"Quatro Marcos","potentialAction":[{"@type":"SearchAction","target":{"@type":"EntryPoint","urlTemplate":"https:\/\/faculdadeunibras.com.br\/quatromarcos\/?s={search_term_string}"},"query-input":"required name=search_term_string"}],"inLanguage":"pt-BR"}]}},"_links":{"self":[{"href":"https:\/\/faculdadeunibras.com.br\/quatromarcos\/wp-json\/wp\/v2\/pages\/10217","targetHints":{"allow":["GET"]}}],"collection":[{"href":"https:\/\/faculdadeunibras.com.br\/quatromarcos\/wp-json\/wp\/v2\/pages"}],"about":[{"href":"https:\/\/faculdadeunibras.com.br\/quatromarcos\/wp-json\/wp\/v2\/types\/page"}],"author":[{"embeddable":true,"href":"https:\/\/faculdadeunibras.com.br\/quatromarcos\/wp-json\/wp\/v2\/users\/1"}],"replies":[{"embeddable":true,"href":"https:\/\/faculdadeunibras.com.br\/quatromarcos\/wp-json\/wp\/v2\/comments?post=10217"}],"version-history":[{"count":5,"href":"https:\/\/faculdadeunibras.com.br\/quatromarcos\/wp-json\/wp\/v2\/pages\/10217\/revisions"}],"predecessor-version":[{"id":240099,"href":"https:\/\/faculdadeunibras.com.br\/quatromarcos\/wp-json\/wp\/v2\/pages\/10217\/revisions\/240099"}],"wp:attachment":[{"href":"https:\/\/faculdadeunibras.com.br\/quatromarcos\/wp-json\/wp\/v2\/media?parent=10217"}],"curies":[{"name":"wp","href":"https:\/\/api.w.org\/{rel}","templated":true}]}}