{"id":2155,"date":"2014-04-30T15:07:48","date_gmt":"2014-04-30T15:07:48","guid":{"rendered":"http:\/\/ftlab.noip.me\/fortium\/?page_id=2155"},"modified":"2025-11-19T16:26:54","modified_gmt":"2025-11-19T19:26:54","slug":"agronomia","status":"publish","type":"page","link":"https:\/\/faculdadeunibras.com.br\/quatromarcos\/agronomia\/","title":{"rendered":"Agronomia"},"content":{"rendered":"<p>[et_pb_section fb_built=&#8221;1&#8243; admin_label=&#8221;section&#8221; _builder_version=&#8221;4.16&#8243; global_colors_info=&#8221;{}&#8221; da_is_popup=&#8221;off&#8221; da_exit_intent=&#8221;off&#8221; da_has_close=&#8221;on&#8221; da_alt_close=&#8221;off&#8221; da_dark_close=&#8221;off&#8221; da_not_modal=&#8221;on&#8221; da_is_singular=&#8221;off&#8221; da_with_loader=&#8221;off&#8221; da_has_shadow=&#8221;on&#8221; da_disable_devices=&#8221;off|off|off&#8221;][et_pb_row admin_label=&#8221;row&#8221; _builder_version=&#8221;4.16&#8243; background_size=&#8221;initial&#8221; background_position=&#8221;top_left&#8221; background_repeat=&#8221;repeat&#8221; global_colors_info=&#8221;{}&#8221;][et_pb_column type=&#8221;4_4&#8243; _builder_version=&#8221;4.16&#8243; custom_padding=&#8221;|||&#8221; global_colors_info=&#8221;{}&#8221; custom_padding__hover=&#8221;|||&#8221;][et_pb_text admin_label=&#8221;Text&#8221; _builder_version=&#8221;4.27.0&#8243; background_size=&#8221;initial&#8221; background_position=&#8221;top_left&#8221; background_repeat=&#8221;repeat&#8221; hover_enabled=&#8221;0&#8243; global_colors_info=&#8221;{}&#8221; sticky_enabled=&#8221;0&#8243;]<\/p>\n<div style=\"margin-top: 60px;\">\n<h2><b>Agronomia<\/b><\/h2>\n<\/div>\n<p>&nbsp;<\/p>\n<p><!--themify_builder_static--><strong>O CURSO<\/strong><\/p>\n<p style=\"text-align: justify;\">O Curso de Engenharia Agron\u00f4mica da FQM (Faculdade de Quatro Marcos) tem dura\u00e7\u00e3o de cinco anos (com carga hor\u00e1ria aproximada de 4000 horas). Enquanto ferramenta de transmiss\u00e3o e difus\u00e3o da cultura, da ci\u00eancia e da tecnologia, tem como miss\u00e3o contribuir para o desenvolvimento social e econ\u00f4mico da regi\u00e3o, promovendo um ensino superior de excel\u00eancia e qualidade, possuindo ainda intuito de promover e estimular os cursos de p\u00f3s-gradua\u00e7\u00e3o, de especializa\u00e7\u00e3o e de atualiza\u00e7\u00e3o, desenvolvendo atividades de investiga\u00e7\u00e3o fundamental e aplicada, bem como prestando servi\u00e7os \u00e0 comunidade numa perspectiva de valoriza\u00e7\u00e3o rec\u00edproca.<br \/>As ideias que norteiam o curso est\u00e3o voltadas para um modelo que estimula o desenvolvimento do setor agropecu\u00e1rio atrav\u00e9s de abordagens criativas, inovadoras e din\u00e2micas que despertem o esp\u00edrito questionador e cr\u00edtico para fomentar a agricultura sustent\u00e1vel e competitiva em mundo globalizado.<\/p>\n<p><strong>OBJETIVO<\/strong><\/p>\n<p>O curso de Engenharia Agron\u00f4mica da Faculdade Quatro Marcos tem por objetivo principal formar Engenheiros Agr\u00f4nomos com s\u00f3lida base t\u00e9cnico-cient\u00edfica, de forma a habilitar de forma efetiva o exerc\u00edcio profissionais destes, propiciando a capacidade de planejamento, proje\u00e7\u00e3o e execu\u00e7\u00e3o de processos produtivos e que estes estejam comprometidos com a produ\u00e7\u00e3o agropecu\u00e1ria sem se esquivar dos princ\u00edpios \u00e9ticos e os impactos causados por essas atividades.<\/p>\n<p style=\"text-align: justify;\"><strong>MERCADO DE TRABALHO<\/strong><\/p>\n<p>No mercado de trabalho, o profissional de Engenharia Agron\u00f4mica possui uma ampla \u00e1rea de atua\u00e7\u00e3o, podendo tanto trabalhar diretamente no campo como empreendedor rural quanto prestando servi\u00e7os para grandes empresas nacionais e multinacionais e demais empreendedores. H\u00e1 ainda a op\u00e7\u00e3o de lecionar em escolas profissionalizantes e em faculdades, al\u00e9m de ministrar cursos para pequenos produtores. Para atuar na \u00e1rea, \u00e9 necess\u00e1rio ter o registro do Conselho Regional de Engenharia e Agronomia (CREA).<br \/>De modo geral o mercado de trabalho para Engenheiros Agr\u00f4nomos \u00e9 amplo, sendo que os profissionais podem atuar nas seguintes \u00e1reas:<\/p>\n<p style=\"padding-left: 30px;\">1. Administra\u00e7\u00e3o rural (produ\u00e7\u00e3o, recursos humanos, finan\u00e7as, comercializa\u00e7\u00e3o);<\/p>\n<p style=\"padding-left: 30px;\">2. Extens\u00e3o \/ Assist\u00eancia T\u00e9cnica (cooperativas, assessorias, etc.);<\/p>\n<p style=\"padding-left: 30px;\">3. Economia \/ Cr\u00e9dito Rural (bancos, consultoria, planejamento);<\/p>\n<p style=\"padding-left: 30px;\">4. Produ\u00e7\u00e3o de Alimentos (convencional, org\u00e2nica, micropropagada e transg\u00eanica);<\/p>\n<p style=\"padding-left: 30px;\">5. Sanidade Vegetal (diagn\u00f3sticos, orienta\u00e7\u00e3o t\u00e9cnica e ambiental, pesquisa e extens\u00e3o);<\/p>\n<p style=\"padding-left: 30px;\">6. Meio Ambiente (legisla\u00e7\u00e3o ambiental, recupera\u00e7\u00e3o de \u00e1reas degradadas e programas de educa\u00e7\u00e3o ambiental);<\/p>\n<p style=\"padding-left: 30px;\">7. Suprimentos Agr\u00edcolas (fertilizantes, agrot\u00f3xicos, implementos);<\/p>\n<p style=\"padding-left: 30px;\">8. Pesquisa e Desenvolvimento (experimenta\u00e7\u00e3o, divulga\u00e7\u00e3o e t\u00e9cnica);<\/p>\n<p style=\"padding-left: 30px;\">9. Engenharia Rural (topografia, irriga\u00e7\u00e3o e drenagem, geoprocessamento, georreferenciamento, constru\u00e7\u00f5es);<\/p>\n<p style=\"padding-left: 30px;\">10. Zootecnia (nutri\u00e7\u00e3o animal, reprodu\u00e7\u00e3o, melhoramento gen\u00e9tico, manejo dos animais, forragicultura);<\/p>\n<p style=\"padding-left: 30px;\">11. Agroind\u00fastria (aliment\u00edcia, n\u00e3o aliment\u00edcia, produtos vegetais e animais);<\/p>\n<p style=\"padding-left: 30px;\">12. Paisagismo, plantas ornamentais e medicinais (produ\u00e7\u00e3o, com\u00e9rcio, servi\u00e7os);<\/p>\n<p style=\"padding-left: 30px;\">13. \u00d3rg\u00e3os Governamentais (pol\u00edticas agr\u00edcolas e de desenvolvimento rural, servi\u00e7os de fiscaliza\u00e7\u00e3o, supervis\u00e3o, orienta\u00e7\u00e3o t\u00e9cnica, servi\u00e7o quarenten\u00e1rio);<\/p>\n<p style=\"padding-left: 30px;\">14. Reflorestamento e Meio Ambiente (explora\u00e7\u00e3o florestal, planejamento ambiental);<\/p>\n<p style=\"padding-left: 30px;\">15. Ensino em Ci\u00eancias Agr\u00e1rias.<\/p>\n<ul>\n<li>\n<h4>CALEND\u00c1RIO DE AVALIA\u00c7\u00c3O 2019\/2 &#8211; A2<\/h4>\n<p><a href=\"https:\/\/faculdadeunibras.com.br\/quatromarcos\/wp-content\/uploads\/2019\/11\/2019-2-horario-e-calendario-fqm-engenharia-agronomia.pdf\">CALEND\u00c1RIO DE AVALIA\u00c7\u00c3O 2019\/2 &#8211; A2<\/a><\/p>\n<\/li>\n<\/ul>\n<p><!--\/themify_builder_static--><\/p>\n<p>[\/et_pb_text][\/et_pb_column][\/et_pb_row][\/et_pb_section]<\/p>\n","protected":false},"excerpt":{"rendered":"<p>Agronomia &nbsp; O CURSO O Curso de Engenharia Agron\u00f4mica da FQM (Faculdade de Quatro Marcos) tem dura\u00e7\u00e3o de cinco anos (com carga hor\u00e1ria aproximada de 4000 horas). Enquanto ferramenta de transmiss\u00e3o e difus\u00e3o da cultura, da ci\u00eancia e da tecnologia, tem como miss\u00e3o contribuir para o desenvolvimento social e econ\u00f4mico da regi\u00e3o, promovendo um ensino [&hellip;]<\/p>\n","protected":false},"author":1,"featured_media":0,"parent":0,"menu_order":0,"comment_status":"open","ping_status":"open","template":"","meta":{"_et_pb_use_builder":"on","_et_pb_old_content":"<div style=\"margin-top: 60px;\">\n<h2><b>Agronomia<\/b><\/h2>\n<\/div>\n&nbsp;\n\n<!--themify_builder_static--><p><strong>O CURSO<\/strong><\/p><p style=\"text-align: justify;\">O Curso de Engenharia Agron\u00f4mica da FQM (Faculdade de Quatro Marcos) tem dura\u00e7\u00e3o de cinco anos (com carga hor\u00e1ria aproximada de 4000 horas). Enquanto ferramenta de transmiss\u00e3o e difus\u00e3o da cultura, da ci\u00eancia e da tecnologia, tem como miss\u00e3o contribuir para o desenvolvimento social e econ\u00f4mico da regi\u00e3o, promovendo um ensino superior de excel\u00eancia e qualidade, possuindo ainda intuito de promover e estimular os cursos de p\u00f3s-gradua\u00e7\u00e3o, de especializa\u00e7\u00e3o e de atualiza\u00e7\u00e3o, desenvolvendo atividades de investiga\u00e7\u00e3o fundamental e aplicada, bem como prestando servi\u00e7os \u00e0 comunidade numa perspectiva de valoriza\u00e7\u00e3o rec\u00edproca.<br \/>As ideias que norteiam o curso est\u00e3o voltadas para um modelo que estimula o desenvolvimento do setor agropecu\u00e1rio atrav\u00e9s de abordagens criativas, inovadoras e din\u00e2micas que despertem o esp\u00edrito questionador e cr\u00edtico para fomentar a agricultura sustent\u00e1vel e competitiva em mundo globalizado.<\/p><p><strong>OBJETIVO<\/strong><\/p><p>O curso de Engenharia Agron\u00f4mica da Faculdade Quatro Marcos tem por objetivo principal formar Engenheiros Agr\u00f4nomos com s\u00f3lida base t\u00e9cnico-cient\u00edfica, de forma a habilitar de forma efetiva o exerc\u00edcio profissionais destes, propiciando a capacidade de planejamento, proje\u00e7\u00e3o e execu\u00e7\u00e3o de processos produtivos e que estes estejam comprometidos com a produ\u00e7\u00e3o agropecu\u00e1ria sem se esquivar dos princ\u00edpios \u00e9ticos e os impactos causados por essas atividades.<\/p><p style=\"text-align: justify;\"><strong>MERCADO DE TRABALHO<\/strong><\/p><p>No mercado de trabalho, o profissional de Engenharia Agron\u00f4mica possui uma ampla \u00e1rea de atua\u00e7\u00e3o, podendo tanto trabalhar diretamente no campo como empreendedor rural quanto prestando servi\u00e7os para grandes empresas nacionais e multinacionais e demais empreendedores. H\u00e1 ainda a op\u00e7\u00e3o de lecionar em escolas profissionalizantes e em faculdades, al\u00e9m de ministrar cursos para pequenos produtores. Para atuar na \u00e1rea, \u00e9 necess\u00e1rio ter o registro do Conselho Regional de Engenharia e Agronomia (CREA).<br \/>De modo geral o mercado de trabalho para Engenheiros Agr\u00f4nomos \u00e9 amplo, sendo que os profissionais podem atuar nas seguintes \u00e1reas:<\/p><p style=\"padding-left: 30px;\">1. Administra\u00e7\u00e3o rural (produ\u00e7\u00e3o, recursos humanos, finan\u00e7as, comercializa\u00e7\u00e3o);<\/p><p style=\"padding-left: 30px;\">2. Extens\u00e3o \/ Assist\u00eancia T\u00e9cnica (cooperativas, assessorias, etc.);<\/p><p style=\"padding-left: 30px;\">3. Economia \/ Cr\u00e9dito Rural (bancos, consultoria, planejamento);<\/p><p style=\"padding-left: 30px;\">4. Produ\u00e7\u00e3o de Alimentos (convencional, org\u00e2nica, micropropagada e transg\u00eanica);<\/p><p style=\"padding-left: 30px;\">5. Sanidade Vegetal (diagn\u00f3sticos, orienta\u00e7\u00e3o t\u00e9cnica e ambiental, pesquisa e extens\u00e3o);<\/p><p style=\"padding-left: 30px;\">6. Meio Ambiente (legisla\u00e7\u00e3o ambiental, recupera\u00e7\u00e3o de \u00e1reas degradadas e programas de educa\u00e7\u00e3o ambiental);<\/p><p style=\"padding-left: 30px;\">7. Suprimentos Agr\u00edcolas (fertilizantes, agrot\u00f3xicos, implementos);<\/p><p style=\"padding-left: 30px;\">8. Pesquisa e Desenvolvimento (experimenta\u00e7\u00e3o, divulga\u00e7\u00e3o e t\u00e9cnica);<\/p><p style=\"padding-left: 30px;\">9. Engenharia Rural (topografia, irriga\u00e7\u00e3o e drenagem, geoprocessamento, georreferenciamento, constru\u00e7\u00f5es);<\/p><p style=\"padding-left: 30px;\">10. Zootecnia (nutri\u00e7\u00e3o animal, reprodu\u00e7\u00e3o, melhoramento gen\u00e9tico, manejo dos animais, forragicultura);<\/p><p style=\"padding-left: 30px;\">11. Agroind\u00fastria (aliment\u00edcia, n\u00e3o aliment\u00edcia, produtos vegetais e animais);<\/p><p style=\"padding-left: 30px;\">12. Paisagismo, plantas ornamentais e medicinais (produ\u00e7\u00e3o, com\u00e9rcio, servi\u00e7os);<\/p><p style=\"padding-left: 30px;\">13. \u00d3rg\u00e3os Governamentais (pol\u00edticas agr\u00edcolas e de desenvolvimento rural, servi\u00e7os de fiscaliza\u00e7\u00e3o, supervis\u00e3o, orienta\u00e7\u00e3o t\u00e9cnica, servi\u00e7o quarenten\u00e1rio);<\/p><p style=\"padding-left: 30px;\">14. Reflorestamento e Meio Ambiente (explora\u00e7\u00e3o florestal, planejamento ambiental);<\/p><p style=\"padding-left: 30px;\">15. Ensino em Ci\u00eancias Agr\u00e1rias.<\/p>\n<ul><li><h4>CALEND\u00c1RIO DE AVALIA\u00c7\u00c3O 2019\/2 - A2<\/h4><p><a href=\"https:\/\/faculdadeunibras.com.br\/quatromarcos\/wp-content\/uploads\/2019\/11\/2019-2-horario-e-calendario-fqm-engenharia-agronomia.pdf\">CALEND\u00c1RIO DE AVALIA\u00c7\u00c3O 2019\/2 - A2<\/a><\/p><\/li><li><h4>Cordena\u00e7\u00e3o<\/h4><p style=\"text-align: justify;\"><strong>Prof\u00aa. M.Sc. Keller Regina Soares<\/strong><br \/>Graduada em Engenharia Agron\u00f4mica pela Universidade do Estado de Mato Grosso, no ano de 2008. Ingressou na p\u00f3s gradua\u00e7\u00e3o Stricto Sensu, no Programa de Mestrado em Biodiversidade e Agroecossistemas Amaz\u00f4nicos (PPGBioAgro) em 2014.<br \/>Atua na \u00e1rea de doc\u00eancia desde 2009, elabora projetos t\u00e9cnicos e presta assist\u00eancia t\u00e9cnica a produtores rurais.<\/p> <p><strong>E-mail:<\/strong> agronomia@fqm.edu.br<br \/><strong>Contato:<\/strong> 65 99632-8167<\/p><\/li><li><h4>Corpo Docente<\/h4><h3>1\u00b0 Semestre<\/h3> <table> <tbody> <tr> <td width=\"397\"><strong>Nome do Docente<\/strong><\/td> <td width=\"170\"><strong>Titula\u00e7\u00e3o<\/strong><\/td> <\/tr> <tr> <td width=\"397\">\u00a0<\/td> <td width=\"170\">\u00a0<\/td> <\/tr> <tr> <td width=\"397\">\u00a0<\/td> <td width=\"170\">\u00a0<\/td> <\/tr> <tr> <td width=\"397\">Lielia Rodrigues<\/td> <td width=\"170\">Mestre<\/td> <\/tr> <tr> <td width=\"397\">Jos\u00e9 Humberto Ver\u00edssimo<\/td> <td width=\"170\">Especialista<\/td> <\/tr> <tr> <td width=\"397\">Rafael Gomides<\/td> <td width=\"170\">Mestre<\/td> <\/tr> <tr> <td width=\"397\">Emerson Miller<\/td> <td width=\"170\">Mestre<\/td> <\/tr> <tr> <td width=\"397\">\u00a0<\/td> <td width=\"170\">\u00a0<\/td> <\/tr> <tr> <td width=\"397\">\u00a0<\/td> <td width=\"170\">\u00a0<\/td> <\/tr> <tr> <td width=\"397\">\u00a0<\/td> <td width=\"170\">\u00a0<\/td> <\/tr> <\/tbody> <\/table> <h3>\u00a0<\/h3> <h3>3\u00b0 Semestre<\/h3> <table> <tbody> <tr> <td width=\"397\"><strong>Nome do Docente<\/strong><\/td> <td width=\"170\"><strong>Titula\u00e7\u00e3o<\/strong><\/td> <\/tr> <tr> <td width=\"397\">\u00a0<\/td> <td width=\"170\">\u00a0<\/td> <\/tr> <tr> <td width=\"397\">\u00a0<\/td> <td width=\"170\">\u00a0<\/td> <\/tr> <tr> <td width=\"397\">Keller Regina Soares<\/td> <td width=\"170\">Mestre<\/td> <\/tr> <tr> <td width=\"397\">\u00a0<\/td> <td width=\"170\">\u00a0<\/td> <\/tr> <\/tbody> <\/table> <h3>4\u00b0 Semestre<\/h3> <table> <tbody> <tr> <td width=\"397\"><strong>Nome do Docente<\/strong><\/td> <td width=\"170\"><strong>Titula\u00e7\u00e3o<\/strong><\/td> <\/tr> <tr> <td width=\"397\">Keller Regina Soares<\/td> <td width=\"170\">Mestre<\/td> <\/tr> <tr> <td width=\"397\">\u00a0<\/td> <td width=\"170\">\u00a0<\/td> <\/tr> <tr> <td width=\"397\">Esvanio E. Ferreira<\/td> <td width=\"170\">Especialista<\/td> <\/tr> <tr> <td width=\"397\">\u00a0<\/td> <td width=\"170\">\u00a0<\/td> <\/tr> <\/tbody> <\/table> <h3>5\u00b0 Semestre<\/h3> <table> <tbody> <tr> <td width=\"397\"><strong>Nome do Docente<\/strong><\/td> <td width=\"170\"><strong>Titula\u00e7\u00e3o<\/strong><\/td> <\/tr> <tr> <td width=\"397\">\u00a0<\/td> <td width=\"170\">\u00a0<\/td> <\/tr> <tr> <td width=\"397\">Keller Regina Soares<\/td> <td width=\"170\">Mestre<\/td> <\/tr> <tr> <td width=\"397\">\u00a0<\/td> <td width=\"170\">\u00a0<\/td> <\/tr> <tr> <td width=\"397\">Esvanio E. Ferreira<\/td> <td width=\"170\">Especialista<\/td> <\/tr> <tr> <td width=\"397\">\u00a0<\/td> <td width=\"170\">\u00a0<\/td> <\/tr> <\/tbody> <\/table><\/li><\/ul><!--\/themify_builder_static-->","_et_gb_content_width":"","footnotes":""},"class_list":["post-2155","page","type-page","status-publish","hentry"],"yoast_head":"<!-- This site is optimized with the Yoast SEO plugin v23.2 - https:\/\/yoast.com\/wordpress\/plugins\/seo\/ -->\n<title>Agronomia - Faculdade UniBRAS<\/title>\n<meta name=\"robots\" content=\"index, follow, max-snippet:-1, max-image-preview:large, max-video-preview:-1\" \/>\n<link rel=\"canonical\" href=\"https:\/\/faculdadeunibras.com.br\/quatromarcos\/agronomia\/\" \/>\n<meta property=\"og:locale\" content=\"pt_BR\" \/>\n<meta property=\"og:type\" content=\"article\" \/>\n<meta property=\"og:title\" content=\"Agronomia - Faculdade UniBRAS\" \/>\n<meta property=\"og:description\" content=\"Agronomia &nbsp; O CURSO O Curso de Engenharia Agron\u00f4mica da FQM (Faculdade de Quatro Marcos) tem dura\u00e7\u00e3o de cinco anos (com carga hor\u00e1ria aproximada de 4000 horas). Enquanto ferramenta de transmiss\u00e3o e difus\u00e3o da cultura, da ci\u00eancia e da tecnologia, tem como miss\u00e3o contribuir para o desenvolvimento social e econ\u00f4mico da regi\u00e3o, promovendo um ensino [&hellip;]\" \/>\n<meta property=\"og:url\" content=\"https:\/\/faculdadeunibras.com.br\/quatromarcos\/agronomia\/\" \/>\n<meta property=\"og:site_name\" content=\"Faculdade UniBRAS\" \/>\n<meta property=\"article:modified_time\" content=\"2025-11-19T19:26:54+00:00\" \/>\n<meta name=\"twitter:card\" content=\"summary_large_image\" \/>\n<meta name=\"twitter:label1\" content=\"Est. tempo de leitura\" \/>\n\t<meta name=\"twitter:data1\" content=\"3 minutos\" \/>\n<script type=\"application\/ld+json\" class=\"yoast-schema-graph\">{\"@context\":\"https:\/\/schema.org\",\"@graph\":[{\"@type\":\"WebPage\",\"@id\":\"https:\/\/faculdadeunibras.com.br\/quatromarcos\/agronomia\/\",\"url\":\"https:\/\/faculdadeunibras.com.br\/quatromarcos\/agronomia\/\",\"name\":\"Agronomia - Faculdade UniBRAS\",\"isPartOf\":{\"@id\":\"https:\/\/faculdadeunibras.com.br\/quatromarcos\/#website\"},\"datePublished\":\"2014-04-30T15:07:48+00:00\",\"dateModified\":\"2025-11-19T19:26:54+00:00\",\"breadcrumb\":{\"@id\":\"https:\/\/faculdadeunibras.com.br\/quatromarcos\/agronomia\/#breadcrumb\"},\"inLanguage\":\"pt-BR\",\"potentialAction\":[{\"@type\":\"ReadAction\",\"target\":[\"https:\/\/faculdadeunibras.com.br\/quatromarcos\/agronomia\/\"]}]},{\"@type\":\"BreadcrumbList\",\"@id\":\"https:\/\/faculdadeunibras.com.br\/quatromarcos\/agronomia\/#breadcrumb\",\"itemListElement\":[{\"@type\":\"ListItem\",\"position\":1,\"name\":\"Home\",\"item\":\"https:\/\/faculdadeunibras.com.br\/quatromarcos\/\"},{\"@type\":\"ListItem\",\"position\":2,\"name\":\"Agronomia\"}]},{\"@type\":\"WebSite\",\"@id\":\"https:\/\/faculdadeunibras.com.br\/quatromarcos\/#website\",\"url\":\"https:\/\/faculdadeunibras.com.br\/quatromarcos\/\",\"name\":\"Faculdade UniBRAS\",\"description\":\"Quatro Marcos\",\"potentialAction\":[{\"@type\":\"SearchAction\",\"target\":{\"@type\":\"EntryPoint\",\"urlTemplate\":\"https:\/\/faculdadeunibras.com.br\/quatromarcos\/?s={search_term_string}\"},\"query-input\":\"required name=search_term_string\"}],\"inLanguage\":\"pt-BR\"}]}<\/script>\n<!-- \/ Yoast SEO plugin. -->","yoast_head_json":{"title":"Agronomia - Faculdade UniBRAS","robots":{"index":"index","follow":"follow","max-snippet":"max-snippet:-1","max-image-preview":"max-image-preview:large","max-video-preview":"max-video-preview:-1"},"canonical":"https:\/\/faculdadeunibras.com.br\/quatromarcos\/agronomia\/","og_locale":"pt_BR","og_type":"article","og_title":"Agronomia - Faculdade UniBRAS","og_description":"Agronomia &nbsp; O CURSO O Curso de Engenharia Agron\u00f4mica da FQM (Faculdade de Quatro Marcos) tem dura\u00e7\u00e3o de cinco anos (com carga hor\u00e1ria aproximada de 4000 horas). Enquanto ferramenta de transmiss\u00e3o e difus\u00e3o da cultura, da ci\u00eancia e da tecnologia, tem como miss\u00e3o contribuir para o desenvolvimento social e econ\u00f4mico da regi\u00e3o, promovendo um ensino [&hellip;]","og_url":"https:\/\/faculdadeunibras.com.br\/quatromarcos\/agronomia\/","og_site_name":"Faculdade UniBRAS","article_modified_time":"2025-11-19T19:26:54+00:00","twitter_card":"summary_large_image","twitter_misc":{"Est. tempo de leitura":"3 minutos"},"schema":{"@context":"https:\/\/schema.org","@graph":[{"@type":"WebPage","@id":"https:\/\/faculdadeunibras.com.br\/quatromarcos\/agronomia\/","url":"https:\/\/faculdadeunibras.com.br\/quatromarcos\/agronomia\/","name":"Agronomia - Faculdade UniBRAS","isPartOf":{"@id":"https:\/\/faculdadeunibras.com.br\/quatromarcos\/#website"},"datePublished":"2014-04-30T15:07:48+00:00","dateModified":"2025-11-19T19:26:54+00:00","breadcrumb":{"@id":"https:\/\/faculdadeunibras.com.br\/quatromarcos\/agronomia\/#breadcrumb"},"inLanguage":"pt-BR","potentialAction":[{"@type":"ReadAction","target":["https:\/\/faculdadeunibras.com.br\/quatromarcos\/agronomia\/"]}]},{"@type":"BreadcrumbList","@id":"https:\/\/faculdadeunibras.com.br\/quatromarcos\/agronomia\/#breadcrumb","itemListElement":[{"@type":"ListItem","position":1,"name":"Home","item":"https:\/\/faculdadeunibras.com.br\/quatromarcos\/"},{"@type":"ListItem","position":2,"name":"Agronomia"}]},{"@type":"WebSite","@id":"https:\/\/faculdadeunibras.com.br\/quatromarcos\/#website","url":"https:\/\/faculdadeunibras.com.br\/quatromarcos\/","name":"Faculdade UniBRAS","description":"Quatro Marcos","potentialAction":[{"@type":"SearchAction","target":{"@type":"EntryPoint","urlTemplate":"https:\/\/faculdadeunibras.com.br\/quatromarcos\/?s={search_term_string}"},"query-input":"required name=search_term_string"}],"inLanguage":"pt-BR"}]}},"_links":{"self":[{"href":"https:\/\/faculdadeunibras.com.br\/quatromarcos\/wp-json\/wp\/v2\/pages\/2155","targetHints":{"allow":["GET"]}}],"collection":[{"href":"https:\/\/faculdadeunibras.com.br\/quatromarcos\/wp-json\/wp\/v2\/pages"}],"about":[{"href":"https:\/\/faculdadeunibras.com.br\/quatromarcos\/wp-json\/wp\/v2\/types\/page"}],"author":[{"embeddable":true,"href":"https:\/\/faculdadeunibras.com.br\/quatromarcos\/wp-json\/wp\/v2\/users\/1"}],"replies":[{"embeddable":true,"href":"https:\/\/faculdadeunibras.com.br\/quatromarcos\/wp-json\/wp\/v2\/comments?post=2155"}],"version-history":[{"count":2,"href":"https:\/\/faculdadeunibras.com.br\/quatromarcos\/wp-json\/wp\/v2\/pages\/2155\/revisions"}],"predecessor-version":[{"id":993282,"href":"https:\/\/faculdadeunibras.com.br\/quatromarcos\/wp-json\/wp\/v2\/pages\/2155\/revisions\/993282"}],"wp:attachment":[{"href":"https:\/\/faculdadeunibras.com.br\/quatromarcos\/wp-json\/wp\/v2\/media?parent=2155"}],"curies":[{"name":"wp","href":"https:\/\/api.w.org\/{rel}","templated":true}]}}