{"id":8262,"date":"2018-04-02T18:11:44","date_gmt":"2018-04-02T18:11:44","guid":{"rendered":"http:\/\/fqm.edu.br\/20161\/?p=8262"},"modified":"2020-11-04T14:34:09","modified_gmt":"2020-11-04T17:34:09","slug":"urgencia-e-emergencia","status":"publish","type":"page","link":"https:\/\/faculdadeunibras.com.br\/quatromarcos\/urgencia-e-emergencia\/","title":{"rendered":"Urg\u00eancia e Emerg\u00eancia"},"content":{"rendered":"<p>[et_pb_section fb_built=&#8221;1&#8243; _builder_version=&#8221;3.22&#8243;][et_pb_row _builder_version=&#8221;3.25&#8243; background_size=&#8221;initial&#8221; background_position=&#8221;top_left&#8221; background_repeat=&#8221;repeat&#8221;][et_pb_column type=&#8221;4_4&#8243; _builder_version=&#8221;3.25&#8243; custom_padding=&#8221;|||&#8221; custom_padding__hover=&#8221;|||&#8221;][et_pb_text _builder_version=&#8221;3.27.4&#8243; background_size=&#8221;initial&#8221; background_position=&#8221;top_left&#8221; background_repeat=&#8221;repeat&#8221;]<!--themify_builder_static--><\/p>\n<ul data-id=\"slider-0-\" data-visible=\"1\" data-scroll=\"1\" data-auto-scroll=\"4\" data-speed=\"1\" data-wrap=\"yes\" data-arrow=\"yes\" data-pagination=\"yes\" data-effect=\"scroll\" data-height=\"variable\" data-pause-on-hover=\"resume\">\n<li><img decoding=\"async\" src=\"http:\/\/fqm.edu.br\/20161\/wp-content\/uploads\/2017\/08\/banner_site.jpg\" alt=\"\" width=\"\" height=\"\" \/><\/li>\n<\/ul>\n<ul id=\"menu-pos\">\n<li><a href=\"http:\/\/fqm.edu.br\/20161\/\">Home<\/a><\/li>\n<li id=\"menu-item-7465\"><a href=\"http:\/\/fqm.edu.br\/20161\/seja-um-especialista\/\">Seja um especialista<\/a><\/li>\n<li id=\"menu-item-7461\"><a href=\"http:\/\/fqm.edu.br\/20161\/pos-graduacao\/\">Nossos Cursos<\/a><\/li>\n<li id=\"menu-item-7469\"><a href=\"http:\/\/fqm.edu.br\/20161\/inscricao-pos-graduacao\/\">Inscreva-se j\u00e1<\/a><\/li>\n<li id=\"menu-item-7473\"><a href=\"http:\/\/fqm.edu.br\/20161\/contato-pos-graduacao\/\">Contato<\/a><\/li>\n<\/ul>\n<h2 style=\"text-align: center;\">Urg\u00eancia e Emerg\u00eancia<\/h2>\n<h3 style=\"text-align: center;\"><a href=\"http:\/\/fqm.edu.br\/20161\/?page_id=7466\">Fa\u00e7a j\u00e1 sua Pr\u00e9-Matr\u00edcula<\/a><\/h3>\n<ul>\n<li>\n<h4>Informa\u00e7\u00f5es do Curso<\/h4>\n<p><strong>Dura\u00e7\u00e3o<\/strong><br \/>\n18 meses <strong>Local<\/strong><br \/>\nFaculdade Quatro Marcos &#8211; FQM, S\u00e3o Jos\u00e9 dos Quatro Marcos, MT.<b><br \/>\n<\/b><\/li>\n<\/ul>\n<p><!--\/themify_builder_static--><br \/>\n[\/et_pb_text][\/et_pb_column][\/et_pb_row][\/et_pb_section]<\/p>\n","protected":false},"excerpt":{"rendered":"<p>Home Seja um especialista Nossos Cursos Inscreva-se j\u00e1 Contato Urg\u00eancia e Emerg\u00eancia Fa\u00e7a j\u00e1 sua Pr\u00e9-Matr\u00edcula Informa\u00e7\u00f5es do Curso Dura\u00e7\u00e3o 18 meses Local Faculdade Quatro Marcos &#8211; FQM, S\u00e3o Jos\u00e9 dos Quatro Marcos, MT.<\/p>\n","protected":false},"author":1,"featured_media":0,"parent":0,"menu_order":0,"comment_status":"open","ping_status":"open","template":"","meta":{"_et_pb_use_builder":"on","_et_pb_old_content":"<p><!--themify_builder_static--><\/p><ul data-id=\"slider-0-\" data-visible=\"1\" data-scroll=\"1\" data-auto-scroll=\"4\" data-speed=\"1\" data-wrap=\"yes\" data-arrow=\"yes\" data-pagination=\"yes\" data-effect=\"scroll\" data-height=\"variable\" data-pause-on-hover=\"resume\"><li><img src=\"http:\/\/fqm.edu.br\/20161\/wp-content\/uploads\/2017\/08\/banner_site.jpg\" alt=\"\" width=\"\" height=\"\" \/><\/li><\/ul><ul id=\"menu-pos\"><li><a href=\"http:\/\/fqm.edu.br\/20161\/\">Home<\/a><\/li><li id=\"menu-item-7465\"><a href=\"http:\/\/fqm.edu.br\/20161\/seja-um-especialista\/\">Seja um especialista<\/a><\/li><li id=\"menu-item-7461\"><a href=\"http:\/\/fqm.edu.br\/20161\/pos-graduacao\/\">Nossos Cursos<\/a><\/li><li id=\"menu-item-7469\"><a href=\"http:\/\/fqm.edu.br\/20161\/inscricao-pos-graduacao\/\">Inscreva-se j\u00e1<\/a><\/li><li id=\"menu-item-7473\"><a href=\"http:\/\/fqm.edu.br\/20161\/contato-pos-graduacao\/\">Contato<\/a><\/li><\/ul><h2 style=\"text-align: center;\">Urg\u00eancia e Emerg\u00eancia<\/h2><h3 style=\"text-align: center;\"><a href=\"http:\/\/fqm.edu.br\/20161\/?page_id=7466\">Fa\u00e7a j\u00e1 sua Pr\u00e9-Matr\u00edcula<\/a><\/h3><ul><li><h4>Informa\u00e7\u00f5es do Curso<\/h4><p><strong>Dura\u00e7\u00e3o<\/strong><br \/>18 meses <strong>Local<\/strong><br \/>Faculdade Quatro Marcos - FQM, S\u00e3o Jos\u00e9 dos Quatro Marcos, MT.<b><br \/><\/b><\/p><\/li><\/ul><p><!--\/themify_builder_static--><\/p>","_et_gb_content_width":"","footnotes":""},"class_list":["post-8262","page","type-page","status-publish","hentry"],"yoast_head":"<!-- This site is optimized with the Yoast SEO plugin v23.2 - https:\/\/yoast.com\/wordpress\/plugins\/seo\/ -->\n<title>Urg\u00eancia e Emerg\u00eancia - Faculdade UniBRAS<\/title>\n<meta name=\"robots\" content=\"index, follow, max-snippet:-1, max-image-preview:large, max-video-preview:-1\" \/>\n<link rel=\"canonical\" href=\"https:\/\/faculdadeunibras.com.br\/quatromarcos\/urgencia-e-emergencia\/\" \/>\n<meta property=\"og:locale\" content=\"pt_BR\" \/>\n<meta property=\"og:type\" content=\"article\" \/>\n<meta property=\"og:title\" content=\"Urg\u00eancia e Emerg\u00eancia - Faculdade UniBRAS\" \/>\n<meta property=\"og:description\" content=\"Home Seja um especialista Nossos Cursos Inscreva-se j\u00e1 Contato Urg\u00eancia e Emerg\u00eancia Fa\u00e7a j\u00e1 sua Pr\u00e9-Matr\u00edcula Informa\u00e7\u00f5es do Curso Dura\u00e7\u00e3o 18 meses Local Faculdade Quatro Marcos - FQM, S\u00e3o Jos\u00e9 dos Quatro Marcos, MT.\" \/>\n<meta property=\"og:url\" content=\"https:\/\/faculdadeunibras.com.br\/quatromarcos\/urgencia-e-emergencia\/\" \/>\n<meta property=\"og:site_name\" content=\"Faculdade UniBRAS\" \/>\n<meta property=\"article:modified_time\" content=\"2020-11-04T17:34:09+00:00\" \/>\n<meta property=\"og:image\" content=\"http:\/\/fqm.edu.br\/20161\/wp-content\/uploads\/2017\/08\/banner_site.jpg\" \/>\n<meta name=\"twitter:card\" content=\"summary_large_image\" \/>\n<meta name=\"twitter:label1\" content=\"Est. tempo de leitura\" \/>\n\t<meta name=\"twitter:data1\" content=\"1 minuto\" \/>\n<script type=\"application\/ld+json\" class=\"yoast-schema-graph\">{\"@context\":\"https:\/\/schema.org\",\"@graph\":[{\"@type\":\"WebPage\",\"@id\":\"https:\/\/faculdadeunibras.com.br\/quatromarcos\/urgencia-e-emergencia\/\",\"url\":\"https:\/\/faculdadeunibras.com.br\/quatromarcos\/urgencia-e-emergencia\/\",\"name\":\"Urg\u00eancia e Emerg\u00eancia - Faculdade UniBRAS\",\"isPartOf\":{\"@id\":\"https:\/\/faculdadeunibras.com.br\/quatromarcos\/#website\"},\"primaryImageOfPage\":{\"@id\":\"https:\/\/faculdadeunibras.com.br\/quatromarcos\/urgencia-e-emergencia\/#primaryimage\"},\"image\":{\"@id\":\"https:\/\/faculdadeunibras.com.br\/quatromarcos\/urgencia-e-emergencia\/#primaryimage\"},\"thumbnailUrl\":\"http:\/\/fqm.edu.br\/20161\/wp-content\/uploads\/2017\/08\/banner_site.jpg\",\"datePublished\":\"2018-04-02T18:11:44+00:00\",\"dateModified\":\"2020-11-04T17:34:09+00:00\",\"breadcrumb\":{\"@id\":\"https:\/\/faculdadeunibras.com.br\/quatromarcos\/urgencia-e-emergencia\/#breadcrumb\"},\"inLanguage\":\"pt-BR\",\"potentialAction\":[{\"@type\":\"ReadAction\",\"target\":[\"https:\/\/faculdadeunibras.com.br\/quatromarcos\/urgencia-e-emergencia\/\"]}]},{\"@type\":\"ImageObject\",\"inLanguage\":\"pt-BR\",\"@id\":\"https:\/\/faculdadeunibras.com.br\/quatromarcos\/urgencia-e-emergencia\/#primaryimage\",\"url\":\"http:\/\/fqm.edu.br\/20161\/wp-content\/uploads\/2017\/08\/banner_site.jpg\",\"contentUrl\":\"http:\/\/fqm.edu.br\/20161\/wp-content\/uploads\/2017\/08\/banner_site.jpg\"},{\"@type\":\"BreadcrumbList\",\"@id\":\"https:\/\/faculdadeunibras.com.br\/quatromarcos\/urgencia-e-emergencia\/#breadcrumb\",\"itemListElement\":[{\"@type\":\"ListItem\",\"position\":1,\"name\":\"Home\",\"item\":\"https:\/\/faculdadeunibras.com.br\/quatromarcos\/\"},{\"@type\":\"ListItem\",\"position\":2,\"name\":\"Urg\u00eancia e Emerg\u00eancia\"}]},{\"@type\":\"WebSite\",\"@id\":\"https:\/\/faculdadeunibras.com.br\/quatromarcos\/#website\",\"url\":\"https:\/\/faculdadeunibras.com.br\/quatromarcos\/\",\"name\":\"Faculdade UniBRAS\",\"description\":\"Quatro Marcos\",\"potentialAction\":[{\"@type\":\"SearchAction\",\"target\":{\"@type\":\"EntryPoint\",\"urlTemplate\":\"https:\/\/faculdadeunibras.com.br\/quatromarcos\/?s={search_term_string}\"},\"query-input\":\"required name=search_term_string\"}],\"inLanguage\":\"pt-BR\"}]}<\/script>\n<!-- \/ Yoast SEO plugin. -->","yoast_head_json":{"title":"Urg\u00eancia e Emerg\u00eancia - Faculdade UniBRAS","robots":{"index":"index","follow":"follow","max-snippet":"max-snippet:-1","max-image-preview":"max-image-preview:large","max-video-preview":"max-video-preview:-1"},"canonical":"https:\/\/faculdadeunibras.com.br\/quatromarcos\/urgencia-e-emergencia\/","og_locale":"pt_BR","og_type":"article","og_title":"Urg\u00eancia e Emerg\u00eancia - Faculdade UniBRAS","og_description":"Home Seja um especialista Nossos Cursos Inscreva-se j\u00e1 Contato Urg\u00eancia e Emerg\u00eancia Fa\u00e7a j\u00e1 sua Pr\u00e9-Matr\u00edcula Informa\u00e7\u00f5es do Curso Dura\u00e7\u00e3o 18 meses Local Faculdade Quatro Marcos - FQM, S\u00e3o Jos\u00e9 dos Quatro Marcos, MT.","og_url":"https:\/\/faculdadeunibras.com.br\/quatromarcos\/urgencia-e-emergencia\/","og_site_name":"Faculdade UniBRAS","article_modified_time":"2020-11-04T17:34:09+00:00","og_image":[{"url":"http:\/\/fqm.edu.br\/20161\/wp-content\/uploads\/2017\/08\/banner_site.jpg"}],"twitter_card":"summary_large_image","twitter_misc":{"Est. tempo de leitura":"1 minuto"},"schema":{"@context":"https:\/\/schema.org","@graph":[{"@type":"WebPage","@id":"https:\/\/faculdadeunibras.com.br\/quatromarcos\/urgencia-e-emergencia\/","url":"https:\/\/faculdadeunibras.com.br\/quatromarcos\/urgencia-e-emergencia\/","name":"Urg\u00eancia e Emerg\u00eancia - Faculdade UniBRAS","isPartOf":{"@id":"https:\/\/faculdadeunibras.com.br\/quatromarcos\/#website"},"primaryImageOfPage":{"@id":"https:\/\/faculdadeunibras.com.br\/quatromarcos\/urgencia-e-emergencia\/#primaryimage"},"image":{"@id":"https:\/\/faculdadeunibras.com.br\/quatromarcos\/urgencia-e-emergencia\/#primaryimage"},"thumbnailUrl":"http:\/\/fqm.edu.br\/20161\/wp-content\/uploads\/2017\/08\/banner_site.jpg","datePublished":"2018-04-02T18:11:44+00:00","dateModified":"2020-11-04T17:34:09+00:00","breadcrumb":{"@id":"https:\/\/faculdadeunibras.com.br\/quatromarcos\/urgencia-e-emergencia\/#breadcrumb"},"inLanguage":"pt-BR","potentialAction":[{"@type":"ReadAction","target":["https:\/\/faculdadeunibras.com.br\/quatromarcos\/urgencia-e-emergencia\/"]}]},{"@type":"ImageObject","inLanguage":"pt-BR","@id":"https:\/\/faculdadeunibras.com.br\/quatromarcos\/urgencia-e-emergencia\/#primaryimage","url":"http:\/\/fqm.edu.br\/20161\/wp-content\/uploads\/2017\/08\/banner_site.jpg","contentUrl":"http:\/\/fqm.edu.br\/20161\/wp-content\/uploads\/2017\/08\/banner_site.jpg"},{"@type":"BreadcrumbList","@id":"https:\/\/faculdadeunibras.com.br\/quatromarcos\/urgencia-e-emergencia\/#breadcrumb","itemListElement":[{"@type":"ListItem","position":1,"name":"Home","item":"https:\/\/faculdadeunibras.com.br\/quatromarcos\/"},{"@type":"ListItem","position":2,"name":"Urg\u00eancia e Emerg\u00eancia"}]},{"@type":"WebSite","@id":"https:\/\/faculdadeunibras.com.br\/quatromarcos\/#website","url":"https:\/\/faculdadeunibras.com.br\/quatromarcos\/","name":"Faculdade UniBRAS","description":"Quatro Marcos","potentialAction":[{"@type":"SearchAction","target":{"@type":"EntryPoint","urlTemplate":"https:\/\/faculdadeunibras.com.br\/quatromarcos\/?s={search_term_string}"},"query-input":"required name=search_term_string"}],"inLanguage":"pt-BR"}]}},"_links":{"self":[{"href":"https:\/\/faculdadeunibras.com.br\/quatromarcos\/wp-json\/wp\/v2\/pages\/8262","targetHints":{"allow":["GET"]}}],"collection":[{"href":"https:\/\/faculdadeunibras.com.br\/quatromarcos\/wp-json\/wp\/v2\/pages"}],"about":[{"href":"https:\/\/faculdadeunibras.com.br\/quatromarcos\/wp-json\/wp\/v2\/types\/page"}],"author":[{"embeddable":true,"href":"https:\/\/faculdadeunibras.com.br\/quatromarcos\/wp-json\/wp\/v2\/users\/1"}],"replies":[{"embeddable":true,"href":"https:\/\/faculdadeunibras.com.br\/quatromarcos\/wp-json\/wp\/v2\/comments?post=8262"}],"version-history":[{"count":3,"href":"https:\/\/faculdadeunibras.com.br\/quatromarcos\/wp-json\/wp\/v2\/pages\/8262\/revisions"}],"predecessor-version":[{"id":10283,"href":"https:\/\/faculdadeunibras.com.br\/quatromarcos\/wp-json\/wp\/v2\/pages\/8262\/revisions\/10283"}],"wp:attachment":[{"href":"https:\/\/faculdadeunibras.com.br\/quatromarcos\/wp-json\/wp\/v2\/media?parent=8262"}],"curies":[{"name":"wp","href":"https:\/\/api.w.org\/{rel}","templated":true}]}}