{"id":238923,"date":"2021-03-18T11:03:51","date_gmt":"2021-03-18T14:03:51","guid":{"rendered":"https:\/\/faculdadeunibras.com.br\/santaines\/?page_id=238923"},"modified":"2024-11-14T17:17:39","modified_gmt":"2024-11-14T20:17:39","slug":"bio","status":"publish","type":"page","link":"https:\/\/faculdadeunibras.com.br\/santaines\/bio\/","title":{"rendered":"Bio"},"content":{"rendered":"<p>[et_pb_section fb_built=&#8221;1&#8243; _builder_version=&#8221;4.16&#8243; _module_preset=&#8221;default&#8221; background_enable_color=&#8221;off&#8221; background_enable_image=&#8221;off&#8221; background_blend=&#8221;lighten&#8221; height=&#8221;856px&#8221; height_tablet=&#8221;&#8221; height_phone=&#8221;&#8221; height_last_edited=&#8221;on|desktop&#8221; da_disable_devices=&#8221;off|off|off&#8221; global_colors_info=&#8221;{}&#8221; da_is_popup=&#8221;off&#8221; da_exit_intent=&#8221;off&#8221; da_has_close=&#8221;on&#8221; da_alt_close=&#8221;off&#8221; da_dark_close=&#8221;off&#8221; da_not_modal=&#8221;on&#8221; da_is_singular=&#8221;off&#8221; da_with_loader=&#8221;off&#8221; da_has_shadow=&#8221;on&#8221;][et_pb_row column_structure=&#8221;1_3,1_3,1_3&#8243; custom_padding_last_edited=&#8221;on|phone&#8221; _builder_version=&#8221;4.16&#8243; _module_preset=&#8221;default&#8221; custom_margin_tablet=&#8221;&#8221; custom_margin_phone=&#8221;||||false|false&#8221; custom_margin_last_edited=&#8221;on|phone&#8221; custom_padding=&#8221;||8px|||&#8221; custom_padding_tablet=&#8221;&#8221; custom_padding_phone=&#8221;0px||0px||false|false&#8221; global_colors_info=&#8221;{}&#8221;][et_pb_column type=&#8221;1_3&#8243; _builder_version=&#8221;4.16&#8243; _module_preset=&#8221;default&#8221; global_colors_info=&#8221;{}&#8221;][\/et_pb_column][et_pb_column type=&#8221;1_3&#8243; _builder_version=&#8221;4.16&#8243; _module_preset=&#8221;default&#8221; global_colors_info=&#8221;{}&#8221;][et_pb_image src=&#8221;https:\/\/faculdadeunibras.com.br\/santaines\/wp-content\/uploads\/2023\/10\/UniBRAS-Faculdade-Santa-Ines-PNG.png&#8221; title_text=&#8221;UniBRAS &#8211; Faculdade &#8211; Santa In\u00eas &#8211; PNG&#8221; align=&#8221;center&#8221; _builder_version=&#8221;4.21.0&#8243; _module_preset=&#8221;default&#8221; width=&#8221;80%&#8221; width_tablet=&#8221;65%&#8221; width_phone=&#8221;86%&#8221; width_last_edited=&#8221;on|phone&#8221; global_colors_info=&#8221;{}&#8221;][\/et_pb_image][\/et_pb_column][et_pb_column type=&#8221;1_3&#8243; _builder_version=&#8221;4.16&#8243; _module_preset=&#8221;default&#8221; global_colors_info=&#8221;{}&#8221;][\/et_pb_column][\/et_pb_row][et_pb_row _builder_version=&#8221;4.16&#8243; _module_preset=&#8221;default&#8221; width_tablet=&#8221;&#8221; width_phone=&#8221;100%&#8221; width_last_edited=&#8221;on|phone&#8221; global_colors_info=&#8221;{}&#8221;][et_pb_column type=&#8221;4_4&#8243; _builder_version=&#8221;4.16&#8243; _module_preset=&#8221;default&#8221; global_colors_info=&#8221;{}&#8221;][et_pb_button button_url=&#8221;https:\/\/medicinaunibras.com.br\/&#8221; url_new_window=&#8221;on&#8221; button_text=&#8221;Inscri\u00e7\u00e3o Medicina&#8221; button_alignment=&#8221;center&#8221; disabled_on=&#8221;off|off|off&#8221; _builder_version=&#8221;4.27.0&#8243; _module_preset=&#8221;default&#8221; custom_button=&#8221;on&#8221; button_text_size=&#8221;20px&#8221; button_bg_color=&#8221;#4362e2&#8243; button_border_width=&#8221;1px&#8221; button_border_radius=&#8221;5px&#8221; button_icon=&#8221;&#x35;||divi||400&#8243; background_layout=&#8221;dark&#8221; custom_margin=&#8221;||9px|||&#8221; custom_padding=&#8221;11px|125px|11px|125px|true|true&#8221; custom_padding_tablet=&#8221;&#8221; custom_padding_phone=&#8221;11px|85px|11px|85px|true|true&#8221; custom_padding_last_edited=&#8221;on|phone&#8221; button_bg_color_tablet=&#8221;&#8221; button_bg_color_phone=&#8221;&#8221; button_bg_color_last_edited=&#8221;on|desktop&#8221; global_colors_info=&#8221;{}&#8221;][\/et_pb_button][et_pb_button button_url=&#8221;https:\/\/bit.ly\/ConexaoUniversitaria20242&#8243; url_new_window=&#8221;on&#8221; button_text=&#8221;Conex\u00e3o Universit\u00e1ria&#8221; button_alignment=&#8221;center&#8221; _builder_version=&#8221;4.21.0&#8243; _module_preset=&#8221;default&#8221; custom_button=&#8221;on&#8221; button_text_size=&#8221;20px&#8221; button_bg_color=&#8221;#1c377e&#8221; button_border_width=&#8221;1px&#8221; button_border_radius=&#8221;5px&#8221; button_icon=&#8221;&#x35;||divi||400&#8243; background_layout=&#8221;dark&#8221; custom_margin=&#8221;||9px|||&#8221; custom_padding=&#8221;11px|108px|11px|108px|true|true&#8221; custom_padding_tablet=&#8221;&#8221; custom_padding_phone=&#8221;11px|60px|11px|60px|true|true&#8221; custom_padding_last_edited=&#8221;on|phone&#8221; button_bg_color_tablet=&#8221;&#8221; button_bg_color_phone=&#8221;#1c377e&#8221; button_bg_color_last_edited=&#8221;on|phone&#8221; button_bg_enable_color_phone=&#8221;on&#8221; global_colors_info=&#8221;{}&#8221;][\/et_pb_button][et_pb_button button_url=&#8221;https:\/\/sejaunibras.com.br\/faculdade-unibras-santa-ines\/&#8221; url_new_window=&#8221;on&#8221; button_text=&#8221;Inscri\u00e7\u00e3o Vestibular&#8221; button_alignment=&#8221;center&#8221; _builder_version=&#8221;4.27.0&#8243; _module_preset=&#8221;default&#8221; custom_button=&#8221;on&#8221; button_text_size=&#8221;20px&#8221; button_bg_color=&#8221;#f5ab00&#8243; button_border_width=&#8221;1px&#8221; button_border_radius=&#8221;5px&#8221; button_icon=&#8221;&#x35;||divi||400&#8243; background_layout=&#8221;dark&#8221; custom_margin=&#8221;||9px|||&#8221; custom_padding=&#8221;11px|120px|11px|120px|true|true&#8221; custom_padding_tablet=&#8221;&#8221; custom_padding_phone=&#8221;11px|71px|11px|71px|true|true&#8221; custom_padding_last_edited=&#8221;on|phone&#8221; hover_enabled=&#8221;0&#8243; button_bg_color_tablet=&#8221;&#8221; button_bg_color_phone=&#8221;&#8221; button_bg_color_last_edited=&#8221;on|desktop&#8221; global_colors_info=&#8221;{}&#8221; sticky_enabled=&#8221;0&#8243;][\/et_pb_button][et_pb_button button_url=&#8221;https:\/\/faculdadeunibras.com.br\/santaines\/&#8221; url_new_window=&#8221;on&#8221; button_text=&#8221;Site Institucional&#8221; button_alignment=&#8221;center&#8221; _builder_version=&#8221;4.16&#8243; _module_preset=&#8221;default&#8221; custom_button=&#8221;on&#8221; button_text_size=&#8221;20px&#8221; button_bg_color=&#8221;#315785&#8243; button_bg_color_gradient_stops=&#8221;#7140ad 0%|#2c466a 100%&#8221; button_bg_color_gradient_start=&#8221;#7140ad&#8221; button_bg_color_gradient_end=&#8221;#2c466a&#8221; button_border_width=&#8221;1px&#8221; button_border_radius=&#8221;5px&#8221; button_icon=&#8221;&#x35;||divi||400&#8243; background_layout=&#8221;dark&#8221; custom_margin=&#8221;||7px||false|false&#8221; custom_padding=&#8221;11px|136px|11px|136px|true|true&#8221; custom_padding_tablet=&#8221;&#8221; custom_padding_phone=&#8221;11px|87px|11px|87px|true|true&#8221; custom_padding_last_edited=&#8221;on|phone&#8221; button_bg_color_tablet=&#8221;&#8221; button_bg_color_phone=&#8221;&#8221; button_bg_color_last_edited=&#8221;on|desktop&#8221; global_colors_info=&#8221;{}&#8221;][\/et_pb_button][et_pb_button button_url=&#8221;https:\/\/faculdadeunibras.com.br\/santaines\/inscricao\/pos-graduacao\/&#8221; url_new_window=&#8221;on&#8221; button_text=&#8221;Inscri\u00e7\u00e3o P\u00f3s-Gradu\u00e7\u00e3o&#8221; button_alignment=&#8221;center&#8221; disabled_on=&#8221;on|on|on&#8221; _builder_version=&#8221;4.21.0&#8243; _module_preset=&#8221;default&#8221; custom_button=&#8221;on&#8221; button_text_size=&#8221;20px&#8221; button_bg_color=&#8221;#315785&#8243; button_border_width=&#8221;1px&#8221; button_border_radius=&#8221;5px&#8221; button_icon=&#8221;&#x35;||divi||400&#8243; background_layout=&#8221;dark&#8221; custom_margin=&#8221;-2px||6px|||&#8221; custom_padding=&#8221;11px|97px|11px|97px|true|true&#8221; custom_padding_tablet=&#8221;&#8221; custom_padding_phone=&#8221;11px|49px|11px|49px|true|true&#8221; custom_padding_last_edited=&#8221;on|phone&#8221; button_bg_color_tablet=&#8221;&#8221; button_bg_color_phone=&#8221;&#8221; button_bg_color_last_edited=&#8221;on|desktop&#8221; disabled=&#8221;on&#8221; global_colors_info=&#8221;{}&#8221;][\/et_pb_button][et_pb_button button_url=&#8221;https:\/\/faculdadeunibras.com.br\/santaines\/wp-content\/uploads\/2023\/05\/passo-a-passo-rematricula-ecossistema-2023-2.pdf&#8221; url_new_window=&#8221;on&#8221; button_text=&#8221;Guia de rematr\u00edcula&#8221; button_alignment=&#8221;center&#8221; disabled_on=&#8221;on|on|on&#8221; _builder_version=&#8221;4.21.0&#8243; _module_preset=&#8221;default&#8221; custom_button=&#8221;on&#8221; button_text_size=&#8221;20px&#8221; button_bg_color=&#8221;#faa619&#8243; button_border_width=&#8221;1px&#8221; button_border_radius=&#8221;5px&#8221; button_icon=&#8221;&#x35;||divi||400&#8243; background_layout=&#8221;dark&#8221; custom_margin=&#8221;-2px||6px|||&#8221; custom_padding=&#8221;11px|119px|11px|119px|true|true&#8221; custom_padding_tablet=&#8221;&#8221; custom_padding_phone=&#8221;11px|71px|11px|71px|true|true&#8221; custom_padding_last_edited=&#8221;on|phone&#8221; button_bg_color_tablet=&#8221;&#8221; button_bg_color_phone=&#8221;&#8221; button_bg_color_last_edited=&#8221;on|desktop&#8221; disabled=&#8221;on&#8221; global_colors_info=&#8221;{}&#8221;][\/et_pb_button][et_pb_button button_url=&#8221;https:\/\/faculdadeunibras.com.br\/santaines\/graduacao\/&#8221; url_new_window=&#8221;on&#8221; button_text=&#8221;Conhe\u00e7a nossos Cursos&#8221; button_alignment=&#8221;center&#8221; disabled_on=&#8221;on|on|on&#8221; _builder_version=&#8221;4.21.0&#8243; _module_preset=&#8221;default&#8221; custom_button=&#8221;on&#8221; button_text_size=&#8221;20px&#8221; button_bg_color=&#8221;#2c466a&#8221; button_border_width=&#8221;1px&#8221; button_border_radius=&#8221;5px&#8221; button_icon=&#8221;&#x35;||divi||400&#8243; background_layout=&#8221;dark&#8221; custom_margin=&#8221;||6px|||&#8221; custom_padding=&#8221;11px|100px|11px|100px|true|true&#8221; custom_padding_tablet=&#8221;&#8221; custom_padding_phone=&#8221;11px|50px|11px|50px|true|true&#8221; custom_padding_last_edited=&#8221;on|phone&#8221; button_bg_color_tablet=&#8221;&#8221; button_bg_color_phone=&#8221;&#8221; button_bg_color_last_edited=&#8221;on|desktop&#8221; disabled=&#8221;on&#8221; global_colors_info=&#8221;{}&#8221;][\/et_pb_button][et_pb_button button_url=&#8221;https:\/\/faculdadeunibras.com.br\/santaines\/servicos\/biblioteca-virtual\/&#8221; url_new_window=&#8221;on&#8221; button_text=&#8221;Biblioteca Digital&#8221; button_alignment=&#8221;center&#8221; disabled_on=&#8221;on|on|on&#8221; _builder_version=&#8221;4.21.0&#8243; _module_preset=&#8221;default&#8221; custom_button=&#8221;on&#8221; button_text_size=&#8221;20px&#8221; button_bg_color=&#8221;#315785&#8243; button_border_width=&#8221;1px&#8221; button_border_radius=&#8221;5px&#8221; button_icon=&#8221;&#x35;||divi||400&#8243; background_layout=&#8221;dark&#8221; custom_margin=&#8221;||6px|||&#8221; custom_padding=&#8221;11px|136px|11px|136px|true|true&#8221; custom_padding_tablet=&#8221;&#8221; custom_padding_phone=&#8221;11px|87px|11px|87px|true|true&#8221; custom_padding_last_edited=&#8221;on|phone&#8221; disabled=&#8221;on&#8221; global_colors_info=&#8221;{}&#8221;][\/et_pb_button][et_pb_button button_url=&#8221;https:\/\/api.whatsapp.com\/send?phone=5598982299878&#038;text=Ol%C3%A1!%20Meu%20nome%20%C3%A9%20&#8243; url_new_window=&#8221;on&#8221; button_text=&#8221;Atendimento Comercial&#8221; button_alignment=&#8221;center&#8221; disabled_on=&#8221;on|on|on&#8221; _builder_version=&#8221;4.21.0&#8243; _module_preset=&#8221;default&#8221; custom_button=&#8221;on&#8221; button_text_size=&#8221;20px&#8221; button_bg_color=&#8221;#2c466a&#8221; button_border_width=&#8221;1px&#8221; button_border_radius=&#8221;5px&#8221; button_icon=&#8221;&#x35;||divi||400&#8243; background_layout=&#8221;dark&#8221; custom_margin=&#8221;||8px|||&#8221; custom_padding=&#8221;11px|100px|11px|100px|true|true&#8221; custom_padding_tablet=&#8221;&#8221; custom_padding_phone=&#8221;11px|52px|11px|52px|true|true&#8221; custom_padding_last_edited=&#8221;on|phone&#8221; disabled=&#8221;on&#8221; global_colors_info=&#8221;{}&#8221;][\/et_pb_button][et_pb_button button_url=&#8221;https:\/\/unibrassantaines.alunos.principia.net\/&#8221; url_new_window=&#8221;on&#8221; button_text=&#8221;Boleto On-line&#8221; button_alignment=&#8221;center&#8221; _builder_version=&#8221;4.21.0&#8243; _module_preset=&#8221;default&#8221; custom_button=&#8221;on&#8221; button_text_size=&#8221;20px&#8221; button_bg_color=&#8221;#2c466a&#8221; button_border_width=&#8221;1px&#8221; button_border_radius=&#8221;5px&#8221; button_icon=&#8221;&#x35;||divi||400&#8243; background_layout=&#8221;dark&#8221; custom_margin=&#8221;||8px|||&#8221; custom_padding=&#8221;11px|149px|11px|149px|true|true&#8221; custom_padding_tablet=&#8221;&#8221; custom_padding_phone=&#8221;11px|101px|11px|101px|true|true&#8221; custom_padding_last_edited=&#8221;on|phone&#8221; global_colors_info=&#8221;{}&#8221;][\/et_pb_button][et_pb_button button_url=&#8221;https:\/\/faculdadeunibras.com.br\/santaines\/central-de-atendimentos\/&#8221; url_new_window=&#8221;on&#8221; button_text=&#8221;Central de Atendimento&#8221; button_alignment=&#8221;center&#8221; _builder_version=&#8221;4.21.0&#8243; _module_preset=&#8221;default&#8221; custom_button=&#8221;on&#8221; button_text_size=&#8221;20px&#8221; button_bg_color=&#8221;#315785&#8243; button_border_width=&#8221;1px&#8221; button_border_radius=&#8221;5px&#8221; button_icon=&#8221;&#x35;||divi||400&#8243; background_layout=&#8221;dark&#8221; custom_margin=&#8221;||7px|||&#8221; custom_padding=&#8221;11px|99px|11px|99px|true|true&#8221; custom_padding_tablet=&#8221;&#8221; custom_padding_phone=&#8221;11px|52px|11px|52px|true|true&#8221; custom_padding_last_edited=&#8221;on|phone&#8221; global_colors_info=&#8221;{}&#8221;][\/et_pb_button][et_pb_button button_url=&#8221;https:\/\/teams.microsoft.com\/l\/meetup-join\/19%3ameeting_N2QyYmFjMjctNDc5OS00ODNlLWIwYjItZDUyOWJiMDExNDk0%40thread.v2\/0?context=%7b%22Tid%22%3a%22b9b1b573-6aa2-4e8b-9139-158fe1988c7f%22%2c%22Oid%22%3a%22ae0eb579-58e0-4fb5-9636-000a89422c55%22%7d&#8221; url_new_window=&#8221;on&#8221; button_text=&#8221;SALA DE ATENDIMENTO AO ESTUDANTE&#8221; button_alignment=&#8221;center&#8221; _builder_version=&#8221;4.21.0&#8243; _module_preset=&#8221;default&#8221; custom_button=&#8221;on&#8221; button_text_size=&#8221;20px&#8221; button_bg_color=&#8221;#1c377e&#8221; button_border_width=&#8221;1px&#8221; button_border_radius=&#8221;5px&#8221; button_icon=&#8221;&#x35;||divi||400&#8243; background_layout=&#8221;dark&#8221; custom_margin=&#8221;||9px|||&#8221; custom_padding=&#8221;11px|34px|11px|34px|true|true&#8221; custom_padding_tablet=&#8221;&#8221; custom_padding_phone=&#8221;11px|13px|11px|13px|true|true&#8221; custom_padding_last_edited=&#8221;on|phone&#8221; button_text_size_tablet=&#8221;20px&#8221; button_text_size_phone=&#8221;17px&#8221; button_text_size_last_edited=&#8221;on|desktop&#8221; button_bg_color_tablet=&#8221;&#8221; button_bg_color_phone=&#8221;#1c377e&#8221; button_bg_color_last_edited=&#8221;on|phone&#8221; button_bg_enable_color_phone=&#8221;on&#8221; global_colors_info=&#8221;{}&#8221;][\/et_pb_button][et_pb_text _builder_version=&#8221;4.21.0&#8243; _module_preset=&#8221;default&#8221; text_orientation=&#8221;center&#8221; global_colors_info=&#8221;{}&#8221;]<\/p>\n<p>Sala de atendimento ao estudante, <br \/>de 8h \u00e0s 22h (de segunda \u00e0 sexta-feira)<\/p>\n<p>[\/et_pb_text][et_pb_social_media_follow _builder_version=&#8221;4.21.0&#8243; _module_preset=&#8221;default&#8221; text_orientation=&#8221;center&#8221; global_colors_info=&#8221;{}&#8221;][et_pb_social_media_follow_network social_network=&#8221;instagram&#8221; url=&#8221;https:\/\/www.instagram.com\/unibras.santaines\/&#8221; _builder_version=&#8221;4.21.0&#8243; _module_preset=&#8221;default&#8221; background_color=&#8221;#ea2c59&#8243; global_colors_info=&#8221;{}&#8221; follow_button=&#8221;off&#8221; url_new_window=&#8221;on&#8221;]instagram[\/et_pb_social_media_follow_network][et_pb_social_media_follow_network social_network=&#8221;facebook&#8221; url=&#8221;https:\/\/www.facebook.com\/unibras.santaines?_rdc=1&#038;_rdr&#8221; _builder_version=&#8221;4.21.0&#8243; _module_preset=&#8221;default&#8221; background_color=&#8221;#3b5998&#8243; global_colors_info=&#8221;{}&#8221; follow_button=&#8221;off&#8221; url_new_window=&#8221;on&#8221;]facebook[\/et_pb_social_media_follow_network][et_pb_social_media_follow_network social_network=&#8221;linkedin&#8221; url=&#8221;https:\/\/www.linkedin.com\/company\/unibras-santaines\/&#8221; _builder_version=&#8221;4.21.0&#8243; _module_preset=&#8221;default&#8221; background_color=&#8221;#007bb6&#8243; global_colors_info=&#8221;{}&#8221; follow_button=&#8221;off&#8221; url_new_window=&#8221;on&#8221;]linkedin[\/et_pb_social_media_follow_network][et_pb_social_media_follow_network social_network=&#8221;youtube&#8221; url=&#8221;https:\/\/www.youtube.com\/@braseducacional&#8221; _builder_version=&#8221;4.21.0&#8243; _module_preset=&#8221;default&#8221; background_color=&#8221;#a82400&#8243; global_colors_info=&#8221;{}&#8221; follow_button=&#8221;off&#8221; url_new_window=&#8221;on&#8221;]youtube[\/et_pb_social_media_follow_network][et_pb_social_media_follow_network social_network=&#8221;google&#8221; url=&#8221;https:\/\/maps.app.goo.gl\/Wf1Vv5AKWTHQGuxr8&#8243; _builder_version=&#8221;4.21.0&#8243; _module_preset=&#8221;default&#8221; background_color=&#8221;#4285f4&#8243; global_colors_info=&#8221;{}&#8221; follow_button=&#8221;off&#8221; url_new_window=&#8221;on&#8221;]google[\/et_pb_social_media_follow_network][\/et_pb_social_media_follow][et_pb_button button_url=&#8221;https:\/\/faculdadeunibras.com.br\/santaines\/blog\/&#8221; url_new_window=&#8221;on&#8221; button_text=&#8221;Blog&#8221; button_alignment=&#8221;center&#8221; disabled_on=&#8221;on|on|on&#8221; _builder_version=&#8221;4.21.0&#8243; _module_preset=&#8221;default&#8221; custom_button=&#8221;on&#8221; button_text_size=&#8221;20px&#8221; button_bg_color=&#8221;#2c466a&#8221; button_border_width=&#8221;1px&#8221; button_border_radius=&#8221;5px&#8221; button_icon=&#8221;&#x35;||divi||400&#8243; background_layout=&#8221;dark&#8221; custom_margin=&#8221;||8px|||&#8221; custom_padding=&#8221;11px|201px|11px|201px|true|true&#8221; custom_padding_tablet=&#8221;&#8221; custom_padding_phone=&#8221;11px|151px|11px|151px|true|true&#8221; custom_padding_last_edited=&#8221;on|phone&#8221; disabled=&#8221;on&#8221; global_colors_info=&#8221;{}&#8221;][\/et_pb_button][\/et_pb_column][\/et_pb_row][\/et_pb_section]<\/p>\n","protected":false},"excerpt":{"rendered":"<p>Sala de atendimento ao estudante, de 8h \u00e0s 22h (de segunda \u00e0 sexta-feira)<\/p>\n","protected":false},"author":1,"featured_media":0,"parent":0,"menu_order":0,"comment_status":"closed","ping_status":"closed","template":"page-template-blank.php","meta":{"_et_pb_use_builder":"on","_et_pb_old_content":"","_et_gb_content_width":"","footnotes":""},"class_list":["post-238923","page","type-page","status-publish","hentry"],"yoast_head":"<!-- This site is optimized with the Yoast SEO plugin v23.2 - https:\/\/yoast.com\/wordpress\/plugins\/seo\/ -->\n<title>Bio - Faculdade UniBRAS<\/title>\n<meta name=\"robots\" content=\"index, follow, max-snippet:-1, max-image-preview:large, max-video-preview:-1\" \/>\n<link rel=\"canonical\" href=\"https:\/\/faculdadeunibras.com.br\/santaines\/bio\/\" \/>\n<meta property=\"og:locale\" content=\"pt_BR\" \/>\n<meta property=\"og:type\" content=\"article\" \/>\n<meta property=\"og:title\" content=\"Bio - Faculdade UniBRAS\" \/>\n<meta property=\"og:description\" content=\"Sala de atendimento ao estudante, de 8h \u00e0s 22h (de segunda \u00e0 sexta-feira)\" \/>\n<meta property=\"og:url\" content=\"https:\/\/faculdadeunibras.com.br\/santaines\/bio\/\" \/>\n<meta property=\"og:site_name\" content=\"Faculdade UniBRAS\" \/>\n<meta property=\"article:modified_time\" content=\"2024-11-14T20:17:39+00:00\" \/>\n<meta name=\"twitter:card\" content=\"summary_large_image\" \/>\n<meta name=\"twitter:label1\" content=\"Est. tempo de leitura\" \/>\n\t<meta name=\"twitter:data1\" content=\"10 minutos\" \/>\n<script type=\"application\/ld+json\" class=\"yoast-schema-graph\">{\"@context\":\"https:\/\/schema.org\",\"@graph\":[{\"@type\":\"WebPage\",\"@id\":\"https:\/\/faculdadeunibras.com.br\/santaines\/bio\/\",\"url\":\"https:\/\/faculdadeunibras.com.br\/santaines\/bio\/\",\"name\":\"Bio - Faculdade UniBRAS\",\"isPartOf\":{\"@id\":\"https:\/\/faculdadeunibras.com.br\/santaines\/#website\"},\"datePublished\":\"2021-03-18T14:03:51+00:00\",\"dateModified\":\"2024-11-14T20:17:39+00:00\",\"breadcrumb\":{\"@id\":\"https:\/\/faculdadeunibras.com.br\/santaines\/bio\/#breadcrumb\"},\"inLanguage\":\"pt-BR\",\"potentialAction\":[{\"@type\":\"ReadAction\",\"target\":[\"https:\/\/faculdadeunibras.com.br\/santaines\/bio\/\"]}]},{\"@type\":\"BreadcrumbList\",\"@id\":\"https:\/\/faculdadeunibras.com.br\/santaines\/bio\/#breadcrumb\",\"itemListElement\":[{\"@type\":\"ListItem\",\"position\":1,\"name\":\"In\u00edcio\",\"item\":\"https:\/\/faculdadeunibras.com.br\/santaines\/\"},{\"@type\":\"ListItem\",\"position\":2,\"name\":\"Bio\"}]},{\"@type\":\"WebSite\",\"@id\":\"https:\/\/faculdadeunibras.com.br\/santaines\/#website\",\"url\":\"https:\/\/faculdadeunibras.com.br\/santaines\/\",\"name\":\"Faculdade UniBRAS\",\"description\":\"Santa In\u00eas\",\"potentialAction\":[{\"@type\":\"SearchAction\",\"target\":{\"@type\":\"EntryPoint\",\"urlTemplate\":\"https:\/\/faculdadeunibras.com.br\/santaines\/?s={search_term_string}\"},\"query-input\":\"required name=search_term_string\"}],\"inLanguage\":\"pt-BR\"}]}<\/script>\n<!-- \/ Yoast SEO plugin. -->","yoast_head_json":{"title":"Bio - Faculdade UniBRAS","robots":{"index":"index","follow":"follow","max-snippet":"max-snippet:-1","max-image-preview":"max-image-preview:large","max-video-preview":"max-video-preview:-1"},"canonical":"https:\/\/faculdadeunibras.com.br\/santaines\/bio\/","og_locale":"pt_BR","og_type":"article","og_title":"Bio - Faculdade UniBRAS","og_description":"Sala de atendimento ao estudante, de 8h \u00e0s 22h (de segunda \u00e0 sexta-feira)","og_url":"https:\/\/faculdadeunibras.com.br\/santaines\/bio\/","og_site_name":"Faculdade UniBRAS","article_modified_time":"2024-11-14T20:17:39+00:00","twitter_card":"summary_large_image","twitter_misc":{"Est. tempo de leitura":"10 minutos"},"schema":{"@context":"https:\/\/schema.org","@graph":[{"@type":"WebPage","@id":"https:\/\/faculdadeunibras.com.br\/santaines\/bio\/","url":"https:\/\/faculdadeunibras.com.br\/santaines\/bio\/","name":"Bio - Faculdade UniBRAS","isPartOf":{"@id":"https:\/\/faculdadeunibras.com.br\/santaines\/#website"},"datePublished":"2021-03-18T14:03:51+00:00","dateModified":"2024-11-14T20:17:39+00:00","breadcrumb":{"@id":"https:\/\/faculdadeunibras.com.br\/santaines\/bio\/#breadcrumb"},"inLanguage":"pt-BR","potentialAction":[{"@type":"ReadAction","target":["https:\/\/faculdadeunibras.com.br\/santaines\/bio\/"]}]},{"@type":"BreadcrumbList","@id":"https:\/\/faculdadeunibras.com.br\/santaines\/bio\/#breadcrumb","itemListElement":[{"@type":"ListItem","position":1,"name":"In\u00edcio","item":"https:\/\/faculdadeunibras.com.br\/santaines\/"},{"@type":"ListItem","position":2,"name":"Bio"}]},{"@type":"WebSite","@id":"https:\/\/faculdadeunibras.com.br\/santaines\/#website","url":"https:\/\/faculdadeunibras.com.br\/santaines\/","name":"Faculdade UniBRAS","description":"Santa In\u00eas","potentialAction":[{"@type":"SearchAction","target":{"@type":"EntryPoint","urlTemplate":"https:\/\/faculdadeunibras.com.br\/santaines\/?s={search_term_string}"},"query-input":"required name=search_term_string"}],"inLanguage":"pt-BR"}]}},"_links":{"self":[{"href":"https:\/\/faculdadeunibras.com.br\/santaines\/wp-json\/wp\/v2\/pages\/238923","targetHints":{"allow":["GET"]}}],"collection":[{"href":"https:\/\/faculdadeunibras.com.br\/santaines\/wp-json\/wp\/v2\/pages"}],"about":[{"href":"https:\/\/faculdadeunibras.com.br\/santaines\/wp-json\/wp\/v2\/types\/page"}],"author":[{"embeddable":true,"href":"https:\/\/faculdadeunibras.com.br\/santaines\/wp-json\/wp\/v2\/users\/1"}],"replies":[{"embeddable":true,"href":"https:\/\/faculdadeunibras.com.br\/santaines\/wp-json\/wp\/v2\/comments?post=238923"}],"version-history":[{"count":23,"href":"https:\/\/faculdadeunibras.com.br\/santaines\/wp-json\/wp\/v2\/pages\/238923\/revisions"}],"predecessor-version":[{"id":992586,"href":"https:\/\/faculdadeunibras.com.br\/santaines\/wp-json\/wp\/v2\/pages\/238923\/revisions\/992586"}],"wp:attachment":[{"href":"https:\/\/faculdadeunibras.com.br\/santaines\/wp-json\/wp\/v2\/media?parent=238923"}],"curies":[{"name":"wp","href":"https:\/\/api.w.org\/{rel}","templated":true}]}}