{"id":7586,"date":"2019-11-06T20:29:28","date_gmt":"2019-11-06T20:29:28","guid":{"rendered":"http:\/\/faculdadesantaines.com.br\/?p=7586"},"modified":"2023-04-24T11:46:47","modified_gmt":"2023-04-24T14:46:47","slug":"informacoes-academicas","status":"publish","type":"page","link":"https:\/\/faculdadeunibras.com.br\/santaines\/informacoes-academicas\/","title":{"rendered":"Informa\u00e7\u00f5es Acad\u00e9micas"},"content":{"rendered":"[et_pb_section fb_built=&#8221;1&#8243; _builder_version=&#8221;4.16&#8243; custom_padding=&#8221;13px||8px|||&#8221; global_colors_info=&#8221;{}&#8221; theme_builder_area=&#8221;post_content&#8221; da_is_popup=&#8221;off&#8221; da_exit_intent=&#8221;off&#8221; da_has_close=&#8221;on&#8221; da_alt_close=&#8221;off&#8221; da_dark_close=&#8221;off&#8221; da_not_modal=&#8221;on&#8221; da_is_singular=&#8221;off&#8221; da_with_loader=&#8221;off&#8221; da_has_shadow=&#8221;on&#8221; da_disable_devices=&#8221;off|off|off&#8221;][et_pb_row _builder_version=&#8221;4.16&#8243; width=&#8221;90%&#8221; custom_padding=&#8221;||11px|||&#8221; global_colors_info=&#8221;{}&#8221; theme_builder_area=&#8221;post_content&#8221;][et_pb_column type=&#8221;4_4&#8243; _builder_version=&#8221;4.16&#8243; global_colors_info=&#8221;{}&#8221; theme_builder_area=&#8221;post_content&#8221;][et_pb_text _builder_version=&#8221;4.16&#8243; min_height=&#8221;38px&#8221; border_width_bottom=&#8221;2px&#8221; border_color_bottom=&#8221;#f5ab00&#8243; global_colors_info=&#8221;{}&#8221; theme_builder_area=&#8221;post_content&#8221;]<h1 style=\"font-size: 25px; text-align: left;\"><strong><span color=\"#003461\" style=\"color: #003461;\">INFORMA\u00c7\u00d5ES ACAD\u00caMICAS<\/span><\/strong><\/h1>[\/et_pb_text][\/et_pb_column][\/et_pb_row][\/et_pb_section][et_pb_section fb_built=&#8221;1&#8243; _builder_version=&#8221;4.16&#8243; custom_padding=&#8221;40px||127px|||&#8221; global_colors_info=&#8221;{}&#8221; theme_builder_area=&#8221;post_content&#8221; da_is_popup=&#8221;off&#8221; da_exit_intent=&#8221;off&#8221; da_has_close=&#8221;on&#8221; da_alt_close=&#8221;off&#8221; da_dark_close=&#8221;off&#8221; da_not_modal=&#8221;on&#8221; da_is_singular=&#8221;off&#8221; da_with_loader=&#8221;off&#8221; da_has_shadow=&#8221;on&#8221; da_disable_devices=&#8221;off|off|off&#8221;][et_pb_row _builder_version=&#8221;4.16&#8243; background_size=&#8221;initial&#8221; background_position=&#8221;top_left&#8221; background_repeat=&#8221;repeat&#8221; global_colors_info=&#8221;{}&#8221; theme_builder_area=&#8221;post_content&#8221;][et_pb_column type=&#8221;4_4&#8243; _builder_version=&#8221;4.16&#8243; custom_padding=&#8221;|||&#8221; global_colors_info=&#8221;{}&#8221; custom_padding__hover=&#8221;|||&#8221; theme_builder_area=&#8221;post_content&#8221;][et_pb_text _builder_version=&#8221;4.20.4&#8243; background_size=&#8221;initial&#8221; background_position=&#8221;top_left&#8221; background_repeat=&#8221;repeat&#8221; hover_enabled=&#8221;0&#8243; global_colors_info=&#8221;{}&#8221; theme_builder_area=&#8221;post_content&#8221; sticky_enabled=&#8221;0&#8243;]<p><!--themify_builder_static--><strong>Telefone de Contato da Secretaria<\/strong><br \/><strong>(98) 3042-2300<\/strong><\/p>\n<p><strong>E-mail:<br \/><a href=\"mailto:secretaria.santaines@brasiliaeducacional.com.br\">secretaria.santaines@brasiliaeducacional.com.br<\/a><br \/><\/strong><\/p>\n<p><!--\/themify_builder_static--><\/p>[\/et_pb_text][\/et_pb_column][\/et_pb_row][\/et_pb_section]","protected":false},"excerpt":{"rendered":"<p>INFORMA\u00c7\u00d5ES ACAD\u00caMICASTelefone de Contato da Secretaria(98) 3042-2300 E-mail:secretaria.santaines@brasiliaeducacional.com.br<\/p>\n","protected":false},"author":1,"featured_media":7803,"parent":0,"menu_order":0,"comment_status":"open","ping_status":"open","template":"","meta":{"_et_pb_use_builder":"on","_et_pb_old_content":"<!-- wp:themify-builder\/canvas \/--><!--themify_builder_static--><p><strong>Telefone de Contato da Secretaria<\/strong><br \/><strong>(98) 3042-2300<\/strong><\/p> <p><strong>E-mail:<br \/>secretaria@faculdadesantaines.com.br<\/strong><\/p><!--\/themify_builder_static-->","_et_gb_content_width":"","footnotes":""},"class_list":["post-7586","page","type-page","status-publish","has-post-thumbnail","hentry"],"yoast_head":"<!-- This site is optimized with the Yoast SEO plugin v23.2 - https:\/\/yoast.com\/wordpress\/plugins\/seo\/ -->\n<title>Informa\u00e7\u00f5es Acad\u00e9micas - Faculdade UniBRAS<\/title>\n<meta name=\"robots\" content=\"index, follow, max-snippet:-1, max-image-preview:large, max-video-preview:-1\" \/>\n<link rel=\"canonical\" href=\"https:\/\/faculdadeunibras.com.br\/santaines\/informacoes-academicas\/\" \/>\n<meta property=\"og:locale\" content=\"pt_BR\" \/>\n<meta property=\"og:type\" content=\"article\" \/>\n<meta property=\"og:title\" content=\"Informa\u00e7\u00f5es Acad\u00e9micas - Faculdade UniBRAS\" \/>\n<meta property=\"og:description\" content=\"INFORMA\u00c7\u00d5ES ACAD\u00caMICASTelefone de Contato da Secretaria(98) 3042-2300 E-mail:secretaria.santaines@brasiliaeducacional.com.br\" \/>\n<meta property=\"og:url\" content=\"https:\/\/faculdadeunibras.com.br\/santaines\/informacoes-academicas\/\" \/>\n<meta property=\"og:site_name\" content=\"Faculdade UniBRAS\" \/>\n<meta property=\"article:modified_time\" content=\"2023-04-24T14:46:47+00:00\" \/>\n<meta property=\"og:image\" content=\"https:\/\/faculdadeunibras.com.br\/santaines\/wp-content\/uploads\/2019\/11\/UniBras-santa-ines.png\" \/>\n\t<meta property=\"og:image:width\" content=\"920\" \/>\n\t<meta property=\"og:image:height\" content=\"573\" \/>\n\t<meta property=\"og:image:type\" content=\"image\/png\" \/>\n<meta name=\"twitter:card\" content=\"summary_large_image\" \/>\n<meta name=\"twitter:label1\" content=\"Est. tempo de leitura\" \/>\n\t<meta name=\"twitter:data1\" content=\"1 minuto\" \/>\n<script type=\"application\/ld+json\" class=\"yoast-schema-graph\">{\"@context\":\"https:\/\/schema.org\",\"@graph\":[{\"@type\":\"WebPage\",\"@id\":\"https:\/\/faculdadeunibras.com.br\/santaines\/informacoes-academicas\/\",\"url\":\"https:\/\/faculdadeunibras.com.br\/santaines\/informacoes-academicas\/\",\"name\":\"Informa\u00e7\u00f5es Acad\u00e9micas - Faculdade UniBRAS\",\"isPartOf\":{\"@id\":\"https:\/\/faculdadeunibras.com.br\/santaines\/#website\"},\"primaryImageOfPage\":{\"@id\":\"https:\/\/faculdadeunibras.com.br\/santaines\/informacoes-academicas\/#primaryimage\"},\"image\":{\"@id\":\"https:\/\/faculdadeunibras.com.br\/santaines\/informacoes-academicas\/#primaryimage\"},\"thumbnailUrl\":\"https:\/\/faculdadeunibras.com.br\/santaines\/wp-content\/uploads\/2019\/11\/UniBras-santa-ines.png\",\"datePublished\":\"2019-11-06T20:29:28+00:00\",\"dateModified\":\"2023-04-24T14:46:47+00:00\",\"breadcrumb\":{\"@id\":\"https:\/\/faculdadeunibras.com.br\/santaines\/informacoes-academicas\/#breadcrumb\"},\"inLanguage\":\"pt-BR\",\"potentialAction\":[{\"@type\":\"ReadAction\",\"target\":[\"https:\/\/faculdadeunibras.com.br\/santaines\/informacoes-academicas\/\"]}]},{\"@type\":\"ImageObject\",\"inLanguage\":\"pt-BR\",\"@id\":\"https:\/\/faculdadeunibras.com.br\/santaines\/informacoes-academicas\/#primaryimage\",\"url\":\"https:\/\/faculdadeunibras.com.br\/santaines\/wp-content\/uploads\/2019\/11\/UniBras-santa-ines.png\",\"contentUrl\":\"https:\/\/faculdadeunibras.com.br\/santaines\/wp-content\/uploads\/2019\/11\/UniBras-santa-ines.png\",\"width\":920,\"height\":573},{\"@type\":\"BreadcrumbList\",\"@id\":\"https:\/\/faculdadeunibras.com.br\/santaines\/informacoes-academicas\/#breadcrumb\",\"itemListElement\":[{\"@type\":\"ListItem\",\"position\":1,\"name\":\"In\u00edcio\",\"item\":\"https:\/\/faculdadeunibras.com.br\/santaines\/\"},{\"@type\":\"ListItem\",\"position\":2,\"name\":\"Informa\u00e7\u00f5es Acad\u00e9micas\"}]},{\"@type\":\"WebSite\",\"@id\":\"https:\/\/faculdadeunibras.com.br\/santaines\/#website\",\"url\":\"https:\/\/faculdadeunibras.com.br\/santaines\/\",\"name\":\"Faculdade UniBRAS\",\"description\":\"Santa In\u00eas\",\"potentialAction\":[{\"@type\":\"SearchAction\",\"target\":{\"@type\":\"EntryPoint\",\"urlTemplate\":\"https:\/\/faculdadeunibras.com.br\/santaines\/?s={search_term_string}\"},\"query-input\":\"required name=search_term_string\"}],\"inLanguage\":\"pt-BR\"}]}<\/script>\n<!-- \/ Yoast SEO plugin. -->","yoast_head_json":{"title":"Informa\u00e7\u00f5es Acad\u00e9micas - Faculdade UniBRAS","robots":{"index":"index","follow":"follow","max-snippet":"max-snippet:-1","max-image-preview":"max-image-preview:large","max-video-preview":"max-video-preview:-1"},"canonical":"https:\/\/faculdadeunibras.com.br\/santaines\/informacoes-academicas\/","og_locale":"pt_BR","og_type":"article","og_title":"Informa\u00e7\u00f5es Acad\u00e9micas - Faculdade UniBRAS","og_description":"INFORMA\u00c7\u00d5ES ACAD\u00caMICASTelefone de Contato da Secretaria(98) 3042-2300 E-mail:secretaria.santaines@brasiliaeducacional.com.br","og_url":"https:\/\/faculdadeunibras.com.br\/santaines\/informacoes-academicas\/","og_site_name":"Faculdade UniBRAS","article_modified_time":"2023-04-24T14:46:47+00:00","og_image":[{"width":920,"height":573,"url":"https:\/\/faculdadeunibras.com.br\/santaines\/wp-content\/uploads\/2019\/11\/UniBras-santa-ines.png","type":"image\/png"}],"twitter_card":"summary_large_image","twitter_misc":{"Est. tempo de leitura":"1 minuto"},"schema":{"@context":"https:\/\/schema.org","@graph":[{"@type":"WebPage","@id":"https:\/\/faculdadeunibras.com.br\/santaines\/informacoes-academicas\/","url":"https:\/\/faculdadeunibras.com.br\/santaines\/informacoes-academicas\/","name":"Informa\u00e7\u00f5es Acad\u00e9micas - Faculdade UniBRAS","isPartOf":{"@id":"https:\/\/faculdadeunibras.com.br\/santaines\/#website"},"primaryImageOfPage":{"@id":"https:\/\/faculdadeunibras.com.br\/santaines\/informacoes-academicas\/#primaryimage"},"image":{"@id":"https:\/\/faculdadeunibras.com.br\/santaines\/informacoes-academicas\/#primaryimage"},"thumbnailUrl":"https:\/\/faculdadeunibras.com.br\/santaines\/wp-content\/uploads\/2019\/11\/UniBras-santa-ines.png","datePublished":"2019-11-06T20:29:28+00:00","dateModified":"2023-04-24T14:46:47+00:00","breadcrumb":{"@id":"https:\/\/faculdadeunibras.com.br\/santaines\/informacoes-academicas\/#breadcrumb"},"inLanguage":"pt-BR","potentialAction":[{"@type":"ReadAction","target":["https:\/\/faculdadeunibras.com.br\/santaines\/informacoes-academicas\/"]}]},{"@type":"ImageObject","inLanguage":"pt-BR","@id":"https:\/\/faculdadeunibras.com.br\/santaines\/informacoes-academicas\/#primaryimage","url":"https:\/\/faculdadeunibras.com.br\/santaines\/wp-content\/uploads\/2019\/11\/UniBras-santa-ines.png","contentUrl":"https:\/\/faculdadeunibras.com.br\/santaines\/wp-content\/uploads\/2019\/11\/UniBras-santa-ines.png","width":920,"height":573},{"@type":"BreadcrumbList","@id":"https:\/\/faculdadeunibras.com.br\/santaines\/informacoes-academicas\/#breadcrumb","itemListElement":[{"@type":"ListItem","position":1,"name":"In\u00edcio","item":"https:\/\/faculdadeunibras.com.br\/santaines\/"},{"@type":"ListItem","position":2,"name":"Informa\u00e7\u00f5es Acad\u00e9micas"}]},{"@type":"WebSite","@id":"https:\/\/faculdadeunibras.com.br\/santaines\/#website","url":"https:\/\/faculdadeunibras.com.br\/santaines\/","name":"Faculdade UniBRAS","description":"Santa In\u00eas","potentialAction":[{"@type":"SearchAction","target":{"@type":"EntryPoint","urlTemplate":"https:\/\/faculdadeunibras.com.br\/santaines\/?s={search_term_string}"},"query-input":"required name=search_term_string"}],"inLanguage":"pt-BR"}]}},"_links":{"self":[{"href":"https:\/\/faculdadeunibras.com.br\/santaines\/wp-json\/wp\/v2\/pages\/7586","targetHints":{"allow":["GET"]}}],"collection":[{"href":"https:\/\/faculdadeunibras.com.br\/santaines\/wp-json\/wp\/v2\/pages"}],"about":[{"href":"https:\/\/faculdadeunibras.com.br\/santaines\/wp-json\/wp\/v2\/types\/page"}],"author":[{"embeddable":true,"href":"https:\/\/faculdadeunibras.com.br\/santaines\/wp-json\/wp\/v2\/users\/1"}],"replies":[{"embeddable":true,"href":"https:\/\/faculdadeunibras.com.br\/santaines\/wp-json\/wp\/v2\/comments?post=7586"}],"version-history":[{"count":7,"href":"https:\/\/faculdadeunibras.com.br\/santaines\/wp-json\/wp\/v2\/pages\/7586\/revisions"}],"predecessor-version":[{"id":340978,"href":"https:\/\/faculdadeunibras.com.br\/santaines\/wp-json\/wp\/v2\/pages\/7586\/revisions\/340978"}],"wp:featuredmedia":[{"embeddable":true,"href":"https:\/\/faculdadeunibras.com.br\/santaines\/wp-json\/wp\/v2\/media\/7803"}],"wp:attachment":[{"href":"https:\/\/faculdadeunibras.com.br\/santaines\/wp-json\/wp\/v2\/media?parent=7586"}],"curies":[{"name":"wp","href":"https:\/\/api.w.org\/{rel}","templated":true}]}}